{"id":932,"date":"2018-05-28T11:11:24","date_gmt":"2018-05-28T09:11:24","guid":{"rendered":"http:\/\/partycypacjaobywatelska.pl\/forum-2018\/?page_id=932"},"modified":"2018-06-06T12:09:40","modified_gmt":"2018-06-06T10:09:40","slug":"partycypacja-w-duzych-procesach-inwestycyjnych","status":"publish","type":"page","link":"https:\/\/partycypacjaobywatelska.pl\/forum-2018\/partycypacja-w-duzych-procesach-inwestycyjnych\/","title":{"rendered":"Partycypacja w du\u017cych procesach inwestycyjnych"},"content":{"rendered":"<h4><strong>Prowadzenie:<\/strong><\/h4>\n<p>Grzegorz Pronobis,\u00a0PRONOBIS STUDIO<\/p>\n<h4><strong>Wyst\u0105pienia:<\/strong><\/h4>\n<p>Sylwia Widzisz-Pronobis,\u00a0PRONOBIS STUDIO<br \/>\nMonika Arczy\u0144ska,\u00a0A2P2 Architecture &amp; Planning<br \/>\n\u0141ukasz Pancewicz,\u00a0A2P2 Architecture &amp; Planning<br \/>\nCezary Ulasi\u0144ski,\u00a0Centrum Doradztwa Strategicznego<\/p>\n<h4><strong>Termin:<\/strong><\/h4>\n<p>1. dzie\u0144 Forum (11 czerwca, poniedzia\u0142ek), godz. 14.00-15.15<\/p>\n<h4><strong>Miejsce:<\/strong><\/h4>\n<p>pi\u0119tro -1, sala C<\/p>\n<h4><strong>Formu\u0142a:\u00a0<\/strong><\/h4>\n<p>kalejdoskop<\/p>\n<h4><strong>Opis:<\/strong><\/h4>\n<p>Kalejdoskop b\u0119dzie okazj\u0105 do zaprezentowania przyk\u0142ad\u00f3w partycypacyjnych dzia\u0142a\u0144 prowadz\u0105cych do zmian w przestrzeni miejskich. Prezentacje przyk\u0142ad\u00f3w z ca\u0142ej Polski maj\u0105 pokaza\u0107 r\u00f3\u017cnorodno\u015b\u0107 metod w\u0142\u0105czania partycypacyjnego i efekty, jakie daje partycypacyjne projektowanie z mieszka\u0144cami.<\/p>\n<p><span style=\"font-weight: 400\">Sylwia Widzisz-Pronobis\u00a0opowie o p<\/span><span style=\"font-weight: 400\">rojektowaniu \u015br\u00f3dmie\u015bcia D\u0105browy G\u00f3rniczej przy wsp\u00f3\u0142udziale lokalnej spo\u0142eczno\u015bci.\u00a0<\/span><span style=\"font-weight: 400\">Monika Arczy\u0144ska i \u0141ukasz Pancewicz\u00a0przybli\u017c\u0105 proces\u00a0<\/span><span style=\"font-weight: 400\">wypracowywania wytycznych dla przekszta\u0142ce\u0144 ulicy\u00a0Starowiejskiej w Gdyni.\u00a0<\/span><span style=\"font-weight: 400\">Cezary Ulasi\u0144ski stre\u015bci p<\/span><span style=\"font-weight: 400\">roces konsultacyjny dotycz\u0105cy funkcjonalno\u015bci domu wsparcia dla Powsta\u0144c\u00f3w Warszawskich.<\/span><\/p>\n<p><span style=\"font-weight: 400\">Sesja ma zainspirowa\u0107 do krytycznego my\u015blenia o dzia\u0142aniach w\u0142\u0105czaj\u0105cych do projektowania przestrzeni miejskiej, publicznej i p\u00f3\u0142prywatnej. Wybrane zosta\u0142y projekty, kt\u00f3re stanowi\u0142y du\u017ce wyzwania ze wzgl\u0119du na zaanga\u017cowanie spo\u0142eczne. Liczymy na udzia\u0142 w sesji inicjator\u00f3w projekt\u00f3w, urz\u0119dnik\u00f3w prowadz\u0105cych inwestycje z udzia\u0142em spo\u0142eczno\u015bci lokalnych i realizator\u00f3w projekt\u00f3w w\u0142\u0105czaj\u0105cych mieszka\u0144c\u00f3w.<\/span><\/p>\n","protected":false},"excerpt":{"rendered":"<p>Prowadzenie: Grzegorz Pronobis,\u00a0PRONOBIS STUDIO Wyst\u0105pienia: Sylwia Widzisz-Pronobis,\u00a0PRONOBIS STUDIO Monika Arczy\u0144ska,\u00a0A2P2 Architecture &amp; Planning \u0141ukasz Pancewicz,\u00a0A2P2 Architecture &amp; Planning Cezary Ulasi\u0144ski,\u00a0Centrum Doradztwa Strategicznego Termin: 1. dzie\u0144 Forum (11 czerwca, poniedzia\u0142ek), godz. 14.00-15.15 Miejsce: pi\u0119tro -1, sala C Formu\u0142a:\u00a0 kalejdoskop Opis: Kalejdoskop b\u0119dzie okazj\u0105 do zaprezentowania przyk\u0142ad\u00f3w partycypacyjnych dzia\u0142a\u0144 prowadz\u0105cych do zmian w przestrzeni miejskich. Prezentacje przyk\u0142ad\u00f3w [&hellip;]<\/p>\n","protected":false},"author":141,"featured_media":0,"parent":0,"menu_order":0,"comment_status":"open","ping_status":"open","template":"template-forum_praktykow.php","meta":[],"_links":{"self":[{"href":"https:\/\/partycypacjaobywatelska.pl\/forum-2018\/wp-json\/wp\/v2\/pages\/932"}],"collection":[{"href":"https:\/\/partycypacjaobywatelska.pl\/forum-2018\/wp-json\/wp\/v2\/pages"}],"about":[{"href":"https:\/\/partycypacjaobywatelska.pl\/forum-2018\/wp-json\/wp\/v2\/types\/page"}],"author":[{"embeddable":true,"href":"https:\/\/partycypacjaobywatelska.pl\/forum-2018\/wp-json\/wp\/v2\/users\/141"}],"replies":[{"embeddable":true,"href":"https:\/\/partycypacjaobywatelska.pl\/forum-2018\/wp-json\/wp\/v2\/comments?post=932"}],"version-history":[{"count":5,"href":"https:\/\/partycypacjaobywatelska.pl\/forum-2018\/wp-json\/wp\/v2\/pages\/932\/revisions"}],"predecessor-version":[{"id":1262,"href":"https:\/\/partycypacjaobywatelska.pl\/forum-2018\/wp-json\/wp\/v2\/pages\/932\/revisions\/1262"}],"wp:attachment":[{"href":"https:\/\/partycypacjaobywatelska.pl\/forum-2018\/wp-json\/wp\/v2\/media?parent=932"}],"curies":[{"name":"wp","href":"https:\/\/api.w.org\/{rel}","templated":true}]}}