{"id":929,"date":"2018-05-28T11:08:03","date_gmt":"2018-05-28T09:08:03","guid":{"rendered":"http:\/\/partycypacjaobywatelska.pl\/forum-2018\/?page_id=929"},"modified":"2018-06-20T13:41:06","modified_gmt":"2018-06-20T11:41:06","slug":"dzialania-lokalne-i-sasiedzkie-w-miescie-czyli-rzecz-o-budowaniu-wspolnot-nie-tylko-mieszkaniowych","status":"publish","type":"page","link":"https:\/\/partycypacjaobywatelska.pl\/forum-2018\/dzialania-lokalne-i-sasiedzkie-w-miescie-czyli-rzecz-o-budowaniu-wspolnot-nie-tylko-mieszkaniowych\/","title":{"rendered":"Dzia\u0142ania lokalne i s\u0105siedzkie w mie\u015bcie &#8211; czyli rzecz o budowaniu wsp\u00f3lnot, nie tylko mieszkaniowych"},"content":{"rendered":"<h4><strong>Prowadzenie:<\/strong><\/h4>\n<p>Rados\u0142aw Pu\u015bko, Instytut Dzia\u0142a\u0144 Miejskich \/ Kongres Ruch\u00f3w Miejskich<\/p>\n<h4><strong>Wyst\u0105pienia:<\/strong><\/h4>\n<p>Urszula Engelmayer,\u00a0Towarzystwo Inicjatyw Tw\u00f3rczych \u201e\u0119\u201d<br \/>\nOla Markowska, Laboratorium Innowacji Spo\u0142ecznych\u00a0w Gdyni<br \/>\nRados\u0142aw Pu\u015bko, Instytut Dzia\u0142a\u0144 Miejskich \/ Kongres Ruch\u00f3w Miejskich<\/p>\n<h4><strong>Termin:<\/strong><\/h4>\n<p>1. dzie\u0144 Forum (11 czerwca, poniedzia\u0142ek), godz. 14.00-15.15<\/p>\n<h4><strong>Miejsce:<\/strong><\/h4>\n<p>pi\u0119tro 0, sala E<\/p>\n<h4><strong>Formu\u0142a:\u00a0<\/strong><\/h4>\n<p>kalejdoskop<\/p>\n<h4><strong>Opis:<\/strong><\/h4>\n<p>W tym bloku kalejdoskopu b\u0119dzie mo\u017cna us\u0142ysze\u0107 i oczywi\u015bcie porozmawia\u0107 o budowaniu wsp\u00f3lnot &#8211; na wielu poziomach i p\u0142aszczyznach. Zaczniemy od poziomu urz\u0119dniczego i o tym, jak z perspektywy urz\u0119dniczki lokalne wsp\u00f3lnoty budowane s\u0105 w Gdyni (Ola Markowska). Drugim wyst\u0105pieniem b\u0119dzie perspektywa oddolna ze wsparciem urz\u0119du (Urszula Engelmayer). Ostatni\u0105 prezentacj\u0105 b\u0119dzie historia mikrowsp\u00f3lnoty z jednego bloku, budowanej oddolnie bez wsparcia urz\u0119d\u00f3w i instytucji (Rados\u0142aw Pu\u015bko). Spr\u00f3bujemy por\u00f3wna\u0107 trzy powy\u017csze perspektywy i porozmawia\u0107 o tym, co je \u0142\u0105czy, a co dzieli.<\/p>\n<hr \/>\n<p>Przejrzyj prezentacj\u0119 z sesji\u00a0<a href=\"http:\/\/partycypacjaobywatelska.pl\/forum-2018\/wp-content\/uploads\/sites\/10\/2018\/05\/2.pptx\">tutaj<\/a><\/p>\n<p>&nbsp;<\/p>\n","protected":false},"excerpt":{"rendered":"<p>Prowadzenie: Rados\u0142aw Pu\u015bko, Instytut Dzia\u0142a\u0144 Miejskich \/ Kongres Ruch\u00f3w Miejskich Wyst\u0105pienia: Urszula Engelmayer,\u00a0Towarzystwo Inicjatyw Tw\u00f3rczych \u201e\u0119\u201d Ola Markowska, Laboratorium Innowacji Spo\u0142ecznych\u00a0w Gdyni Rados\u0142aw Pu\u015bko, Instytut Dzia\u0142a\u0144 Miejskich \/ Kongres Ruch\u00f3w Miejskich Termin: 1. dzie\u0144 Forum (11 czerwca, poniedzia\u0142ek), godz. 14.00-15.15 Miejsce: pi\u0119tro 0, sala E Formu\u0142a:\u00a0 kalejdoskop Opis: W tym bloku kalejdoskopu b\u0119dzie mo\u017cna us\u0142ysze\u0107 [&hellip;]<\/p>\n","protected":false},"author":141,"featured_media":0,"parent":0,"menu_order":0,"comment_status":"open","ping_status":"open","template":"template-forum_praktykow.php","meta":[],"_links":{"self":[{"href":"https:\/\/partycypacjaobywatelska.pl\/forum-2018\/wp-json\/wp\/v2\/pages\/929"}],"collection":[{"href":"https:\/\/partycypacjaobywatelska.pl\/forum-2018\/wp-json\/wp\/v2\/pages"}],"about":[{"href":"https:\/\/partycypacjaobywatelska.pl\/forum-2018\/wp-json\/wp\/v2\/types\/page"}],"author":[{"embeddable":true,"href":"https:\/\/partycypacjaobywatelska.pl\/forum-2018\/wp-json\/wp\/v2\/users\/141"}],"replies":[{"embeddable":true,"href":"https:\/\/partycypacjaobywatelska.pl\/forum-2018\/wp-json\/wp\/v2\/comments?post=929"}],"version-history":[{"count":4,"href":"https:\/\/partycypacjaobywatelska.pl\/forum-2018\/wp-json\/wp\/v2\/pages\/929\/revisions"}],"predecessor-version":[{"id":1370,"href":"https:\/\/partycypacjaobywatelska.pl\/forum-2018\/wp-json\/wp\/v2\/pages\/929\/revisions\/1370"}],"wp:attachment":[{"href":"https:\/\/partycypacjaobywatelska.pl\/forum-2018\/wp-json\/wp\/v2\/media?parent=929"}],"curies":[{"name":"wp","href":"https:\/\/api.w.org\/{rel}","templated":true}]}}