{"id":920,"date":"2018-05-28T10:58:00","date_gmt":"2018-05-28T08:58:00","guid":{"rendered":"http:\/\/partycypacjaobywatelska.pl\/forum-2018\/?page_id=920"},"modified":"2018-06-20T13:35:11","modified_gmt":"2018-06-20T11:35:11","slug":"jak-nie-wiadomo-o-co-chodzi-to-chodzi-o-pieniadze-czyli-o-tym-jak-rozmawiac-o-budzecie-gminy-z-mieszkancami-by-sie-zrozumiec","status":"publish","type":"page","link":"https:\/\/partycypacjaobywatelska.pl\/forum-2018\/jak-nie-wiadomo-o-co-chodzi-to-chodzi-o-pieniadze-czyli-o-tym-jak-rozmawiac-o-budzecie-gminy-z-mieszkancami-by-sie-zrozumiec\/","title":{"rendered":"Jak nie wiadomo, o co chodzi, to chodzi o pieni\u0105dze. Czyli o tym, jak rozmawia\u0107 o bud\u017cecie gminy z mieszka\u0144cami, by si\u0119 zrozumie\u0107"},"content":{"rendered":"<h4><strong>Prowadzenie:<\/strong><\/h4>\n<p>Katarzyna Miko\u0142ajczyk,\u00a0Obywatel Rodzic \/ Fundacja ePa\u0144stwo<\/p>\n<h4><strong>Termin:<\/strong><\/h4>\n<p>2. dzie\u0144 Forum (12 czerwca, wtorek), godz. 10.45-12.15<\/p>\n<h4><strong>Miejsce:<\/strong><\/h4>\n<p>pi\u0119tro -1, sala A<\/p>\n<h4><strong>Formu\u0142a:\u00a0<\/strong><\/h4>\n<p>sesja warsztatowa<\/p>\n<h4><strong>Opis:<\/strong><\/h4>\n<p>Kontrolujesz sw\u00f3j bud\u017cet\u00a0(domowy, projektowy)? Najprawdopodobniej wiesz, ile i za co p\u0142acisz. Podobnie mo\u017ce by\u0107 z bud\u017cetem Twojej gminy. Mo\u017cesz wiedzie\u0107, sk\u0105d si\u0119 bior\u0105 pieni\u0105dze i na co s\u0105 wydawane,\u00a0kto zarabia dla gminy. Co wi\u0119cej, podobn\u0105 wiedz\u0119 mog\u0105 mie\u0107 pozostali mieszka\u0144cy i mieszkanki. Tylko jak im wyt\u0142umaczy\u0107, czym s\u0105 zadania w\u0142asne, a czym zlecone? Co mo\u017cna finansowa\u0107 z pieni\u0119dzy gminnych, a co niekoniecznie? Czym s\u0105 zadania bie\u017c\u0105ce, a czym inwestycyjne? I czy w og\u00f3le ta wiedza jest potrzebna?<\/p>\n<p>Podczas sesji przeanalizujemy proces powstawania bud\u017cetu i spr\u00f3bujemy znale\u017a\u0107 mo\u017cliwe momenty, w kt\u00f3rych mieszka\u0144cy mog\u0105 mie\u0107 wp\u0142yw na wydatki. Na pocz\u0105tku? A mo\u017ce na ko\u0144cu? A mo\u017ce tu i tu? A mo\u017ce jako\u015b w \u015brodku? Czy dawa\u0107 mieszka\u0144com wgl\u0105d w ca\u0142o\u015b\u0107 bud\u017cetu, czy upraszcza\u0107 kwoty z milion\u00f3w z\u0142otych do procent\u00f3w? Jak m\u00f3wi\u0107 o finansach, aby si\u0119 zrozumie\u0107? Mieszka\u0144cy mi\u0119dzy sob\u0105 i z urz\u0119dnikami.<\/p>\n<p>Jedno jest pewne \u2013 nie stworzymy jednego modelu konsultacji bud\u017cetu. Bo ka\u017cda gmina jest inna. Mieszka\u0144cy i mieszkanki maj\u0105 r\u00f3\u017cny poziom wiedzy i zaanga\u017cowania, a w gminach jest r\u00f3\u017cny poziom otwarto\u015bci na dialog.\u00a0Na sesji zbierzemy razem elementy uk\u0142adanki, jakim jest proces powstawania bud\u017cetu i po\u0142\u0105czymy go w nowe konfiguracje. Finalnie wyjdziemy z pomys\u0142ami i inspiracjami \u2013 co mo\u017cna zrobi\u0107 w Twojej gminie, aby bud\u017cet by\u0142 zrozumia\u0142y i nie by\u0142 mylony z bud\u017cetem partycypacyjnym.<\/p>\n<hr \/>\n<p>&nbsp;<\/p>\n<p>Przeczytaj podsumowanie sesji <a href=\"http:\/\/partycypacjaobywatelska.pl\/forum-2018\/wp-content\/uploads\/sites\/10\/2018\/05\/Jak-nie-wiaodmo-o-co-chodzi.....pdf\">tutaj<\/a>.<\/p>\n","protected":false},"excerpt":{"rendered":"<p>Prowadzenie: Katarzyna Miko\u0142ajczyk,\u00a0Obywatel Rodzic \/ Fundacja ePa\u0144stwo Termin: 2. dzie\u0144 Forum (12 czerwca, wtorek), godz. 10.45-12.15 Miejsce: pi\u0119tro -1, sala A Formu\u0142a:\u00a0 sesja warsztatowa Opis: Kontrolujesz sw\u00f3j bud\u017cet\u00a0(domowy, projektowy)? Najprawdopodobniej wiesz, ile i za co p\u0142acisz. Podobnie mo\u017ce by\u0107 z bud\u017cetem Twojej gminy. Mo\u017cesz wiedzie\u0107, sk\u0105d si\u0119 bior\u0105 pieni\u0105dze i na co s\u0105 wydawane,\u00a0kto zarabia [&hellip;]<\/p>\n","protected":false},"author":141,"featured_media":0,"parent":0,"menu_order":0,"comment_status":"open","ping_status":"open","template":"template-forum_praktykow.php","meta":[],"_links":{"self":[{"href":"https:\/\/partycypacjaobywatelska.pl\/forum-2018\/wp-json\/wp\/v2\/pages\/920"}],"collection":[{"href":"https:\/\/partycypacjaobywatelska.pl\/forum-2018\/wp-json\/wp\/v2\/pages"}],"about":[{"href":"https:\/\/partycypacjaobywatelska.pl\/forum-2018\/wp-json\/wp\/v2\/types\/page"}],"author":[{"embeddable":true,"href":"https:\/\/partycypacjaobywatelska.pl\/forum-2018\/wp-json\/wp\/v2\/users\/141"}],"replies":[{"embeddable":true,"href":"https:\/\/partycypacjaobywatelska.pl\/forum-2018\/wp-json\/wp\/v2\/comments?post=920"}],"version-history":[{"count":10,"href":"https:\/\/partycypacjaobywatelska.pl\/forum-2018\/wp-json\/wp\/v2\/pages\/920\/revisions"}],"predecessor-version":[{"id":1362,"href":"https:\/\/partycypacjaobywatelska.pl\/forum-2018\/wp-json\/wp\/v2\/pages\/920\/revisions\/1362"}],"wp:attachment":[{"href":"https:\/\/partycypacjaobywatelska.pl\/forum-2018\/wp-json\/wp\/v2\/media?parent=920"}],"curies":[{"name":"wp","href":"https:\/\/api.w.org\/{rel}","templated":true}]}}