{"id":916,"date":"2018-05-28T10:55:02","date_gmt":"2018-05-28T08:55:02","guid":{"rendered":"http:\/\/partycypacjaobywatelska.pl\/forum-2018\/?page_id=916"},"modified":"2018-06-06T16:07:41","modified_gmt":"2018-06-06T14:07:41","slug":"partycypacja-w-czasach-konfliktu-o-umiejetnosci-mediacji-i-facylitacji-w-prowadzeniu-procesow-partycypacyjnych","status":"publish","type":"page","link":"https:\/\/partycypacjaobywatelska.pl\/forum-2018\/partycypacja-w-czasach-konfliktu-o-umiejetnosci-mediacji-i-facylitacji-w-prowadzeniu-procesow-partycypacyjnych\/","title":{"rendered":"Partycypacja w czasach konfliktu: o umiej\u0119tno\u015bci mediacji i facylitacji w prowadzeniu proces\u00f3w partycypacyjnych"},"content":{"rendered":"<h4><strong>Prowadzenie:<\/strong><\/h4>\n<p>Dorota Whitten, Fundacja Dom Pokoju<br \/>\nMaja Zabokrzycka, Fundacja Dom Pokoju<\/p>\n<h4><strong>Termin:<\/strong><\/h4>\n<p>1. dzie\u0144 Forum (11 czerwca, poniedzia\u0142ek), godz. 15.45-17.45<\/p>\n<h4><strong>Miejsce:<\/strong><\/h4>\n<p>pi\u0119tro -1, sala C<\/p>\n<h4><strong>Formu\u0142a:\u00a0<\/strong><\/h4>\n<p>sesja warsztatowa<\/p>\n<h4><strong>Opis:<\/strong><\/h4>\n<p>Gdzie grupa, tam konflikt. Ka\u017cdy proces partycypacyjny zak\u0142ada udzia\u0142 wielu stron, niejednokrotnie o sprzecznych interesach i potrzebach. Zapraszamy do udzia\u0142u w sesji, kt\u00f3ra poka\u017ce, \u017ce warto spotyka\u0107 si\u0119 przy okr\u0105g\u0142ym stole, rozmawia\u0107 j\u0119zykiem potrzeb i sprawi\u0107, \u017ce konflikt b\u0119dzie motorem post\u0119pu.<\/p>\n<p>Sesja b\u0119dzie mia\u0142a charakter warsztatowy \u2013 zapraszamy do wcielenia si\u0119 w konkretne role, aby w praktyce zrozumie\u0107 dynamik\u0119 konfliktu. Kr\u00f3tkie om\u00f3wienie ko\u0144cowe poka\u017ce, w jaki spos\u00f3b umiej\u0119tno\u015bci mediacji i facylitacji wspieraj\u0105 procesy partycypacyjne.<\/p>\n<p>Zapraszamy wszystkie osoby, kt\u00f3re uczestnicz\u0105 lub chcia\u0142yby uczestniczy\u0107 w procesach partycypacyjnych. Zale\u017cy nam na tym, by na warsztacie spotkali si\u0119 przedstawiciele samorz\u0105d\u00f3w i organizacji dzia\u0142aj\u0105cych lokalnie.<\/p>\n","protected":false},"excerpt":{"rendered":"<p>Prowadzenie: Dorota Whitten, Fundacja Dom Pokoju Maja Zabokrzycka, Fundacja Dom Pokoju Termin: 1. dzie\u0144 Forum (11 czerwca, poniedzia\u0142ek), godz. 15.45-17.45 Miejsce: pi\u0119tro -1, sala C Formu\u0142a:\u00a0 sesja warsztatowa Opis: Gdzie grupa, tam konflikt. Ka\u017cdy proces partycypacyjny zak\u0142ada udzia\u0142 wielu stron, niejednokrotnie o sprzecznych interesach i potrzebach. Zapraszamy do udzia\u0142u w sesji, kt\u00f3ra poka\u017ce, \u017ce warto [&hellip;]<\/p>\n","protected":false},"author":141,"featured_media":0,"parent":0,"menu_order":0,"comment_status":"open","ping_status":"open","template":"template-forum_praktykow.php","meta":[],"_links":{"self":[{"href":"https:\/\/partycypacjaobywatelska.pl\/forum-2018\/wp-json\/wp\/v2\/pages\/916"}],"collection":[{"href":"https:\/\/partycypacjaobywatelska.pl\/forum-2018\/wp-json\/wp\/v2\/pages"}],"about":[{"href":"https:\/\/partycypacjaobywatelska.pl\/forum-2018\/wp-json\/wp\/v2\/types\/page"}],"author":[{"embeddable":true,"href":"https:\/\/partycypacjaobywatelska.pl\/forum-2018\/wp-json\/wp\/v2\/users\/141"}],"replies":[{"embeddable":true,"href":"https:\/\/partycypacjaobywatelska.pl\/forum-2018\/wp-json\/wp\/v2\/comments?post=916"}],"version-history":[{"count":3,"href":"https:\/\/partycypacjaobywatelska.pl\/forum-2018\/wp-json\/wp\/v2\/pages\/916\/revisions"}],"predecessor-version":[{"id":1320,"href":"https:\/\/partycypacjaobywatelska.pl\/forum-2018\/wp-json\/wp\/v2\/pages\/916\/revisions\/1320"}],"wp:attachment":[{"href":"https:\/\/partycypacjaobywatelska.pl\/forum-2018\/wp-json\/wp\/v2\/media?parent=916"}],"curies":[{"name":"wp","href":"https:\/\/api.w.org\/{rel}","templated":true}]}}