{"id":908,"date":"2018-05-28T10:41:57","date_gmt":"2018-05-28T08:41:57","guid":{"rendered":"http:\/\/partycypacjaobywatelska.pl\/forum-2018\/?page_id=908"},"modified":"2018-06-07T12:59:48","modified_gmt":"2018-06-07T10:59:48","slug":"trzecia-przestrzen-klubokawiarnia-czulosc-miejsce-wygodne-dla-wszystkich","status":"publish","type":"page","link":"https:\/\/partycypacjaobywatelska.pl\/forum-2018\/trzecia-przestrzen-klubokawiarnia-czulosc-miejsce-wygodne-dla-wszystkich\/","title":{"rendered":"Klubokawiarnia \u201eCzu\u0142o\u015b\u0107\u201d &#8211; miejsce wygodne dla wszystkich"},"content":{"rendered":"<h4><strong>Prowadzenie:<\/strong><\/h4>\n<p>Sylwia &#8222;Nikko&#8221; Biernacka, Fundacja Machina Zmian \/ projekt 440 km po zmian\u0119<br \/>\nPaulina Pohl, Fundacja Machina Zmian \/ projekt 440 km po zmian\u0119<\/p>\n<h4><strong>Termin:<\/strong><\/h4>\n<p>2. dzie\u0144 Forum (12 czerwca, wtorek), godz. 9.30-10.30<\/p>\n<h4><strong>Miejsce:<\/strong><\/h4>\n<p>pi\u0119tro -1, sala B<\/p>\n<h4><strong>Formu\u0142a:\u00a0<\/strong><\/h4>\n<p>sesja \u015bniadaniowa<\/p>\n<h4><strong>Opis:<\/strong><\/h4>\n<p>Wyobra\u017a sobie miejsce, kt\u00f3re traktujesz jak drugi dom. Lubisz sp\u0119dza\u0107 w nim czas. Jest wygodne i tak zaprojektowane, \u017ce odpowiada na Twoje zmienne potrzeby. To tam najcz\u0119\u015bciej sp\u0119dzasz sw\u00f3j wolny czas, bawi\u0105c si\u0119, relaksuj\u0105c, pij\u0105c kaw\u0119 lub pracuj\u0105c. Spotykasz z s\u0105siadami\/s\u0105siadkami na warsztatach z robienia domowych marmolad lub na warsztatach fotograficznych. Miejsce to jest w pe\u0142ni dost\u0119pne. Oferta tego miejsca jest tak zaprojektowana, \u017ce mog\u0105 z niej skorzysta\u0107 tak\u017ce osoby niewidz\u0105ce, g\u0142uche lub s\u0142abos\u0142ysz\u0105ce. Osoby z niepe\u0142nosprawno\u015bciami, seniorzy\/seniorki, opiekunowie\/opiekunki ma\u0142ych dzieci, osoby o wysokiej wra\u017cliwo\u015bci czuj\u0105 si\u0119 w nim wygodnie i komfortowo. Ty czujesz si\u0119 tam wygodnie. Brzmi jak utopia?<\/p>\n<p>Podczas naszej sesji dowiesz si\u0119, jakie meble i rozwi\u0105zania zwi\u0119kszaj\u0105 wygod\u0119 korzystania z miejsc typu klubokawiarnia. Mamy nadziej\u0119, \u017ce ju\u017c w niedalekiej przysz\u0142o\u015bci odwiedzisz nasz\u0105 wygodn\u0105 i dost\u0119pn\u0105 klubokawiarni\u0119 \u201eCzu\u0142o\u015b\u0107&#8221; w Gda\u0144sku i przekonasz si\u0119 sama\/sam, jak to wszystko dzia\u0142a. Zapraszamy!<\/p>\n<p>Co stworzyli\u015bmy? Pracujemy nad \u201eZeszytem rozwi\u0105za\u0144 architektonicznych i projektowych&#8221; z cz\u0119\u015bci\u0105 do samodzielnego wdro\u017cenia: &#8222;Zr\u00f3b to sam\/sama!&#8221; (dzi\u0119ki tym wskaz\u00f3wkom, w\u0142a\u015bciciele\/-lki lokali i instytucje samorz\u0105dowe b\u0119d\u0105 mogli\/-\u0142y, w prosty spos\u00f3b, zwi\u0119kszy\u0107 wygod\u0119 i przyjazno\u015b\u0107 swojego miejsca).<\/p>\n<p>Skorzystaj z gotowego projektu! Zam\u00f3w na wolnej licencji projekt mebli i rozwi\u0105za\u0144 architektonicznych, kt\u00f3re zwi\u0119kszaj\u0105 wygod\u0119 u\u017cytkowania miejsca (rozwi\u0105zania powsta\u0142y na podstawie informacji o potrzebach r\u00f3\u017cnych grup odbiorc\u00f3w zebranych podczas konsultacji spo\u0142ecznych).<\/p>\n<p>Zapro\u015b nas do siebie! Skorzystaj z do\u015bwiadczenia naszego zespo\u0142u ds. dost\u0119pno\u015bci i zam\u00f3w spersonalizowane projekty modernizacji Twojego miejsca.<\/p>\n<p>&nbsp;<\/p>\n","protected":false},"excerpt":{"rendered":"<p>Prowadzenie: Sylwia &#8222;Nikko&#8221; Biernacka, Fundacja Machina Zmian \/ projekt 440 km po zmian\u0119 Paulina Pohl, Fundacja Machina Zmian \/ projekt 440 km po zmian\u0119 Termin: 2. dzie\u0144 Forum (12 czerwca, wtorek), godz. 9.30-10.30 Miejsce: pi\u0119tro -1, sala B Formu\u0142a:\u00a0 sesja \u015bniadaniowa Opis: Wyobra\u017a sobie miejsce, kt\u00f3re traktujesz jak drugi dom. Lubisz sp\u0119dza\u0107 w nim czas. [&hellip;]<\/p>\n","protected":false},"author":141,"featured_media":0,"parent":0,"menu_order":0,"comment_status":"open","ping_status":"open","template":"template-forum_praktykow.php","meta":[],"_links":{"self":[{"href":"https:\/\/partycypacjaobywatelska.pl\/forum-2018\/wp-json\/wp\/v2\/pages\/908"}],"collection":[{"href":"https:\/\/partycypacjaobywatelska.pl\/forum-2018\/wp-json\/wp\/v2\/pages"}],"about":[{"href":"https:\/\/partycypacjaobywatelska.pl\/forum-2018\/wp-json\/wp\/v2\/types\/page"}],"author":[{"embeddable":true,"href":"https:\/\/partycypacjaobywatelska.pl\/forum-2018\/wp-json\/wp\/v2\/users\/141"}],"replies":[{"embeddable":true,"href":"https:\/\/partycypacjaobywatelska.pl\/forum-2018\/wp-json\/wp\/v2\/comments?post=908"}],"version-history":[{"count":9,"href":"https:\/\/partycypacjaobywatelska.pl\/forum-2018\/wp-json\/wp\/v2\/pages\/908\/revisions"}],"predecessor-version":[{"id":1355,"href":"https:\/\/partycypacjaobywatelska.pl\/forum-2018\/wp-json\/wp\/v2\/pages\/908\/revisions\/1355"}],"wp:attachment":[{"href":"https:\/\/partycypacjaobywatelska.pl\/forum-2018\/wp-json\/wp\/v2\/media?parent=908"}],"curies":[{"name":"wp","href":"https:\/\/api.w.org\/{rel}","templated":true}]}}