{"id":899,"date":"2018-05-28T10:29:16","date_gmt":"2018-05-28T08:29:16","guid":{"rendered":"http:\/\/partycypacjaobywatelska.pl\/forum-2018\/?page_id=899"},"modified":"2018-06-06T12:27:17","modified_gmt":"2018-06-06T10:27:17","slug":"reprezentacja-czy-partycypacja-kto-ma-wieksza-legitymizacje-do-podejmowania-kluczowych-decyzji","status":"publish","type":"page","link":"https:\/\/partycypacjaobywatelska.pl\/forum-2018\/reprezentacja-czy-partycypacja-kto-ma-wieksza-legitymizacje-do-podejmowania-kluczowych-decyzji\/","title":{"rendered":"Reprezentacja czy partycypacja? Kto ma wi\u0119ksz\u0105 legitymizacj\u0119 do podejmowania kluczowych decyzji?"},"content":{"rendered":"<h4><strong>Prowadzenie:<\/strong><\/h4>\n<p>Joanna Podg\u00f3rska-Ryka\u0142a, Instytut\u00a0Administracji i Prawa, Wy\u017csza Szko\u0142a Humanitas\u00a0\/ Rada Miejska B\u0119dzina<\/p>\n<h4><strong>Termin:<\/strong><\/h4>\n<p>2. dzie\u0144 Forum (12 czerwca, wtorek), godz. 10.45-12.15<\/p>\n<h4><strong>Miejsce:<\/strong><\/h4>\n<p>pi\u0119tro 0, strefa E3<\/p>\n<h4><strong>Formu\u0142a:\u00a0<\/strong><\/h4>\n<p>wymiana do\u015bwiadcze\u0144<\/p>\n<h4><strong>Opis:<\/strong><\/h4>\n<p>Coraz cz\u0119\u015bciej mo\u017cna zaobserwowa\u0107, jak oboj\u0119tne lub wr\u0119cz negatywne jest podej\u015bcie radnych gminnych i miejskich do zwi\u0119kszaj\u0105cej si\u0119 systematycznie partycypacji mieszka\u0144c\u00f3w w sprawach lokalnych. Radni odczuwaj\u0105 dyskomfort w zderzeniu z nowym zjawiskiem, bo ich tradycyjna rola po\u015brednika pomi\u0119dzy mieszka\u0144cami a rad\u0105 gminy\/miasta staje si\u0119 (w ich mniemaniu) zbyteczna.<\/p>\n<p>Odnosz\u0105c si\u0119 do drabiny partycypacji i dotychczasowych do\u015bwiadcze\u0144 uczestnik\u00f3w sesji, b\u0119dziemy szuka\u0107 odpowiedzi na poni\u017csze pytania:<\/p>\n<p>&#8211; po co pyta\u0107 mieszka\u0144c\u00f3w o zdanie w konsultacjach spo\u0142ecznych, skoro wybrali ju\u017c swojego przedstawiciela, zaufali mu i to do jego obowi\u0105zk\u00f3w nale\u017cy reprezentowanie ich interes\u00f3w?<\/p>\n<p>&#8211; w jakich sytuacjach konsultacje s\u0105 niezb\u0119dne, a kiedy mo\u017cna z nich zrezygnowa\u0107 na rzecz podj\u0119cia decyzji przez radnych b\u0105d\u017a radnych dzielnicy, ewentualnie lokalne stowarzyszenia?<\/p>\n<p>&#8211; kto ma wi\u0119ksz\u0105 legitymacj\u0119 do zarz\u0105dzania sprawami lokalnymi &#8211; aktywni mieszka\u0144cy (zazwyczaj to przecie\u017c grupa niereprezentatywna) czy wybrani w oficjalnych wyborach radni?<\/p>\n<p>&#8211; jak radzi\u0107 sobie z konfliktami, w tym konfliktami interes\u00f3w i nieustaj\u0105c\u0105 walk\u0105 o w\u0142adz\u0119?<\/p>\n<p>Do udzia\u0142u w sesji zapraszam zar\u00f3wno radnych i urz\u0119dnik\u00f3w, jak i praktyk\u00f3w partycypacji \u2013 wszystkich, kt\u00f3rzy chc\u0105 podzieli\u0107 si\u0119 swoimi do\u015bwiadczeniami.<\/p>\n","protected":false},"excerpt":{"rendered":"<p>Prowadzenie: Joanna Podg\u00f3rska-Ryka\u0142a, Instytut\u00a0Administracji i Prawa, Wy\u017csza Szko\u0142a Humanitas\u00a0\/ Rada Miejska B\u0119dzina Termin: 2. dzie\u0144 Forum (12 czerwca, wtorek), godz. 10.45-12.15 Miejsce: pi\u0119tro 0, strefa E3 Formu\u0142a:\u00a0 wymiana do\u015bwiadcze\u0144 Opis: Coraz cz\u0119\u015bciej mo\u017cna zaobserwowa\u0107, jak oboj\u0119tne lub wr\u0119cz negatywne jest podej\u015bcie radnych gminnych i miejskich do zwi\u0119kszaj\u0105cej si\u0119 systematycznie partycypacji mieszka\u0144c\u00f3w w sprawach lokalnych. Radni [&hellip;]<\/p>\n","protected":false},"author":141,"featured_media":0,"parent":0,"menu_order":0,"comment_status":"open","ping_status":"open","template":"template-forum_praktykow.php","meta":[],"_links":{"self":[{"href":"https:\/\/partycypacjaobywatelska.pl\/forum-2018\/wp-json\/wp\/v2\/pages\/899"}],"collection":[{"href":"https:\/\/partycypacjaobywatelska.pl\/forum-2018\/wp-json\/wp\/v2\/pages"}],"about":[{"href":"https:\/\/partycypacjaobywatelska.pl\/forum-2018\/wp-json\/wp\/v2\/types\/page"}],"author":[{"embeddable":true,"href":"https:\/\/partycypacjaobywatelska.pl\/forum-2018\/wp-json\/wp\/v2\/users\/141"}],"replies":[{"embeddable":true,"href":"https:\/\/partycypacjaobywatelska.pl\/forum-2018\/wp-json\/wp\/v2\/comments?post=899"}],"version-history":[{"count":7,"href":"https:\/\/partycypacjaobywatelska.pl\/forum-2018\/wp-json\/wp\/v2\/pages\/899\/revisions"}],"predecessor-version":[{"id":1288,"href":"https:\/\/partycypacjaobywatelska.pl\/forum-2018\/wp-json\/wp\/v2\/pages\/899\/revisions\/1288"}],"wp:attachment":[{"href":"https:\/\/partycypacjaobywatelska.pl\/forum-2018\/wp-json\/wp\/v2\/media?parent=899"}],"curies":[{"name":"wp","href":"https:\/\/api.w.org\/{rel}","templated":true}]}}