{"id":883,"date":"2018-05-25T19:00:40","date_gmt":"2018-05-25T17:00:40","guid":{"rendered":"http:\/\/partycypacjaobywatelska.pl\/forum-2018\/?page_id=883"},"modified":"2018-06-06T16:07:58","modified_gmt":"2018-06-06T14:07:58","slug":"superwizja-dla-partycypatora-przestrzen-na-refleksje-i-rozwoj","status":"publish","type":"page","link":"https:\/\/partycypacjaobywatelska.pl\/forum-2018\/superwizja-dla-partycypatora-przestrzen-na-refleksje-i-rozwoj\/","title":{"rendered":"Superwizja dla partycypatora? Przestrze\u0144 na refleksj\u0119 i rozw\u00f3j"},"content":{"rendered":"<h4><strong>Prowadzenie:<\/strong><\/h4>\n<p>Ma\u0142gorzata Lelonkiewicz, certyfikowany coach, trenerka proces\u00f3w rozwojowych, tutorka w Fundacji Szko\u0142a Lider\u00f3w<\/p>\n<h4><strong>Termin:<\/strong><\/h4>\n<p>1. dzie\u0144 Forum (11 czerwca, poniedzia\u0142ek), godz. 15.45-17.45<\/p>\n<h4><strong>Miejsce:<\/strong><\/h4>\n<p>pi\u0119tro -1, sala D<\/p>\n<h4><strong>Formu\u0142a:\u00a0<\/strong><\/h4>\n<p>sesja warsztatowa<\/p>\n<h4><strong>Opis:<\/strong><\/h4>\n<p>Superwizja to teraz bardzo wa\u017cny temat w coachingu, edukacji, wszelkich zawodach zwi\u0105zanych ze wspieraniem, rozwojem, obci\u0105\u017caj\u0105cych i wykonywanych w skomplikowanych procesach. Czy superwizja to dobre narz\u0119dzie dla partycypatora? Jak je zastosowa\u0107? Do czego s\u0142u\u017cy? Superwizja polega na poddawaniu refleksji procesu, klienta i swoich umiej\u0119tno\u015bci. Jest prowadzona z superwizorem indywidualnie lub w procesie grupowym. S\u0142u\u017cy wsparciu, daje oddech, pozwala nabra\u0107 dystansu i lepiej rozumie\u0107, co dzieje si\u0119 w nas i w samym procesie. Superwizja mo\u017ce by\u0107 odpowiedzi\u0105 na wypalenie, potrzeb\u0119 doskonalenia i poszukiwania nowej perspektywy.<\/p>\n<p>Podczas warsztatu porozmawiamy o kluczowych wyzwaniach w roli partycypatora, poznamy metody superwizji, do\u015bwiadczymy jednej z nich i zastanowimy si\u0119 nad\u00a0mo\u017cliwo\u015bciami jej zastosowania, \u017ceby nawzajem si\u0119 wspiera\u0107.<\/p>\n<p>Warsztat poprowadzi Ma\u0142gorzata Lelonkiewicz, superwizorka m.in. dla zespo\u0142u tutorskiego Szko\u0142y Edukacji PAFW i UW, pracuj\u0105ca\u00a0coachingowo i superwizyjnie ze szko\u0142ami, instytucjami publicznymi i organizacjami pozarz\u0105dowymi i wspieraj\u0105ca tworzenie innowacji i zarz\u0105dzanie strategiczne oraz komunikacj\u0119 w zespo\u0142ach.<\/p>\n","protected":false},"excerpt":{"rendered":"<p>Prowadzenie: Ma\u0142gorzata Lelonkiewicz, certyfikowany coach, trenerka proces\u00f3w rozwojowych, tutorka w Fundacji Szko\u0142a Lider\u00f3w Termin: 1. dzie\u0144 Forum (11 czerwca, poniedzia\u0142ek), godz. 15.45-17.45 Miejsce: pi\u0119tro -1, sala D Formu\u0142a:\u00a0 sesja warsztatowa Opis: Superwizja to teraz bardzo wa\u017cny temat w coachingu, edukacji, wszelkich zawodach zwi\u0105zanych ze wspieraniem, rozwojem, obci\u0105\u017caj\u0105cych i wykonywanych w skomplikowanych procesach. Czy superwizja to [&hellip;]<\/p>\n","protected":false},"author":141,"featured_media":0,"parent":0,"menu_order":0,"comment_status":"open","ping_status":"open","template":"template-forum_praktykow.php","meta":[],"_links":{"self":[{"href":"https:\/\/partycypacjaobywatelska.pl\/forum-2018\/wp-json\/wp\/v2\/pages\/883"}],"collection":[{"href":"https:\/\/partycypacjaobywatelska.pl\/forum-2018\/wp-json\/wp\/v2\/pages"}],"about":[{"href":"https:\/\/partycypacjaobywatelska.pl\/forum-2018\/wp-json\/wp\/v2\/types\/page"}],"author":[{"embeddable":true,"href":"https:\/\/partycypacjaobywatelska.pl\/forum-2018\/wp-json\/wp\/v2\/users\/141"}],"replies":[{"embeddable":true,"href":"https:\/\/partycypacjaobywatelska.pl\/forum-2018\/wp-json\/wp\/v2\/comments?post=883"}],"version-history":[{"count":5,"href":"https:\/\/partycypacjaobywatelska.pl\/forum-2018\/wp-json\/wp\/v2\/pages\/883\/revisions"}],"predecessor-version":[{"id":1321,"href":"https:\/\/partycypacjaobywatelska.pl\/forum-2018\/wp-json\/wp\/v2\/pages\/883\/revisions\/1321"}],"wp:attachment":[{"href":"https:\/\/partycypacjaobywatelska.pl\/forum-2018\/wp-json\/wp\/v2\/media?parent=883"}],"curies":[{"name":"wp","href":"https:\/\/api.w.org\/{rel}","templated":true}]}}