{"id":871,"date":"2018-05-25T18:39:48","date_gmt":"2018-05-25T16:39:48","guid":{"rendered":"http:\/\/partycypacjaobywatelska.pl\/forum-2018\/?page_id=871"},"modified":"2018-06-06T12:26:56","modified_gmt":"2018-06-06T10:26:56","slug":"przyszlosc-budzetu-partycypacyjnego-obywatelskiego","status":"publish","type":"page","link":"https:\/\/partycypacjaobywatelska.pl\/forum-2018\/przyszlosc-budzetu-partycypacyjnego-obywatelskiego\/","title":{"rendered":"Przysz\u0142o\u015b\u0107 bud\u017cetu partycypacyjnego (obywatelskiego)"},"content":{"rendered":"<h4><strong>Prowadzenie:<\/strong><\/h4>\n<p>Piotr Dryga\u0142a, Zwi\u0105zek Miast Polskich \/ Urz\u0105d Miejski w D\u0105browie G\u00f3rniczej<br \/>\nEwa Stok\u0142uska, Laboratorium Innowacji Spo\u0142ecznych w Gdyni<br \/>\nPiotr Choro\u015b, Unia Metropolii\u00a0\/ Urz\u0105d Miasta Lublin<\/p>\n<h4><strong>Termin:<\/strong><\/h4>\n<p>2. dzie\u0144 Forum (12 czerwca, wtorek), godz. 10.45-12.15<\/p>\n<h4><strong>Miejsce:<\/strong><\/h4>\n<p>pi\u0119tro 0, strefa E1<\/p>\n<h4><strong>Formu\u0142a:\u00a0<\/strong><\/h4>\n<p>sesja\u00a0dyskusyjna<\/p>\n<h4><strong>Opis:<\/strong><\/h4>\n<p>D\u0105browa G\u00f3rnicza po raz sz\u00f3sty realizuje bud\u017cet partycypacyjny, a po raz drugi w innowacyjnej formule. Tak zwany D\u0105browski Bud\u017cet Partycypacyjny 2.0 to model oparty o dialog, a nie rywalizacj\u0119, w kt\u00f3rym g\u0142osowanie to tylko opcja. Na tym przyk\u0142adzie poka\u017cemy, w jakim kierunku mog\u0142yby ewoluowa\u0107 mechanizmy bud\u017cet\u00f3w partycypacyjnych. Na pytanie, czy b\u0119d\u0105 mog\u0142y, postaramy si\u0119 odpowiedzie\u0107 wsp\u00f3lnie. Zastanowimy si\u0119 te\u017c, czy te procesy maj\u0105 nadal mo\u017cliwo\u015b\u0107 si\u0119 zmienia\u0107 i udoskonala\u0107 jako narz\u0119dzia dialogu i partycypacji, czy raczej utkn\u0105 w formule plebiscytowej.<\/p>\n<p>Wsp\u00f3lnie przeanalizujemy te\u017c konsekwencje wprowadzenia przepis\u00f3w reguluj\u0105cych bud\u017cety obywatelskie. Przepis\u00f3w bez w\u0105tpienia potrzebnych, ale w obecnym kszta\u0142cie &#8211; zdaniem du\u017cej cz\u0119\u015bci praktyk\u00f3w partycypacji &#8211; zupe\u0142nie nietrafionych. Podczas\u00a0naszej sesji b\u0119dzie mo\u017cna si\u0119 dowiedzie\u0107, czy istnieje szansa zmiany tych przepis\u00f3w i co w tym kontek\u015bcie wsp\u00f3lnym wysi\u0142kiem samorz\u0105dowc\u00f3w i dzia\u0142aczy organizacji pozarz\u0105dowych ju\u017c uda\u0142o si\u0119 zrobi\u0107 i co jeszcze mo\u017ce si\u0119 uda\u0107.<\/p>\n<p>Sesja jest przewidziana dla os\u00f3b na co dzie\u0144 zajmuj\u0105cych si\u0119 wdra\u017caniem, realizacj\u0105 i badaniem funkcjonowania mechanizm\u00f3w bud\u017cet\u00f3w partycypacyjnych.<\/p>\n<h4><strong>Do poczytania przed sesj\u0105:<\/strong><\/h4>\n<p><a href=\"https:\/\/twojadabrowa.pl\/\" target=\"_blank\"><span style=\"font-weight: 400\">Strona po\u015bwi\u0119cona D\u0105browskiemu Bud\u017cetowi Partycypacyjnemu 2.0 <\/span><span style=\"font-weight: 400\"><br \/>\n<\/span><\/a><span style=\"font-weight: 400\"><a href=\"http:\/\/prawo.sejm.gov.pl\/isap.nsf\/DocDetails.xsp?id=WDU20180000130\" target=\"_blank\">Ustawa z dnia 11 stycznia 2018 r. o zmianie niekt\u00f3rych ustaw w celu zwi\u0119kszenia udzia\u0142u obywateli w procesie wybierania, funkcjonowania i kontrolowania niekt\u00f3rych organ\u00f3w publicznych<\/a><\/span><\/p>\n<p><a href=\"http:\/\/partycypacjaobywatelska.pl\/forum-2018\/wp-content\/uploads\/sites\/10\/2018\/05\/zmiany_przepis\u00f3w.pdf\">Propozycje zmian w ustawie o samorz\u0105dzie gminnym dotycz\u0105ce regulacji bud\u017cet\u00f3w obywatelskich (partycypacyjnych)<\/a><\/p>\n","protected":false},"excerpt":{"rendered":"<p>Prowadzenie: Piotr Dryga\u0142a, Zwi\u0105zek Miast Polskich \/ Urz\u0105d Miejski w D\u0105browie G\u00f3rniczej Ewa Stok\u0142uska, Laboratorium Innowacji Spo\u0142ecznych w Gdyni Piotr Choro\u015b, Unia Metropolii\u00a0\/ Urz\u0105d Miasta Lublin Termin: 2. dzie\u0144 Forum (12 czerwca, wtorek), godz. 10.45-12.15 Miejsce: pi\u0119tro 0, strefa E1 Formu\u0142a:\u00a0 sesja\u00a0dyskusyjna Opis: D\u0105browa G\u00f3rnicza po raz sz\u00f3sty realizuje bud\u017cet partycypacyjny, a po raz drugi [&hellip;]<\/p>\n","protected":false},"author":141,"featured_media":0,"parent":0,"menu_order":0,"comment_status":"open","ping_status":"open","template":"template-forum_praktykow.php","meta":[],"_links":{"self":[{"href":"https:\/\/partycypacjaobywatelska.pl\/forum-2018\/wp-json\/wp\/v2\/pages\/871"}],"collection":[{"href":"https:\/\/partycypacjaobywatelska.pl\/forum-2018\/wp-json\/wp\/v2\/pages"}],"about":[{"href":"https:\/\/partycypacjaobywatelska.pl\/forum-2018\/wp-json\/wp\/v2\/types\/page"}],"author":[{"embeddable":true,"href":"https:\/\/partycypacjaobywatelska.pl\/forum-2018\/wp-json\/wp\/v2\/users\/141"}],"replies":[{"embeddable":true,"href":"https:\/\/partycypacjaobywatelska.pl\/forum-2018\/wp-json\/wp\/v2\/comments?post=871"}],"version-history":[{"count":15,"href":"https:\/\/partycypacjaobywatelska.pl\/forum-2018\/wp-json\/wp\/v2\/pages\/871\/revisions"}],"predecessor-version":[{"id":1287,"href":"https:\/\/partycypacjaobywatelska.pl\/forum-2018\/wp-json\/wp\/v2\/pages\/871\/revisions\/1287"}],"wp:attachment":[{"href":"https:\/\/partycypacjaobywatelska.pl\/forum-2018\/wp-json\/wp\/v2\/media?parent=871"}],"curies":[{"name":"wp","href":"https:\/\/api.w.org\/{rel}","templated":true}]}}