{"id":864,"date":"2018-05-25T18:24:33","date_gmt":"2018-05-25T16:24:33","guid":{"rendered":"http:\/\/partycypacjaobywatelska.pl\/forum-2018\/?page_id=864"},"modified":"2018-06-06T16:07:03","modified_gmt":"2018-06-06T14:07:03","slug":"budzet-partycypacyjny-dla-koneserow-porozmawiajmy-o-weryfikacji","status":"publish","type":"page","link":"https:\/\/partycypacjaobywatelska.pl\/forum-2018\/budzet-partycypacyjny-dla-koneserow-porozmawiajmy-o-weryfikacji\/","title":{"rendered":"Bud\u017cet partycypacyjny dla koneser\u00f3w \u2013 porozmawiajmy o weryfikacji"},"content":{"rendered":"<h4><strong>Prowadzenie:<\/strong><\/h4>\n<p>Justyna Piwko, Katarzyna Doma\u0144ska i Mateusz Gil, Centrum Komunikacji Spo\u0142ecznej, Urz\u0105d m.st. Warszawy<\/p>\n<h4><strong>Termin:<\/strong><\/h4>\n<p>1. dzie\u0144 Forum (11 czerwca, poniedzia\u0142ek), godz. 15.45-17.45<\/p>\n<h4><strong>Miejsce:<\/strong><\/h4>\n<p>pi\u0119tro -1, sala A<\/p>\n<h4><strong>Formu\u0142a:\u00a0<\/strong><\/h4>\n<p>wymiana do\u015bwiadcze\u0144<\/p>\n<h4><strong>Opis:<\/strong><\/h4>\n<p>Bud\u017cet obywatelski do\u015b\u0107 mocno zakorzeni\u0142 si\u0119 ju\u017c w \u015bwiadomo\u015bci mieszka\u0144c\u00f3w wi\u0119kszo\u015bci polskich miast, kt\u00f3rzy ch\u0119tnie korzystaj\u0105 z tego narz\u0119dzia partycypacji. Praktycy jednak doskonale wiedz\u0105, jak trudno jest zorganizowa\u0107 idealny proces bud\u017cetu obywatelskiego \u2013 na ka\u017cdym etapie napotykamy pewne trudno\u015bci. Cz\u0119sto dyskutujemy o r\u00f3\u017cnych metodach g\u0142osowania czy zg\u0142aszania pomys\u0142\u00f3w. A co z ocen\u0105 mo\u017cliwo\u015bci realizacji zg\u0142oszonych pomys\u0142\u00f3w, czyli etapem weryfikacji?<\/p>\n<p>Prowadz\u0105cy sesj\u0119 pracownicy Centrum Komunikacji Spo\u0142ecznej Urz\u0119du m.st. Warszawy zaprezentuj\u0105, jak wygl\u0105da proces weryfikacji pomys\u0142\u00f3w zg\u0142oszonych przez mieszka\u0144c\u00f3w w ramach warszawskiego bud\u017cetu partycypacyjnego. Przyk\u0142ad ten ma by\u0107 punktem wyj\u015bcia do dyskusji wszystkich uczestnik\u00f3w sesji na temat trudno\u015bci, jakie dostrzegaj\u0105 i z jakimi mierz\u0105 si\u0119 na etapie weryfikacji. Spr\u00f3bujemy zidentyfikowa\u0107 najcz\u0119stsze problemy zwi\u0105zane z weryfikacj\u0105 oraz zastanowimy si\u0119 nad sposobami radzenia sobie z nimi.<\/p>\n<p>Do udzia\u0142u w sesji szczeg\u00f3lnie zach\u0119camy osoby, kt\u00f3re zajmuj\u0105 si\u0119 wdra\u017caniem tego typu proces\u00f3w lub uczestniczy\u0142y w weryfikacji w innej roli.<\/p>\n","protected":false},"excerpt":{"rendered":"<p>Prowadzenie: Justyna Piwko, Katarzyna Doma\u0144ska i Mateusz Gil, Centrum Komunikacji Spo\u0142ecznej, Urz\u0105d m.st. Warszawy Termin: 1. dzie\u0144 Forum (11 czerwca, poniedzia\u0142ek), godz. 15.45-17.45 Miejsce: pi\u0119tro -1, sala A Formu\u0142a:\u00a0 wymiana do\u015bwiadcze\u0144 Opis: Bud\u017cet obywatelski do\u015b\u0107 mocno zakorzeni\u0142 si\u0119 ju\u017c w \u015bwiadomo\u015bci mieszka\u0144c\u00f3w wi\u0119kszo\u015bci polskich miast, kt\u00f3rzy ch\u0119tnie korzystaj\u0105 z tego narz\u0119dzia partycypacji. Praktycy jednak doskonale [&hellip;]<\/p>\n","protected":false},"author":141,"featured_media":0,"parent":0,"menu_order":0,"comment_status":"open","ping_status":"open","template":"template-forum_praktykow.php","meta":[],"_links":{"self":[{"href":"https:\/\/partycypacjaobywatelska.pl\/forum-2018\/wp-json\/wp\/v2\/pages\/864"}],"collection":[{"href":"https:\/\/partycypacjaobywatelska.pl\/forum-2018\/wp-json\/wp\/v2\/pages"}],"about":[{"href":"https:\/\/partycypacjaobywatelska.pl\/forum-2018\/wp-json\/wp\/v2\/types\/page"}],"author":[{"embeddable":true,"href":"https:\/\/partycypacjaobywatelska.pl\/forum-2018\/wp-json\/wp\/v2\/users\/141"}],"replies":[{"embeddable":true,"href":"https:\/\/partycypacjaobywatelska.pl\/forum-2018\/wp-json\/wp\/v2\/comments?post=864"}],"version-history":[{"count":7,"href":"https:\/\/partycypacjaobywatelska.pl\/forum-2018\/wp-json\/wp\/v2\/pages\/864\/revisions"}],"predecessor-version":[{"id":1318,"href":"https:\/\/partycypacjaobywatelska.pl\/forum-2018\/wp-json\/wp\/v2\/pages\/864\/revisions\/1318"}],"wp:attachment":[{"href":"https:\/\/partycypacjaobywatelska.pl\/forum-2018\/wp-json\/wp\/v2\/media?parent=864"}],"curies":[{"name":"wp","href":"https:\/\/api.w.org\/{rel}","templated":true}]}}