{"id":857,"date":"2018-05-25T18:15:04","date_gmt":"2018-05-25T16:15:04","guid":{"rendered":"http:\/\/partycypacjaobywatelska.pl\/forum-2018\/?page_id=857"},"modified":"2018-06-06T12:26:15","modified_gmt":"2018-06-06T10:26:15","slug":"patrzac-rzemieslniczym-okiem-na-pomysly-marzyciela-praktycznie-o-przygotowaniu-konsultacji","status":"publish","type":"page","link":"https:\/\/partycypacjaobywatelska.pl\/forum-2018\/patrzac-rzemieslniczym-okiem-na-pomysly-marzyciela-praktycznie-o-przygotowaniu-konsultacji\/","title":{"rendered":"Patrz\u0105c rzemie\u015blniczym okiem na pomys\u0142y marzyciela. Praktycznie o przygotowaniu konsultacji"},"content":{"rendered":"<h4><strong>Prowadzenie:<\/strong><\/h4>\n<p>Pawe\u0142 Sielczak, Pracownia Bada\u0144 i Innowacji Spo\u0142ecznych &#8222;Stocznia&#8221;, Stowarzyszenie Dzia\u0142ajMY! z so\u0142ectwa Truskaw<\/p>\n<h4><strong>Termin:<\/strong><\/h4>\n<p>2. dzie\u0144 Forum (12 czerwca, wtorek), godz. 10.45-12.15<\/p>\n<h4><strong>Miejsce:<\/strong><\/h4>\n<p>pi\u0119tro -1, sala C<\/p>\n<h4><strong>Formu\u0142a:\u00a0<\/strong><\/h4>\n<p>wymiana do\u015bwiadcze\u0144<\/p>\n<h4><strong>Opis:<\/strong><\/h4>\n<p><span style=\"font-weight: 400\">Wszyscy mamy ju\u017c za sob\u0105 odpowied\u017a na pytania: czy i dlaczego warto rozmawia\u0107 z mieszka\u0144cami? Pozostaje zatem tylko kwestia &#8211; jak to robi\u0107? Czy na materia\u0142y musimy wyda\u0107 \u201emilion monet&#8221;? A mo\u017ce da si\u0119 je przygotowywa\u0107 samodzielnie, korzystaj\u0105c z w\u0142asnej kreatywno\u015bci, si\u0119gaj\u0105c do idei DIY (do it yourself)?\u00a0<\/span><\/p>\n<p><span style=\"font-weight: 400\">Podczas sesji przyjrzymy si\u0119 zagadnieniu przygotowania materia\u0142\u00f3w i narz\u0119dzi konsultacyjnych od strony technicznej (nie metodologii prowadzenia konsultacji). Poka\u017cemy rozwi\u0105zania i inspiracje, jak tanio i z pomys\u0142em przygotowa\u0107 konsultacje. Postaramy si\u0119 odpowiedzie\u0107 na pytanie, w jaki spos\u00f3b ma\u0142ymi nak\u0142adami zainteresowa\u0107 mieszka\u0144c\u00f3w konsultacjami i jak dotrze\u0107 do miejsc, gdzie mieszka\u0144cy przebywaj\u0105 na co dzie\u0144?\u00a0<\/span><\/p>\n<p><span style=\"font-weight: 400\">Poznamy techniki i materia\u0142y prosto z warsztatu i drukarni, inspiruj\u0105ce przyk\u0142ady i realizacje, kt\u00f3re pozwol\u0105 \u0142atwiej przej\u015b\u0107 z roli marzyciela do rzemie\u015blnika.<\/span><\/p>\n<p>To spotkanie dla wszystkich, kt\u00f3rzy dzia\u0142aj\u0105 w obszarze partycypacji obywatelskiej &#8211; bez wzgl\u0119du na to, czy mieli kiedy\u015b w r\u0119ku wkr\u0119tark\u0119 i czy byli w drukarni.<\/p>\n","protected":false},"excerpt":{"rendered":"<p>Prowadzenie: Pawe\u0142 Sielczak, Pracownia Bada\u0144 i Innowacji Spo\u0142ecznych &#8222;Stocznia&#8221;, Stowarzyszenie Dzia\u0142ajMY! z so\u0142ectwa Truskaw Termin: 2. dzie\u0144 Forum (12 czerwca, wtorek), godz. 10.45-12.15 Miejsce: pi\u0119tro -1, sala C Formu\u0142a:\u00a0 wymiana do\u015bwiadcze\u0144 Opis: Wszyscy mamy ju\u017c za sob\u0105 odpowied\u017a na pytania: czy i dlaczego warto rozmawia\u0107 z mieszka\u0144cami? Pozostaje zatem tylko kwestia &#8211; jak to robi\u0107? [&hellip;]<\/p>\n","protected":false},"author":141,"featured_media":0,"parent":0,"menu_order":0,"comment_status":"open","ping_status":"open","template":"template-forum_praktykow.php","meta":[],"_links":{"self":[{"href":"https:\/\/partycypacjaobywatelska.pl\/forum-2018\/wp-json\/wp\/v2\/pages\/857"}],"collection":[{"href":"https:\/\/partycypacjaobywatelska.pl\/forum-2018\/wp-json\/wp\/v2\/pages"}],"about":[{"href":"https:\/\/partycypacjaobywatelska.pl\/forum-2018\/wp-json\/wp\/v2\/types\/page"}],"author":[{"embeddable":true,"href":"https:\/\/partycypacjaobywatelska.pl\/forum-2018\/wp-json\/wp\/v2\/users\/141"}],"replies":[{"embeddable":true,"href":"https:\/\/partycypacjaobywatelska.pl\/forum-2018\/wp-json\/wp\/v2\/comments?post=857"}],"version-history":[{"count":5,"href":"https:\/\/partycypacjaobywatelska.pl\/forum-2018\/wp-json\/wp\/v2\/pages\/857\/revisions"}],"predecessor-version":[{"id":1285,"href":"https:\/\/partycypacjaobywatelska.pl\/forum-2018\/wp-json\/wp\/v2\/pages\/857\/revisions\/1285"}],"wp:attachment":[{"href":"https:\/\/partycypacjaobywatelska.pl\/forum-2018\/wp-json\/wp\/v2\/media?parent=857"}],"curies":[{"name":"wp","href":"https:\/\/api.w.org\/{rel}","templated":true}]}}