{"id":837,"date":"2018-05-25T17:44:57","date_gmt":"2018-05-25T15:44:57","guid":{"rendered":"http:\/\/partycypacjaobywatelska.pl\/forum-2018\/?page_id=837"},"modified":"2018-06-06T12:28:38","modified_gmt":"2018-06-06T10:28:38","slug":"technologie-obywatelskie-w-zarzadzaniu-miastem","status":"publish","type":"page","link":"https:\/\/partycypacjaobywatelska.pl\/forum-2018\/technologie-obywatelskie-w-zarzadzaniu-miastem\/","title":{"rendered":"Technologie obywatelskie w zarz\u0105dzaniu miastem"},"content":{"rendered":"<h4><strong>Prowadzenie:<\/strong><\/h4>\n<p>Damian Wojciech Duda\u0142a, Fundacja Instytut Bada\u0144 i Rozwoju Lokalnego\u00a0\/ Rada Osiedla Biskupin-S\u0119polno-D\u0105bie-Bartoszowice we Wroc\u0142awiu<br \/>\nRafa\u0142 Gawlik, Koduj dla Polski<\/p>\n<h4><strong>Termin:<\/strong><\/h4>\n<p>2. dzie\u0144 Forum (12 czerwca, wtorek), godz. 12.45-14.15<\/p>\n<h4><strong>Miejsce:<\/strong><\/h4>\n<p>pi\u0119tro -1, sala B<\/p>\n<h4><strong>Formu\u0142a:\u00a0<\/strong><\/h4>\n<p>sesja warsztatowa<\/p>\n<h4><strong>Opis:<\/strong><\/h4>\n<p><span style=\"font-weight: 400\">Warsztat ma za zadanie przybli\u017cy\u0107 ide\u0119 #CivicTech, kt\u00f3ra wspiera zarz\u0105dzanie miastem zar\u00f3wno przez mieszka\u0144c\u00f3w, jak i samorz\u0105d. Podczas sesji zostan\u0105 zaprezentowane r\u00f3\u017cne rozwi\u0105zania obejmuj\u0105ce aplikacje spo\u0142eczne i narz\u0119dzia informatyczne wspieraj\u0105ce samorz\u0105d w pe\u0142nieniu funkcji publicznych, b\u0119dzie te\u017c miejsce na\u00a0dyskusj\u0119 o dobrych i z\u0142ych stronach tych rozwi\u0105za\u0144. Przedstawione zostan\u0105 tak\u017ce dobre praktyki w obszarze stosowania r\u00f3\u017cnych narz\u0119dzi w Polsce i za granic\u0105. Podczas warsztatu uczestnicy b\u0119d\u0105 mieli mo\u017cliwo\u015b\u0107 przetestowania niekt\u00f3rych narz\u0119dzi czy aplikacji. <\/span><\/p>\n<p><span style=\"font-weight: 400\">Podczas warsztatu podzielimy si\u0119 tak\u017ce refleksjami z dzia\u0142alno\u015bci funkcjonuj\u0105cej we Wroc\u0142awiu Grupy Dialogu Spo\u0142ecznego ds. technologii obywatelskich, kt\u00f3ra promuje ide\u0119 #CivicTech i zach\u0119ca mieszka\u0144c\u00f3w do wykorzystywania r\u00f3\u017cnych narz\u0119dzi. <\/span><\/p>\n<p><span style=\"font-weight: 400\">Sesja jest skierowana do os\u00f3b, kt\u00f3re s\u0105 zainteresowane podj\u0119ciem dzia\u0142a\u0144 w tym obszarze na poziomie miejskim, dzielnicowym lub osiedlowym, a tak\u017ce do os\u00f3b, kt\u00f3re maj\u0105 ju\u017c jakie\u015b do\u015bwiadczenie i chcia\u0142yby si\u0119 nim podzieli\u0107.<\/span><\/p>\n","protected":false},"excerpt":{"rendered":"<p>Prowadzenie: Damian Wojciech Duda\u0142a, Fundacja Instytut Bada\u0144 i Rozwoju Lokalnego\u00a0\/ Rada Osiedla Biskupin-S\u0119polno-D\u0105bie-Bartoszowice we Wroc\u0142awiu Rafa\u0142 Gawlik, Koduj dla Polski Termin: 2. dzie\u0144 Forum (12 czerwca, wtorek), godz. 12.45-14.15 Miejsce: pi\u0119tro -1, sala B Formu\u0142a:\u00a0 sesja warsztatowa Opis: Warsztat ma za zadanie przybli\u017cy\u0107 ide\u0119 #CivicTech, kt\u00f3ra wspiera zarz\u0105dzanie miastem zar\u00f3wno przez mieszka\u0144c\u00f3w, jak i samorz\u0105d. [&hellip;]<\/p>\n","protected":false},"author":141,"featured_media":0,"parent":0,"menu_order":0,"comment_status":"open","ping_status":"open","template":"template-forum_praktykow.php","meta":[],"_links":{"self":[{"href":"https:\/\/partycypacjaobywatelska.pl\/forum-2018\/wp-json\/wp\/v2\/pages\/837"}],"collection":[{"href":"https:\/\/partycypacjaobywatelska.pl\/forum-2018\/wp-json\/wp\/v2\/pages"}],"about":[{"href":"https:\/\/partycypacjaobywatelska.pl\/forum-2018\/wp-json\/wp\/v2\/types\/page"}],"author":[{"embeddable":true,"href":"https:\/\/partycypacjaobywatelska.pl\/forum-2018\/wp-json\/wp\/v2\/users\/141"}],"replies":[{"embeddable":true,"href":"https:\/\/partycypacjaobywatelska.pl\/forum-2018\/wp-json\/wp\/v2\/comments?post=837"}],"version-history":[{"count":9,"href":"https:\/\/partycypacjaobywatelska.pl\/forum-2018\/wp-json\/wp\/v2\/pages\/837\/revisions"}],"predecessor-version":[{"id":1292,"href":"https:\/\/partycypacjaobywatelska.pl\/forum-2018\/wp-json\/wp\/v2\/pages\/837\/revisions\/1292"}],"wp:attachment":[{"href":"https:\/\/partycypacjaobywatelska.pl\/forum-2018\/wp-json\/wp\/v2\/media?parent=837"}],"curies":[{"name":"wp","href":"https:\/\/api.w.org\/{rel}","templated":true}]}}