{"id":832,"date":"2018-05-25T17:31:13","date_gmt":"2018-05-25T15:31:13","guid":{"rendered":"http:\/\/partycypacjaobywatelska.pl\/forum-2018\/?page_id=832"},"modified":"2018-06-06T12:29:32","modified_gmt":"2018-06-06T10:29:32","slug":"wlaczajacy-sie-budzet-partycypacyjny","status":"publish","type":"page","link":"https:\/\/partycypacjaobywatelska.pl\/forum-2018\/wlaczajacy-sie-budzet-partycypacyjny\/","title":{"rendered":"W\u0142\u0105czaj\u0105cy (si\u0119) bud\u017cet partycypacyjny"},"content":{"rendered":"<h4><strong>Prowadzenie:<\/strong><\/h4>\n<p>Marek Jezierski,\u00a0Centrum Komunikacji Spo\u0142ecznej,\u00a0Urz\u0105d m.st. Warszawy<br \/>\nMagdalena Mike,\u00a0Centrum Aktywno\u015bci Obywatelskiej, Urz\u0105d Miejski w D\u0105browie G\u00f3rniczej<\/p>\n<h4><strong>Termin:<\/strong><\/h4>\n<p>2. dzie\u0144 Forum (12 czerwca, wtorek), godz. 12.45-14.15<\/p>\n<h4><strong>Miejsce:<\/strong><\/h4>\n<p>pi\u0119tro -1, sala C<\/p>\n<h4><strong>Formu\u0142a:\u00a0<\/strong><\/h4>\n<p>wymiana do\u015bwiadcze\u0144<\/p>\n<h4><strong>Opis:<\/strong><\/h4>\n<p>Bud\u017cet partycypacyjny (obywatelski) dzia\u0142a. W wielu polskich miastach i gminach ju\u017c od kilku lat mieszka\u0144cy mog\u0105 decydowa\u0107, na co zostan\u0105 przeznaczone pieni\u0105dze. Aby zapewni\u0107 jak najlepsz\u0105 jako\u015b\u0107 bud\u017cetu partycypacyjnego, cz\u0119sto konieczne jest jednak korzystanie z innych dost\u0119pnych narz\u0119dzi i form partycypacji.<\/p>\n<p>Wsp\u00f3lnie z uczestnikami\u00a0sesji porozmawiamy o r\u00f3\u017cnych metodach w\u0142\u0105czania mieszka\u0144c\u00f3w w procesy decyzyjne. Zastanowimy si\u0119, kt\u00f3re z nich i w jaki spos\u00f3b warto wykorzysta\u0107 na r\u00f3\u017cnych etapach bud\u017cetu partycypacyjnego, aby podnie\u015b\u0107 jako\u015b\u0107 tego procesu. Na koniec opowiemy o r\u00f3\u017cnych dobrych praktykach wykorzystania tych narz\u0119dzi.<\/p>\n<p>Sesja ma na celu wymian\u0119 do\u015bwiadcze\u0144 mi\u0119dzy osobami, kt\u00f3re zajmuj\u0105 si\u0119 bud\u017cetem partycypacyjnym, ale te\u017c innymi narz\u0119dziami i formami partycypacji. To r\u00f3wnie\u017c \u015bwietny temat dla os\u00f3b, kt\u00f3re dopiero rozpoczynaj\u0105 swoj\u0105 przygod\u0119 z bud\u017cetem.<\/p>\n","protected":false},"excerpt":{"rendered":"<p>Prowadzenie: Marek Jezierski,\u00a0Centrum Komunikacji Spo\u0142ecznej,\u00a0Urz\u0105d m.st. Warszawy Magdalena Mike,\u00a0Centrum Aktywno\u015bci Obywatelskiej, Urz\u0105d Miejski w D\u0105browie G\u00f3rniczej Termin: 2. dzie\u0144 Forum (12 czerwca, wtorek), godz. 12.45-14.15 Miejsce: pi\u0119tro -1, sala C Formu\u0142a:\u00a0 wymiana do\u015bwiadcze\u0144 Opis: Bud\u017cet partycypacyjny (obywatelski) dzia\u0142a. W wielu polskich miastach i gminach ju\u017c od kilku lat mieszka\u0144cy mog\u0105 decydowa\u0107, na co zostan\u0105 przeznaczone [&hellip;]<\/p>\n","protected":false},"author":141,"featured_media":0,"parent":0,"menu_order":0,"comment_status":"open","ping_status":"open","template":"template-forum_praktykow.php","meta":[],"_links":{"self":[{"href":"https:\/\/partycypacjaobywatelska.pl\/forum-2018\/wp-json\/wp\/v2\/pages\/832"}],"collection":[{"href":"https:\/\/partycypacjaobywatelska.pl\/forum-2018\/wp-json\/wp\/v2\/pages"}],"about":[{"href":"https:\/\/partycypacjaobywatelska.pl\/forum-2018\/wp-json\/wp\/v2\/types\/page"}],"author":[{"embeddable":true,"href":"https:\/\/partycypacjaobywatelska.pl\/forum-2018\/wp-json\/wp\/v2\/users\/141"}],"replies":[{"embeddable":true,"href":"https:\/\/partycypacjaobywatelska.pl\/forum-2018\/wp-json\/wp\/v2\/comments?post=832"}],"version-history":[{"count":3,"href":"https:\/\/partycypacjaobywatelska.pl\/forum-2018\/wp-json\/wp\/v2\/pages\/832\/revisions"}],"predecessor-version":[{"id":1293,"href":"https:\/\/partycypacjaobywatelska.pl\/forum-2018\/wp-json\/wp\/v2\/pages\/832\/revisions\/1293"}],"wp:attachment":[{"href":"https:\/\/partycypacjaobywatelska.pl\/forum-2018\/wp-json\/wp\/v2\/media?parent=832"}],"curies":[{"name":"wp","href":"https:\/\/api.w.org\/{rel}","templated":true}]}}