{"id":820,"date":"2018-05-25T16:08:27","date_gmt":"2018-05-25T14:08:27","guid":{"rendered":"http:\/\/partycypacjaobywatelska.pl\/forum-2018\/?page_id=820"},"modified":"2018-06-06T12:16:55","modified_gmt":"2018-06-06T10:16:55","slug":"jak-wspierac-rady-seniorow-praktyczne-wskazowki","status":"publish","type":"page","link":"https:\/\/partycypacjaobywatelska.pl\/forum-2018\/jak-wspierac-rady-seniorow-praktyczne-wskazowki\/","title":{"rendered":"Jak wspiera\u0107 rady senior\u00f3w? Praktyczne wskaz\u00f3wki"},"content":{"rendered":"<h4><strong>Prowadzenie:<\/strong><\/h4>\n<p>Agnieszka Maszkowska, Fundacja SocLab<\/p>\n<h4><strong>Termin:<\/strong><\/h4>\n<p>2. dzie\u0144 Forum (12 czerwca, wtorek), godz. 9.30-10.30<\/p>\n<h4><strong>Miejsce:<\/strong><\/h4>\n<p>pi\u0119tro -1, sala C<\/p>\n<h4><strong>Formu\u0142a:\u00a0<\/strong><\/h4>\n<p>sesja \u015bniadaniowa<\/p>\n<h4><strong>Opis:<\/strong><\/h4>\n<p>Chc\u0119 opowiedzie\u0107 o dzia\u0142aniach Fundacji SocLab w wojew\u00f3dztwie podlaskim, gdzie animowali\u015bmy tworzenie rad senior\u00f3w\u00a0i\u00a0wspierali\u015bmy ju\u017c istniej\u0105ce rady. Podczas sesji porozmawiamy o podstawowych wyzwaniach w dzia\u0142alno\u015bci rad senior\u00f3w, szczeg\u00f3lnie na pocz\u0105tkowym etapie ich funkcjonowania. Zaproponuj\u0119 te\u017c kilka sprawdzonych metod radzenia sobie z trudno\u015bciami oraz przybli\u017c\u0119\u00a0standardy funkcjonowania rad senior\u00f3w i dobre przyk\u0142ady w tym zakresie. Ka\u017cdy uczestnik spotkania b\u0119dzie m\u00f3g\u0142 otrzyma\u0107 publikacj\u0119, kt\u00f3ra opisuje nasze do\u015bwiadczenia.<\/p>\n","protected":false},"excerpt":{"rendered":"<p>Prowadzenie: Agnieszka Maszkowska, Fundacja SocLab Termin: 2. dzie\u0144 Forum (12 czerwca, wtorek), godz. 9.30-10.30 Miejsce: pi\u0119tro -1, sala C Formu\u0142a:\u00a0 sesja \u015bniadaniowa Opis: Chc\u0119 opowiedzie\u0107 o dzia\u0142aniach Fundacji SocLab w wojew\u00f3dztwie podlaskim, gdzie animowali\u015bmy tworzenie rad senior\u00f3w\u00a0i\u00a0wspierali\u015bmy ju\u017c istniej\u0105ce rady. Podczas sesji porozmawiamy o podstawowych wyzwaniach w dzia\u0142alno\u015bci rad senior\u00f3w, szczeg\u00f3lnie na pocz\u0105tkowym etapie ich [&hellip;]<\/p>\n","protected":false},"author":141,"featured_media":0,"parent":0,"menu_order":0,"comment_status":"open","ping_status":"open","template":"template-forum_praktykow.php","meta":[],"_links":{"self":[{"href":"https:\/\/partycypacjaobywatelska.pl\/forum-2018\/wp-json\/wp\/v2\/pages\/820"}],"collection":[{"href":"https:\/\/partycypacjaobywatelska.pl\/forum-2018\/wp-json\/wp\/v2\/pages"}],"about":[{"href":"https:\/\/partycypacjaobywatelska.pl\/forum-2018\/wp-json\/wp\/v2\/types\/page"}],"author":[{"embeddable":true,"href":"https:\/\/partycypacjaobywatelska.pl\/forum-2018\/wp-json\/wp\/v2\/users\/141"}],"replies":[{"embeddable":true,"href":"https:\/\/partycypacjaobywatelska.pl\/forum-2018\/wp-json\/wp\/v2\/comments?post=820"}],"version-history":[{"count":5,"href":"https:\/\/partycypacjaobywatelska.pl\/forum-2018\/wp-json\/wp\/v2\/pages\/820\/revisions"}],"predecessor-version":[{"id":1276,"href":"https:\/\/partycypacjaobywatelska.pl\/forum-2018\/wp-json\/wp\/v2\/pages\/820\/revisions\/1276"}],"wp:attachment":[{"href":"https:\/\/partycypacjaobywatelska.pl\/forum-2018\/wp-json\/wp\/v2\/media?parent=820"}],"curies":[{"name":"wp","href":"https:\/\/api.w.org\/{rel}","templated":true}]}}