{"id":812,"date":"2018-05-25T15:47:31","date_gmt":"2018-05-25T13:47:31","guid":{"rendered":"http:\/\/partycypacjaobywatelska.pl\/forum-2018\/?page_id=812"},"modified":"2018-07-11T11:33:35","modified_gmt":"2018-07-11T09:33:35","slug":"ewaluacja-dlaczego-ja-robic-i-jak","status":"publish","type":"page","link":"https:\/\/partycypacjaobywatelska.pl\/forum-2018\/ewaluacja-dlaczego-ja-robic-i-jak\/","title":{"rendered":"Ewaluacja \u2013 dlaczego j\u0105 robi\u0107 i jak?"},"content":{"rendered":"<h4><strong>Prowadzenie:<\/strong><\/h4>\n<p>Agnieszka Maszkowska, Fundacja SocLab<\/p>\n<h4><strong>Wyst\u0105pienia:<\/strong><\/h4>\n<p>Anna Biernat, Centrum Komunikacji Spo\u0142ecznej, Urz\u0105d m.st. Warszawa<br \/>\nMarta Szaranowicz-Kusz, Fundacja Pole Dialogu<br \/>\n\u0141ukasz Cie\u015bli\u0144ski, Pracownia Pozarz\u0105dowa<br \/>\nRafa\u0142 Rudnicki, Pracownia Bada\u0144 i Innowacji Spo\u0142ecznych \u201eStocznia\u201d<\/p>\n<h4><strong>Termin:<\/strong><\/h4>\n<p>1. dzie\u0144 Forum (11 czerwca, poniedzia\u0142ek), godz. 14.00-15.15<\/p>\n<h4><strong>Miejsce:<\/strong><\/h4>\n<p>pi\u0119tro -1, sala B<\/p>\n<h4><strong>Formu\u0142a:\u00a0<\/strong><\/h4>\n<p>kalejdoskop<\/p>\n<h4><strong>Opis:<\/strong><\/h4>\n<p>W tym bloku kalejdoskopu skupimy si\u0119 na znaczeniu ewaluacji w procesach partycypacyjnych oraz na sposobach pozyskiwania danych i sprawdzonych narz\u0119dziach.<\/p>\n<p>Podczas sesji b\u0119dzie mo\u017cna pos\u0142ucha\u0107 m.in. o Koszali\u0144skim Bud\u017cecie Obywatelskim, kt\u00f3ry po czterech edycjach doczeka\u0142 si\u0119 gruntownych zmian. Zmiany te poprzedzone zosta\u0142y ewaluacj\u0105, kt\u00f3ra pokaza\u0142a najwi\u0119ksze atuty bud\u017cetu partycypacyjnego, ale te\u017c najwi\u0119ksze jego s\u0142abo\u015bci. Poka\u017cemy, jakich narz\u0119dzi ewaluacji u\u017cyto, kogo do niej zaproszono i jakie warunki musia\u0142y zosta\u0107 spe\u0142nione, \u017ceby wnioski z ewaluacji faktycznie zmieni\u0142y Koszali\u0144ski Bud\u017cet Obywatelski.<\/p>\n<p>Przeanalizujemy r\u00f3wnie\u017c g\u0142\u00f3wne wnioski z dotychczas przeprowadzonych ewaluacji bud\u017cet\u00f3w obywatelskich w Krakowie, w Szczecinie i Gdyni. Ewaluatorzy tych proces\u00f3w na bazie do\u015bwiadcze\u0144 wska\u017c\u0105 wyzwania stoj\u0105ce przed organizatorami proces\u00f3w partycypacyjnych, r\u00f3wnie\u017c w kontek\u015bcie stosowania i wykorzystania ewaluacji.<\/p>\n<p>Poza tematyk\u0105 ewaluacji bud\u017cet\u00f3w partycypacyjnych skupimy nasz\u0105 uwag\u0119 r\u00f3wnie\u017c na innych procesach konsultacyjnych, przybli\u017caj\u0105c do\u015bwiadczenia zwi\u0105zane z wypracowywaniem za\u0142o\u017ce\u0144 do ewaluacji konsultacji spo\u0142ecznych na przyk\u0142adzie konsultacji Miejsc Aktywno\u015bci Lokalnej w Warszawie.<\/p>\n<p>Sesj\u0119 dedykujemy wszystkim\u00a0osobom zainteresowanym pog\u0142\u0119bieniem wiedzy na temat ewaluacji i jej zastosowania w procesach partycypacyjnych. Przydatna b\u0119dzie w szczeg\u00f3lno\u015bci dla przedstawicieli samorz\u0105d\u00f3w organizuj\u0105cych konsultacje spo\u0142eczne.<\/p>\n<p><a href=\"http:\/\/partycypacjaobywatelska.pl\/forum-2018\/wp-content\/uploads\/sites\/10\/2018\/05\/kalejdoskop_ewaluacja.pdf\" target=\"_blank\">Prezentacja wprowadzaj\u0105ca<\/a> &#8211;\u00a0Agnieszka Maszkowska, Fundacja SocLab<\/p>\n","protected":false},"excerpt":{"rendered":"<p>Prowadzenie: Agnieszka Maszkowska, Fundacja SocLab Wyst\u0105pienia: Anna Biernat, Centrum Komunikacji Spo\u0142ecznej, Urz\u0105d m.st. Warszawa Marta Szaranowicz-Kusz, Fundacja Pole Dialogu \u0141ukasz Cie\u015bli\u0144ski, Pracownia Pozarz\u0105dowa Rafa\u0142 Rudnicki, Pracownia Bada\u0144 i Innowacji Spo\u0142ecznych \u201eStocznia\u201d Termin: 1. dzie\u0144 Forum (11 czerwca, poniedzia\u0142ek), godz. 14.00-15.15 Miejsce: pi\u0119tro -1, sala B Formu\u0142a:\u00a0 kalejdoskop Opis: W tym bloku kalejdoskopu skupimy si\u0119 na [&hellip;]<\/p>\n","protected":false},"author":141,"featured_media":0,"parent":0,"menu_order":0,"comment_status":"open","ping_status":"open","template":"template-forum_praktykow.php","meta":[],"_links":{"self":[{"href":"https:\/\/partycypacjaobywatelska.pl\/forum-2018\/wp-json\/wp\/v2\/pages\/812"}],"collection":[{"href":"https:\/\/partycypacjaobywatelska.pl\/forum-2018\/wp-json\/wp\/v2\/pages"}],"about":[{"href":"https:\/\/partycypacjaobywatelska.pl\/forum-2018\/wp-json\/wp\/v2\/types\/page"}],"author":[{"embeddable":true,"href":"https:\/\/partycypacjaobywatelska.pl\/forum-2018\/wp-json\/wp\/v2\/users\/141"}],"replies":[{"embeddable":true,"href":"https:\/\/partycypacjaobywatelska.pl\/forum-2018\/wp-json\/wp\/v2\/comments?post=812"}],"version-history":[{"count":7,"href":"https:\/\/partycypacjaobywatelska.pl\/forum-2018\/wp-json\/wp\/v2\/pages\/812\/revisions"}],"predecessor-version":[{"id":1424,"href":"https:\/\/partycypacjaobywatelska.pl\/forum-2018\/wp-json\/wp\/v2\/pages\/812\/revisions\/1424"}],"wp:attachment":[{"href":"https:\/\/partycypacjaobywatelska.pl\/forum-2018\/wp-json\/wp\/v2\/media?parent=812"}],"curies":[{"name":"wp","href":"https:\/\/api.w.org\/{rel}","templated":true}]}}