{"id":805,"date":"2018-05-25T15:42:12","date_gmt":"2018-05-25T13:42:12","guid":{"rendered":"http:\/\/partycypacjaobywatelska.pl\/forum-2018\/?page_id=805"},"modified":"2018-06-06T12:22:30","modified_gmt":"2018-06-06T10:22:30","slug":"partycypacja-jak-ja-mierzyc","status":"publish","type":"page","link":"https:\/\/partycypacjaobywatelska.pl\/forum-2018\/partycypacja-jak-ja-mierzyc\/","title":{"rendered":"Partycypacja \u2013 jak j\u0105 mierzy\u0107?"},"content":{"rendered":"<h4><strong>Prowadzenie:<\/strong><\/h4>\n<p>Karolina Go\u015b-W\u00f3jcicka, Departament Bada\u0144 Spo\u0142ecznych, G\u0142\u00f3wny Urz\u0105d Statystyczny<br \/>\nMa\u0142gorzata Wojtkowiak-Jakacka, Urz\u0105d Statystyczny we Wroc\u0142awiu<\/p>\n<h4><strong>Termin:<\/strong><\/h4>\n<p>2. dzie\u0144 Forum (12 czerwca, wtorek), godz. 9.30-10.30<\/p>\n<h4><strong>Miejsce:<\/strong><\/h4>\n<p>pi\u0119tro 0, strefa E3<\/p>\n<h4><strong>Formu\u0142a:\u00a0<\/strong><\/h4>\n<p>sesja \u015bniadaniowa<\/p>\n<h4><strong>Opis:<\/strong><\/h4>\n<p>Wdra\u017cane w ostatnich latach przez statystyk\u0119 publiczn\u0105 badania, w pewnych zakresach, obejmuj\u0105 ju\u017c zagadnienie partycypacji &#8211; GUS systematycznie bada zaanga\u017cowanie ludno\u015bci w bardziej lub mniej zorganizowane dzia\u0142ania spo\u0142eczne oraz kondycj\u0119 organizacji sektora obywatelskiego i ich relacje z administracj\u0105 publiczn\u0105. Planuj\u0105c w GUS-ie rozw\u00f3j bada\u0144 statystycznych w tym obszarze, widzimy przede wszystkim potrzeb\u0119 monitorowania warunk\u00f3w tworzonych przez samorz\u0105dy do w\u0142\u0105czania obywateli i ich organizacji w\u00a0podejmowanie decyzji publicznych.<\/p>\n<p>Celem naszej sesji jest przedstawienie istniej\u0105cych zasob\u00f3w statystyki publicznej i najbli\u017cszych plan\u00f3w badawczych GUS-u dotycz\u0105cych partycypacji\u00a0oraz zebranie opinii uczestnik\u00f3w Forum na temat tego, co powinno by\u0107 przedmiotem bada\u0144\u00a0w zakresie partycypacji obywatelskiej w samorz\u0105dach.<\/p>\n<p>Sesja jest adresowana do os\u00f3b, kt\u00f3re:<\/p>\n<p>&#8211; prowadz\u0105 diagnoz\u0119 poziomu wykorzystania form i technik partycypacyjnych w dzia\u0142aniach samorz\u0105d\u00f3w,<\/p>\n<p>&#8211; planuj\u0105 i ewaluuj\u0105 polityki w tym wzgl\u0119dzie,<\/p>\n<p>&#8211; maj\u0105 do\u015bwiadczanie w dzia\u0142aniach partycypacyjnych i chc\u0105 podzieli\u0107 si\u0119 z nami swoj\u0105 wiedz\u0105.<\/p>\n","protected":false},"excerpt":{"rendered":"<p>Prowadzenie: Karolina Go\u015b-W\u00f3jcicka, Departament Bada\u0144 Spo\u0142ecznych, G\u0142\u00f3wny Urz\u0105d Statystyczny Ma\u0142gorzata Wojtkowiak-Jakacka, Urz\u0105d Statystyczny we Wroc\u0142awiu Termin: 2. dzie\u0144 Forum (12 czerwca, wtorek), godz. 9.30-10.30 Miejsce: pi\u0119tro 0, strefa E3 Formu\u0142a:\u00a0 sesja \u015bniadaniowa Opis: Wdra\u017cane w ostatnich latach przez statystyk\u0119 publiczn\u0105 badania, w pewnych zakresach, obejmuj\u0105 ju\u017c zagadnienie partycypacji &#8211; GUS systematycznie bada zaanga\u017cowanie ludno\u015bci w [&hellip;]<\/p>\n","protected":false},"author":141,"featured_media":0,"parent":0,"menu_order":0,"comment_status":"open","ping_status":"open","template":"template-forum_praktykow.php","meta":[],"_links":{"self":[{"href":"https:\/\/partycypacjaobywatelska.pl\/forum-2018\/wp-json\/wp\/v2\/pages\/805"}],"collection":[{"href":"https:\/\/partycypacjaobywatelska.pl\/forum-2018\/wp-json\/wp\/v2\/pages"}],"about":[{"href":"https:\/\/partycypacjaobywatelska.pl\/forum-2018\/wp-json\/wp\/v2\/types\/page"}],"author":[{"embeddable":true,"href":"https:\/\/partycypacjaobywatelska.pl\/forum-2018\/wp-json\/wp\/v2\/users\/141"}],"replies":[{"embeddable":true,"href":"https:\/\/partycypacjaobywatelska.pl\/forum-2018\/wp-json\/wp\/v2\/comments?post=805"}],"version-history":[{"count":6,"href":"https:\/\/partycypacjaobywatelska.pl\/forum-2018\/wp-json\/wp\/v2\/pages\/805\/revisions"}],"predecessor-version":[{"id":1279,"href":"https:\/\/partycypacjaobywatelska.pl\/forum-2018\/wp-json\/wp\/v2\/pages\/805\/revisions\/1279"}],"wp:attachment":[{"href":"https:\/\/partycypacjaobywatelska.pl\/forum-2018\/wp-json\/wp\/v2\/media?parent=805"}],"curies":[{"name":"wp","href":"https:\/\/api.w.org\/{rel}","templated":true}]}}