{"id":798,"date":"2018-05-25T15:23:08","date_gmt":"2018-05-25T13:23:08","guid":{"rendered":"http:\/\/partycypacjaobywatelska.pl\/forum-2018\/?page_id=798"},"modified":"2018-06-06T12:22:57","modified_gmt":"2018-06-06T10:22:57","slug":"partycypacja-i-service-design-w-projektowaniu-oferty-instytucji-kultury","status":"publish","type":"page","link":"https:\/\/partycypacjaobywatelska.pl\/forum-2018\/partycypacja-i-service-design-w-projektowaniu-oferty-instytucji-kultury\/","title":{"rendered":"Partycypacja i Service Design w projektowaniu oferty instytucji kultury"},"content":{"rendered":"<h4><strong>Prowadzenie:<\/strong><\/h4>\n<p>Micha\u0142 Kocikowski, engage warsaw \/ Kolektyw Badawczy<br \/>\nMagdalena Ocha\u0142, Kolektyw Badawczy<\/p>\n<h4><strong>Termin:<\/strong><\/h4>\n<p>2. dzie\u0144 Forum (12 czerwca, wtorek), godz. 9.30-10.30<\/p>\n<h4><strong>Miejsce:<\/strong><\/h4>\n<p>pi\u0119tro -1, sala D<\/p>\n<h4><strong>Formu\u0142a:\u00a0<\/strong><\/h4>\n<p>sesja \u015bniadaniowa<\/p>\n<h4><strong>Opis:<\/strong><\/h4>\n<p>Podczas spotkania w skondensowany spos\u00f3b opowiemy, czym jest projektowanie us\u0142ug, czyli Service Design, oraz jak mo\u017cna i dlaczego warto wykorzystywa\u0107 t\u0119 metod\u0119 do projektowania oferty instytucji kultury. Za przyk\u0142ad pos\u0142u\u017cy nam proces partycypacyjnego projektowania oferty jednego z warszawskich dom\u00f3w kultury. W dalszej kolejno\u015bci na przyk\u0142adzie procesu projektowania miejsca aktywno\u015bci lokalnej #Pokolenia w Warszawie poka\u017cemy, jak projektowanie oferty instytucji kultury przek\u0142ada si\u0119 na projektowanie przestrzeni, w kt\u00f3rej dzia\u0142ania kulturalne b\u0119d\u0105 si\u0119 odbywa\u0107. Nie zabraknie r\u00f3wnie\u017c czasu na pytania, dyskusj\u0119 i wymian\u0119 do\u015bwiadcze\u0144.<\/p>\n<p>Service Design jest metod\u0105 znajduj\u0105c\u0105 szerokie zastosowanie, dlatego do udzia\u0142u w spotkaniu zapraszamy nie tylko osoby zwi\u0105zane stricte z instytucjami kultury czy zajmuj\u0105ce si\u0119 projektowaniem przestrzeni. Spotkanie mo\u017ce by\u0107 inspiruj\u0105ce dla wszystkich, kt\u00f3rzy w swojej pracy staj\u0105 przed wyzwaniami wymagaj\u0105cymi odpowiadania na potrzeby odbiorc\u00f3w.<\/p>\n","protected":false},"excerpt":{"rendered":"<p>Prowadzenie: Micha\u0142 Kocikowski, engage warsaw \/ Kolektyw Badawczy Magdalena Ocha\u0142, Kolektyw Badawczy Termin: 2. dzie\u0144 Forum (12 czerwca, wtorek), godz. 9.30-10.30 Miejsce: pi\u0119tro -1, sala D Formu\u0142a:\u00a0 sesja \u015bniadaniowa Opis: Podczas spotkania w skondensowany spos\u00f3b opowiemy, czym jest projektowanie us\u0142ug, czyli Service Design, oraz jak mo\u017cna i dlaczego warto wykorzystywa\u0107 t\u0119 metod\u0119 do projektowania oferty [&hellip;]<\/p>\n","protected":false},"author":141,"featured_media":0,"parent":0,"menu_order":0,"comment_status":"open","ping_status":"open","template":"template-forum_praktykow.php","meta":[],"_links":{"self":[{"href":"https:\/\/partycypacjaobywatelska.pl\/forum-2018\/wp-json\/wp\/v2\/pages\/798"}],"collection":[{"href":"https:\/\/partycypacjaobywatelska.pl\/forum-2018\/wp-json\/wp\/v2\/pages"}],"about":[{"href":"https:\/\/partycypacjaobywatelska.pl\/forum-2018\/wp-json\/wp\/v2\/types\/page"}],"author":[{"embeddable":true,"href":"https:\/\/partycypacjaobywatelska.pl\/forum-2018\/wp-json\/wp\/v2\/users\/141"}],"replies":[{"embeddable":true,"href":"https:\/\/partycypacjaobywatelska.pl\/forum-2018\/wp-json\/wp\/v2\/comments?post=798"}],"version-history":[{"count":4,"href":"https:\/\/partycypacjaobywatelska.pl\/forum-2018\/wp-json\/wp\/v2\/pages\/798\/revisions"}],"predecessor-version":[{"id":1280,"href":"https:\/\/partycypacjaobywatelska.pl\/forum-2018\/wp-json\/wp\/v2\/pages\/798\/revisions\/1280"}],"wp:attachment":[{"href":"https:\/\/partycypacjaobywatelska.pl\/forum-2018\/wp-json\/wp\/v2\/media?parent=798"}],"curies":[{"name":"wp","href":"https:\/\/api.w.org\/{rel}","templated":true}]}}