{"id":794,"date":"2018-05-25T15:15:18","date_gmt":"2018-05-25T13:15:18","guid":{"rendered":"http:\/\/partycypacjaobywatelska.pl\/forum-2018\/?page_id=794"},"modified":"2018-06-06T12:27:45","modified_gmt":"2018-06-06T10:27:45","slug":"czemu-slowo-warsztat-odstrasza-czyli-jak-skutecznie-zapraszac-do-partycypacji","status":"publish","type":"page","link":"https:\/\/partycypacjaobywatelska.pl\/forum-2018\/czemu-slowo-warsztat-odstrasza-czyli-jak-skutecznie-zapraszac-do-partycypacji\/","title":{"rendered":"Czemu s\u0142owo \u201ewarsztat\u201d odstrasza, czyli jak skutecznie zaprasza\u0107 do partycypacji?"},"content":{"rendered":"<h4><strong>Prowadzenie:<\/strong><\/h4>\n<p>Anna Petroff-Skiba i Karolina Kowalczyk, Centrum Komunikacji Spo\u0142ecznej, Urz\u0105d m.st. Warszawy<\/p>\n<h4><strong>Termin:<\/strong><\/h4>\n<p>2. dzie\u0144 Forum (12 czerwca, wtorek), godz. 12.45-14.15<\/p>\n<h4><strong>Miejsce:<\/strong><\/h4>\n<p>pi\u0119tro -1, sala A<\/p>\n<h4><strong>Formu\u0142a:\u00a0<\/strong><\/h4>\n<p>wymiana do\u015bwiadcze\u0144<\/p>\n<h4><strong>Opis:<\/strong><\/h4>\n<p>M\u00f3wienie o partycypacji to olbrzymie wyzwanie. Staramy si\u0119 zach\u0119ci\u0107 mieszka\u0144c\u00f3w do wzi\u0119cia udzia\u0142u w konsultacjach, projektujemy pi\u0119kne plakaty, a na nasze spotkania przychodzi ma\u0142o os\u00f3b. Nikt nie przeczyta\u0142 naszych materia\u0142\u00f3w? Ludzie maj\u0105 w nosie aktywno\u015b\u0107 spo\u0142eczn\u0105? A mo\u017ce po prostu czytaj\u0105cy uznali, \u017ce proces nie jest dla nich, tylko dla jakich\u015b ekspert\u00f3w lub artyst\u00f3w?<\/p>\n<p>Chcemy podzieli\u0107 si\u0119 do\u015bwiadczeniami, kt\u00f3re zdobywali\u015bmy przez ostatnie kilka miesi\u0119cy, przygl\u0105daj\u0105c si\u0119 temu, jak mieszka\u0144cy Warszawy postrzegaj\u0105 komunikacj\u0119 o konsultacjach \u2013 przeprowadzili\u015bmy szereg bada\u0144, obejrzeli\u015bmy wiele plakat\u00f3w, analizowali\u015bmy komunikacj\u0119 o partycypacji w Polsce i na \u015bwiecie. Us\u0142yszeli\u015bmy bardzo wa\u017cne rzeczy \u2013 czasem zupe\u0142nie nieoczywiste, \u017ce mieszka\u0144cy nie lubi\u0105 przychodzi\u0107 na warsztaty, bo to \u201ejakie\u015b dzia\u0142ania dla dzieci lub m\u0142odzie\u017cy\u201d. Czego jeszcze si\u0119 dowiedzieli\u015bmy? Jak przygotowa\u0107 plakat, \u017ceby faktycznie zaprasza\u0142? Przyjd\u017a, a postaramy si\u0119 o tym opowiedzie\u0107.<\/p>\n<p>Zapraszamy zar\u00f3wno urz\u0119dnik\u00f3w prowadz\u0105cych dzia\u0142ania partycypacyjne, jak i przedstawicieli innych podmiot\u00f3w, kt\u00f3re takie dzia\u0142ania organizuj\u0105. To wiedza przydatna wszystkim, kt\u00f3rzy chc\u0105 skutecznie zaprasza\u0107 do partycypacji.<\/p>\n","protected":false},"excerpt":{"rendered":"<p>Prowadzenie: Anna Petroff-Skiba i Karolina Kowalczyk, Centrum Komunikacji Spo\u0142ecznej, Urz\u0105d m.st. Warszawy Termin: 2. dzie\u0144 Forum (12 czerwca, wtorek), godz. 12.45-14.15 Miejsce: pi\u0119tro -1, sala A Formu\u0142a:\u00a0 wymiana do\u015bwiadcze\u0144 Opis: M\u00f3wienie o partycypacji to olbrzymie wyzwanie. Staramy si\u0119 zach\u0119ci\u0107 mieszka\u0144c\u00f3w do wzi\u0119cia udzia\u0142u w konsultacjach, projektujemy pi\u0119kne plakaty, a na nasze spotkania przychodzi ma\u0142o os\u00f3b. [&hellip;]<\/p>\n","protected":false},"author":141,"featured_media":0,"parent":0,"menu_order":0,"comment_status":"open","ping_status":"open","template":"template-forum_praktykow.php","meta":[],"_links":{"self":[{"href":"https:\/\/partycypacjaobywatelska.pl\/forum-2018\/wp-json\/wp\/v2\/pages\/794"}],"collection":[{"href":"https:\/\/partycypacjaobywatelska.pl\/forum-2018\/wp-json\/wp\/v2\/pages"}],"about":[{"href":"https:\/\/partycypacjaobywatelska.pl\/forum-2018\/wp-json\/wp\/v2\/types\/page"}],"author":[{"embeddable":true,"href":"https:\/\/partycypacjaobywatelska.pl\/forum-2018\/wp-json\/wp\/v2\/users\/141"}],"replies":[{"embeddable":true,"href":"https:\/\/partycypacjaobywatelska.pl\/forum-2018\/wp-json\/wp\/v2\/comments?post=794"}],"version-history":[{"count":5,"href":"https:\/\/partycypacjaobywatelska.pl\/forum-2018\/wp-json\/wp\/v2\/pages\/794\/revisions"}],"predecessor-version":[{"id":1289,"href":"https:\/\/partycypacjaobywatelska.pl\/forum-2018\/wp-json\/wp\/v2\/pages\/794\/revisions\/1289"}],"wp:attachment":[{"href":"https:\/\/partycypacjaobywatelska.pl\/forum-2018\/wp-json\/wp\/v2\/media?parent=794"}],"curies":[{"name":"wp","href":"https:\/\/api.w.org\/{rel}","templated":true}]}}