{"id":791,"date":"2018-05-25T15:11:53","date_gmt":"2018-05-25T13:11:53","guid":{"rendered":"http:\/\/partycypacjaobywatelska.pl\/forum-2018\/?page_id=791"},"modified":"2018-06-06T16:07:31","modified_gmt":"2018-06-06T14:07:31","slug":"panel-obywatelski-jak-go-robic-wskazowki-z-placu-boju","status":"publish","type":"page","link":"https:\/\/partycypacjaobywatelska.pl\/forum-2018\/panel-obywatelski-jak-go-robic-wskazowki-z-placu-boju\/","title":{"rendered":"Panel obywatelski \u2013 jak go robi\u0107? Wskaz\u00f3wki z placu boju"},"content":{"rendered":"<h4><strong>Prowadzenie:<\/strong><\/h4>\n<p>Joanna Jaczewska, Laboratorium Innowacji Spo\u0142ecznych w Gdyni<br \/>\nPiotr Choro\u015b, Urz\u0105d Miasta Lublin<\/p>\n<h4><strong>Termin:<\/strong><\/h4>\n<p>1. dzie\u0144 Forum (11 czerwca, poniedzia\u0142ek), godz. 15.45-17.45<\/p>\n<h4><strong>Miejsce:<\/strong><\/h4>\n<p>pi\u0119tro -1, sala B<\/p>\n<h4><strong>Formu\u0142a:\u00a0<\/strong><\/h4>\n<p>sesja warsztatowa \/ wymiana do\u015bwiadcze\u0144<\/p>\n<h4><strong>Opis:<\/strong><\/h4>\n<p>Za nami trzy panele obywatelskie w Gda\u0144sku i jeden w Lublinie (zako\u0144czony tu\u017c przed 5 FPP). Z uczestnikami sesji chcemy podzieli\u0107 si\u0119 do\u015bwiadczeniami z perspektywy zar\u00f3wno organizator\u00f3w (reprezentant\u00f3w urz\u0119d\u00f3w), jak i koordynator\u00f3w panelu. Zastanowimy si\u0119 nad podstawowymi dylematami zwi\u0105zanymi z metodologi\u0105 oraz standardami panelu. Jakie szanse, a jakie wyzwania mo\u017cna zidentyfikowa\u0107 w przeprowadzonych do tej pory panelach? Jakich rozwi\u0105za\u0144 mo\u017cna by\u0142oby szuka\u0107 oraz jakie by\u0142yby ich wady i zalety? Powiemy r\u00f3wnie\u017c o tym, na co warto zwraca\u0107 uwag\u0119, organizuj\u0105c panel, jakich b\u0142\u0119d\u00f3w unika\u0107 i jak przygotowa\u0107 urz\u0105d do wyzwania, jakim jest przeprowadzenie takiego procesu.<\/p>\n<p>Do udzia\u0142u zapraszamy potencjalnych przysz\u0142ych organizator\u00f3w paneli obywatelskich oraz wszystkie osoby zainteresowane t\u0105 metod\u0105.<\/p>\n<h4><strong>Do poczytania przed sesj\u0105:<\/strong><\/h4>\n<p><a href=\"http:\/\/www.gdansk.pl\/panel-obywatelski\" target=\"_blank\">Strona o panelach w Gda\u0144sku<\/a><br \/>\n<a href=\"https:\/\/lublin.eu\/mieszkancy\/partycypacja\/panel-obywatelski\/\" target=\"_blank\">Strona o panelu w Lublinie<\/a><\/p>\n","protected":false},"excerpt":{"rendered":"<p>Prowadzenie: Joanna Jaczewska, Laboratorium Innowacji Spo\u0142ecznych w Gdyni Piotr Choro\u015b, Urz\u0105d Miasta Lublin Termin: 1. dzie\u0144 Forum (11 czerwca, poniedzia\u0142ek), godz. 15.45-17.45 Miejsce: pi\u0119tro -1, sala B Formu\u0142a:\u00a0 sesja warsztatowa \/ wymiana do\u015bwiadcze\u0144 Opis: Za nami trzy panele obywatelskie w Gda\u0144sku i jeden w Lublinie (zako\u0144czony tu\u017c przed 5 FPP). Z uczestnikami sesji chcemy podzieli\u0107 [&hellip;]<\/p>\n","protected":false},"author":141,"featured_media":0,"parent":0,"menu_order":0,"comment_status":"open","ping_status":"open","template":"template-forum_praktykow.php","meta":[],"_links":{"self":[{"href":"https:\/\/partycypacjaobywatelska.pl\/forum-2018\/wp-json\/wp\/v2\/pages\/791"}],"collection":[{"href":"https:\/\/partycypacjaobywatelska.pl\/forum-2018\/wp-json\/wp\/v2\/pages"}],"about":[{"href":"https:\/\/partycypacjaobywatelska.pl\/forum-2018\/wp-json\/wp\/v2\/types\/page"}],"author":[{"embeddable":true,"href":"https:\/\/partycypacjaobywatelska.pl\/forum-2018\/wp-json\/wp\/v2\/users\/141"}],"replies":[{"embeddable":true,"href":"https:\/\/partycypacjaobywatelska.pl\/forum-2018\/wp-json\/wp\/v2\/comments?post=791"}],"version-history":[{"count":10,"href":"https:\/\/partycypacjaobywatelska.pl\/forum-2018\/wp-json\/wp\/v2\/pages\/791\/revisions"}],"predecessor-version":[{"id":1319,"href":"https:\/\/partycypacjaobywatelska.pl\/forum-2018\/wp-json\/wp\/v2\/pages\/791\/revisions\/1319"}],"wp:attachment":[{"href":"https:\/\/partycypacjaobywatelska.pl\/forum-2018\/wp-json\/wp\/v2\/media?parent=791"}],"curies":[{"name":"wp","href":"https:\/\/api.w.org\/{rel}","templated":true}]}}