{"id":786,"date":"2018-05-25T15:06:29","date_gmt":"2018-05-25T13:06:29","guid":{"rendered":"http:\/\/partycypacjaobywatelska.pl\/forum-2018\/?page_id=786"},"modified":"2018-06-06T12:28:18","modified_gmt":"2018-06-06T10:28:18","slug":"edukacja-urzednikow","status":"publish","type":"page","link":"https:\/\/partycypacjaobywatelska.pl\/forum-2018\/edukacja-urzednikow\/","title":{"rendered":"Konsultacje spo\u0142eczne &#8211; jakich b\u0142\u0119d\u00f3w nie pope\u0142nia\u0107?"},"content":{"rendered":"<h4><strong>Prowadzenie:<\/strong><\/h4>\n<p>Krzysztof Nowak i Tadeusz Mincer, Fundacja na Rzecz Studi\u00f3w Europejskich<\/p>\n<h4><strong>Termin:<\/strong><\/h4>\n<p>2. dzie\u0144 Forum (12 czerwca, wtorek), godz. 12.45-14.15<\/p>\n<h4><strong>Miejsce:<\/strong><\/h4>\n<p>pi\u0119tro +1, sala F<\/p>\n<h4><strong>Formu\u0142a:\u00a0<\/strong><\/h4>\n<p>sesja warsztatowa<\/p>\n<h4>Opis:<\/h4>\n<p>M\u00f3wi\u0105c o partycypacji, najcz\u0119\u015bciej my\u015bli si\u0119 o tym, jak przygotowa\u0107 do niej mieszka\u0144c\u00f3w, jak edukowa\u0107 m\u0142odzie\u017c, senior\u00f3w itp. Partycypacja wymaga jednak przygotowania r\u00f3wnie\u017c drugiej strony \u2013 urz\u0119du \u2013 kt\u00f3ry odpowiada za organizacj\u0119 konsultacji spo\u0142ecznych. Z naszego do\u015bwiadczenia wiemy, \u017ce urz\u0119dnicy s\u0105 coraz bardziej otwarci na partycypacj\u0119. Z drugiej strony, maj\u0105 te\u017c w\u0105tpliwo\u015bci co do sposobu przeprowadzenia konsultacji, brakuje im r\u00f3wnie\u017c merytorycznego i organizacyjnego wsparcia.<\/p>\n<p>Warsztat b\u0119dzie mia\u0142 charakter symulacji: urz\u0119dnicy wciel\u0105 si\u0119 w rol\u0119 mieszka\u0144c\u00f3w, kt\u00f3rzy bior\u0105 udzia\u0142 w konsultacjach spo\u0142ecznych. B\u0119dzie to okazja, by spojrze\u0107 na partycypacj\u0119 z innej strony i dostrzec, jakie elementy procesu mog\u0105 by\u0107 dla mieszka\u0144c\u00f3w zniech\u0119caj\u0105ce. W rezultacie uczestnicy warsztat\u00f3w b\u0119d\u0105 wiedzieli, co robi\u0107, a czego na pewno nie robi\u0107, by odbi\u00f3r konsultacji by\u0142 lepszy.<\/p>\n<p>Sesja jest przeznaczona dla urz\u0119dnik\u00f3w r\u00f3\u017cnych szczebli samorz\u0105du terytorialnego, kt\u00f3rzy zajmuj\u0105 si\u0119 konsultacjami lub planuj\u0105 rozpocz\u0105\u0107 procesy konsultacyjne. Nie jest wymagana szczeg\u00f3lna wiedza dotycz\u0105ca tematu \u2013 warsztat b\u0119dzie mia\u0142 charakter wprowadzaj\u0105cy.<\/p>\n","protected":false},"excerpt":{"rendered":"<p>Prowadzenie: Krzysztof Nowak i Tadeusz Mincer, Fundacja na Rzecz Studi\u00f3w Europejskich Termin: 2. dzie\u0144 Forum (12 czerwca, wtorek), godz. 12.45-14.15 Miejsce: pi\u0119tro +1, sala F Formu\u0142a:\u00a0 sesja warsztatowa Opis: M\u00f3wi\u0105c o partycypacji, najcz\u0119\u015bciej my\u015bli si\u0119 o tym, jak przygotowa\u0107 do niej mieszka\u0144c\u00f3w, jak edukowa\u0107 m\u0142odzie\u017c, senior\u00f3w itp. Partycypacja wymaga jednak przygotowania r\u00f3wnie\u017c drugiej strony \u2013 [&hellip;]<\/p>\n","protected":false},"author":141,"featured_media":0,"parent":0,"menu_order":0,"comment_status":"open","ping_status":"open","template":"template-forum_praktykow.php","meta":[],"_links":{"self":[{"href":"https:\/\/partycypacjaobywatelska.pl\/forum-2018\/wp-json\/wp\/v2\/pages\/786"}],"collection":[{"href":"https:\/\/partycypacjaobywatelska.pl\/forum-2018\/wp-json\/wp\/v2\/pages"}],"about":[{"href":"https:\/\/partycypacjaobywatelska.pl\/forum-2018\/wp-json\/wp\/v2\/types\/page"}],"author":[{"embeddable":true,"href":"https:\/\/partycypacjaobywatelska.pl\/forum-2018\/wp-json\/wp\/v2\/users\/141"}],"replies":[{"embeddable":true,"href":"https:\/\/partycypacjaobywatelska.pl\/forum-2018\/wp-json\/wp\/v2\/comments?post=786"}],"version-history":[{"count":5,"href":"https:\/\/partycypacjaobywatelska.pl\/forum-2018\/wp-json\/wp\/v2\/pages\/786\/revisions"}],"predecessor-version":[{"id":1291,"href":"https:\/\/partycypacjaobywatelska.pl\/forum-2018\/wp-json\/wp\/v2\/pages\/786\/revisions\/1291"}],"wp:attachment":[{"href":"https:\/\/partycypacjaobywatelska.pl\/forum-2018\/wp-json\/wp\/v2\/media?parent=786"}],"curies":[{"name":"wp","href":"https:\/\/api.w.org\/{rel}","templated":true}]}}