{"id":69,"date":"2018-04-19T11:08:23","date_gmt":"2018-04-19T09:08:23","guid":{"rendered":"http:\/\/partycypacjaobywatelska.pl\/forum-2018\/?page_id=69"},"modified":"2018-05-07T18:09:01","modified_gmt":"2018-05-07T16:09:01","slug":"zasady-uczestnictwa","status":"publish","type":"page","link":"https:\/\/partycypacjaobywatelska.pl\/forum-2018\/zasady-uczestnictwa\/","title":{"rendered":"Zasady uczestnictwa"},"content":{"rendered":"<h3>REJESTRACJA<\/h3>\n<p>Formularz zg\u0142oszeniowy b\u0119dzie\u00a0dost\u0119pny\u00a0mi\u0119dzy 8\u00a0a\u00a020 maja.<\/p>\n<p>Zach\u0119camy, by opr\u00f3cz podstawowych danych przes\u0142ali Pa\u0144stwo swoje zdj\u0119cia \u2013 pos\u0142u\u017c\u0105 do stworzenia Pa\u0144stwa wizyt\u00f3wek. Dzi\u0119ki nim \u0142atwiej nam b\u0119dzie si\u0119 podczas wydarzenia pozna\u0107.<\/p>\n<p>&nbsp;<\/p>\n<h3>P\u0141ATNO\u015aCI<\/h3>\n<p><strong>Kwestia odp\u0142atno\u015bci za udzia\u0142 w wydarzeniu<\/strong><\/p>\n<p>Dlaczego je wprowadzamy?<\/p>\n<p>Powody s\u0105 dwojakiego rodzaju. Po pierwsze, inaczej ni\u017c w latach ubieg\u0142ych nie mamy zapewnionego finansowania na pokrycie wszystkich koszt\u00f3w organizacji wydarzenia. Po drugie (i nie mniej wa\u017cne), uznali\u015bmy, \u017ce warto, by w pokryciu przynajmniej cz\u0119\u015bci koszt\u00f3w tego rodzaju wydarzenia uczestniczyli tak\u017ce sami uczestnicy lub instytucje, z kt\u00f3rymi s\u0105 zwi\u0105zani. To wa\u017cny i widoczny sygna\u0142 tego, \u017ce jest to nasze wsp\u00f3lne \u015brodowiskowe wydarzenie. Zesz\u0142oroczne wydarzenie w Lublinie pokaza\u0142o, \u017ce nie jest to dla uczestnik\u00f3w znacz\u0105ca bariera uczestnictwa, a dla tych, dla kt\u00f3rych stanowi to problem, mamy zapewnione wsparcie.<\/p>\n<p><strong>Op\u0142ata za udzia\u0142 w tegorocznym wydarzeniu b\u0119dzie wynosi\u0142a<\/strong>\u00a0<strong>100 z\u0142 brutto od osoby<\/strong>.<\/p>\n<p>Oczywi\u015bcie\u00a0<strong>nie chcemy, by ta op\u0142ata stanowi\u0142a barier\u0119 w udziale w wydarzeniu<\/strong>. Dlatego, w uzasadnionych przypadkach istnieje mo\u017cliwo\u015b\u0107 niewnoszenia tej op\u0142aty i uczestnictwa w Forum, o czym piszemy ni\u017cej.<\/p>\n<p>Podobnie op\u0142aty tej nie musz\u0105 wnosi\u0107\u00a0<strong>osoby, kt\u00f3re prowadz\u0105 poszczeg\u00f3lne sesje<\/strong>\u00a0(traktujemy to jako ich wk\u0142ad w wydarzenie), oraz\u00a0<strong>organizacje z Wroc\u0142awia<\/strong>, poniewa\u017c to samorz\u0105d tego miasta op\u0142aca gros koszt\u00f3w zwi\u0105zanych z organizacj\u0105 wydarzenia.<\/p>\n<p>Jak technicznie b\u0119dzie wygl\u0105da\u0142a kwestia potwierdze\u0144 i p\u0142atno\u015bci?<\/p>\n<p>Na etapie wype\u0142niania formularza zg\u0142oszeniowego nie trzeba dokonywa\u0107 wp\u0142aty. Ze wzgl\u0119d\u00f3w organizacyjnych prosimy jednak o udzielenie podstawowych informacji dotycz\u0105cych formy p\u0142atno\u015bci i ewentualnych potrzeb zwi\u0105zanych ze wsparciem finansowym.<\/p>\n<p><strong>Wype\u0142nienie formularza zg\u0142oszeniowego nie jest jednoznaczne z potwierdzeniem udzia\u0142u w wydarzeniu.<\/strong>\u00a0Co roku staramy si\u0119 zapewni\u0107 mo\u017cliwo\u015b\u0107 udzia\u0142u i wymiany do\u015bwiadcze\u0144 praktykom partycypacji, jednak zg\u0142osze\u0144 jest zazwyczaj wi\u0119cej ni\u017c miejsc i przy naszych ograniczeniach logistycznych (sale, liczba sesji itd.) oznacza to, \u017ce nie mo\u017cemy zagwarantowa\u0107 wszystkim ch\u0119tnym mo\u017cliwo\u015bci udzia\u0142u.<\/p>\n<p>Po zako\u0144czeniu rejestracji\u00a0<strong>(20 maja)<\/strong>\u00a0do wszystkich os\u00f3b, kt\u00f3re przes\u0142a\u0142y swoje zg\u0142oszenia wy\u015blemy mail z informacj\u0105 zwrotn\u0105 dotycz\u0105c\u0105 uczestnictwa w Forum <strong>(do 25 maja)<\/strong>.<\/p>\n<p>Op\u0142at\u0119 za wydarzenie b\u0119dziemy prosili o wniesienie\u00a0po wydarzeniu\u00a0<strong>(do 26 czerwca)<\/strong>\u00a0na podstawie wystawionej przez nas faktury od os\u00f3b fizycznych i przedstawicieli organizacji pozarz\u0105dowych\/instytucji\/firm.<\/p>\n<p>&nbsp;<\/p>\n<h3>KOSZTY PODR\u00d3\u017bY I NOCLEG<\/h3>\n<p>Co do zasady, z opisanych powy\u017cej powod\u00f3w koszty podr\u00f3\u017cy op\u0142acane s\u0105 w tym roku przez uczestnik\u00f3w. Podobnie z noclegiem \u2013 nie pokrywamy w tym roku koszt\u00f3w noclegu. Bardzo prosimy aby nie zwleka\u0107 z rezerwacj\u0105, bo liczba miejsc w hotelach we Wroc\u0142awiu jest mocno ograniczona.<\/p>\n<p>&nbsp;<\/p>\n<h3>MO\u017bLIWO\u015a\u0106 UZYSKANIA WSPARCIA ZWI\u0104ZANEGO Z UDZIA\u0141EM, PODR\u00d3\u017b\u0104 I NOCLEGIEM<\/h3>\n<p>Zdajemy sobie spraw\u0119 z tego, \u017ce odp\u0142atne uczestnictwo w Forum oraz konieczno\u015b\u0107 ponoszenia koszt\u00f3w udzia\u0142u, podr\u00f3\u017cy i noclegu mo\u017ce stanowi\u0107 dla cz\u0119\u015bci z Pa\u0144stwa realn\u0105 barier\u0119 i uniemo\u017cliwi\u0107 wzi\u0119cie udzia\u0142u w wydarzeniu.<\/p>\n<p><strong>Dysponujemy pewn\u0105 (ograniczon\u0105) pul\u0105 \u015brodk\u00f3w przeznaczonych na pokrycie koszt\u00f3w noclegu i\/lub podr\u00f3\u017cy uczestnik\u00f3w spoza Wroc\u0142awia\u00a0<\/strong>\u2013 tak\u0105 potrzeb\u0119 prosz\u0119 zg\u0142osi\u0107 w formularzu zg\u0142oszeniowym. Dodatkowo, tak jak wspominali\u015bmy wy\u017cej, istnieje mo\u017cliwo\u015b\u0107 zwolnienia z op\u0142aty za udzia\u0142 w Forum \u2013 przewidujemy je dla os\u00f3b, dla kt\u00f3rych stanowi ona realn\u0105 barier\u0119, ale tak\u017ce osobom prowadz\u0105cym sesje w trakcie Forum oraz przedstawicielom organizacji pozarz\u0105dowych z siedzib\u0105 we Wroc\u0142awiu.<\/p>\n","protected":false},"excerpt":{"rendered":"<p>REJESTRACJA Formularz zg\u0142oszeniowy b\u0119dzie\u00a0dost\u0119pny\u00a0mi\u0119dzy 8\u00a0a\u00a020 maja. Zach\u0119camy, by opr\u00f3cz podstawowych danych przes\u0142ali Pa\u0144stwo swoje zdj\u0119cia \u2013 pos\u0142u\u017c\u0105 do stworzenia Pa\u0144stwa wizyt\u00f3wek. Dzi\u0119ki nim \u0142atwiej nam b\u0119dzie si\u0119 podczas wydarzenia pozna\u0107. &nbsp; P\u0141ATNO\u015aCI Kwestia odp\u0142atno\u015bci za udzia\u0142 w wydarzeniu Dlaczego je wprowadzamy? Powody s\u0105 dwojakiego rodzaju. Po pierwsze, inaczej ni\u017c w latach ubieg\u0142ych nie mamy zapewnionego [&hellip;]<\/p>\n","protected":false},"author":1,"featured_media":0,"parent":0,"menu_order":0,"comment_status":"open","ping_status":"open","template":"template-forum_praktykow.php","meta":[],"_links":{"self":[{"href":"https:\/\/partycypacjaobywatelska.pl\/forum-2018\/wp-json\/wp\/v2\/pages\/69"}],"collection":[{"href":"https:\/\/partycypacjaobywatelska.pl\/forum-2018\/wp-json\/wp\/v2\/pages"}],"about":[{"href":"https:\/\/partycypacjaobywatelska.pl\/forum-2018\/wp-json\/wp\/v2\/types\/page"}],"author":[{"embeddable":true,"href":"https:\/\/partycypacjaobywatelska.pl\/forum-2018\/wp-json\/wp\/v2\/users\/1"}],"replies":[{"embeddable":true,"href":"https:\/\/partycypacjaobywatelska.pl\/forum-2018\/wp-json\/wp\/v2\/comments?post=69"}],"version-history":[{"count":5,"href":"https:\/\/partycypacjaobywatelska.pl\/forum-2018\/wp-json\/wp\/v2\/pages\/69\/revisions"}],"predecessor-version":[{"id":130,"href":"https:\/\/partycypacjaobywatelska.pl\/forum-2018\/wp-json\/wp\/v2\/pages\/69\/revisions\/130"}],"wp:attachment":[{"href":"https:\/\/partycypacjaobywatelska.pl\/forum-2018\/wp-json\/wp\/v2\/media?parent=69"}],"curies":[{"name":"wp","href":"https:\/\/api.w.org\/{rel}","templated":true}]}}