{"id":19,"date":"2018-02-26T11:29:56","date_gmt":"2018-02-26T10:29:56","guid":{"rendered":"http:\/\/partycypacjaobywatelska.pl\/forum-2018\/?page_id=19"},"modified":"2019-04-10T14:44:48","modified_gmt":"2019-04-10T12:44:48","slug":"organizatorzy","status":"publish","type":"page","link":"https:\/\/partycypacjaobywatelska.pl\/forum-2018\/organizatorzy\/","title":{"rendered":"Organizatorzy"},"content":{"rendered":"<h4><strong>Organizatorzy:<\/strong><\/h4>\n<p>Laboratorium Partycypacji Obywatelskiej prowadzone przez Pracowni\u0119 Bada\u0144 i Innowacji Spo\u0142ecznych \u201eStocznia\u201d, Urz\u0105d Miejski Wroc\u0142awia i Wroc\u0142awskie Centrum Rozwoju Spo\u0142ecznego.<\/p>\n<p><a href=\"http:\/\/partycypacjaobywatelska.pl\/forum-2018\/wp-content\/uploads\/sites\/10\/2018\/02\/organizatorzyFPP_belka.jpg\" data-rel=\"lightbox-image-0\" data-rl_title=\"\" data-rl_caption=\"\" title=\"\"><img loading=\"lazy\" class=\"alignleft wp-image-120 size-large\" src=\"https:\/\/partycypacjaobywatelska.pl\/forum-2018\/wp-content\/uploads\/sites\/10\/2018\/02\/organizatorzyFPP_belka-1024x188.jpg\" alt=\"organizatorzyFPP_belka\" width=\"1500\" height=\"130\" \/><\/a><\/p>\n<h4><strong>Partnerzy Forum:<\/strong><\/h4>\n<p>Fundacja Pole Dialogu, Fundacja SocLab,\u00a0Fundacja Stabilo, Laboratorium Innowacji Spo\u0142ecznych w Gdyni, Pracownia Zr\u00f3wnowa\u017conego Rozwoju, Engage Warsaw\/Kolektyw Badawczy, Towarzystwo Inicjatyw tw\u00f3rczych &#8222;\u0119&#8221;, Urz\u0105d Miasta Lublin, Urz\u0105d m.st. Warszawy, Urz\u0105d Miejski w D\u0105browie G\u00f3rniczej, Dolno\u015bl\u0105ska Federacja Organizacji Pozarz\u0105dowych, Fundacja na Rzecz Studi\u00f3w Europejskich, Fundacja Dom Pokoju.<\/p>\n<p><a href=\"http:\/\/partycypacjaobywatelska.pl\/forum-2018\/wp-content\/uploads\/sites\/10\/2018\/02\/Partnerzy-5.-FPP_all1.png\" data-rel=\"lightbox-image-1\" data-rl_title=\"\" data-rl_caption=\"\" title=\"\"><img loading=\"lazy\" class=\"alignleft size-full wp-image-350\" src=\"https:\/\/partycypacjaobywatelska.pl\/forum-2018\/wp-content\/uploads\/sites\/10\/2018\/02\/Partnerzy-5.-FPP_all1.png\" alt=\"Partnerzy-5.-FPP_all\" width=\"1316\" height=\"358\" \/><\/a><\/p>\n","protected":false},"excerpt":{"rendered":"<p>Organizatorzy: Laboratorium Partycypacji Obywatelskiej prowadzone przez Pracowni\u0119 Bada\u0144 i Innowacji Spo\u0142ecznych \u201eStocznia\u201d, Urz\u0105d Miejski Wroc\u0142awia i Wroc\u0142awskie Centrum Rozwoju Spo\u0142ecznego. Partnerzy Forum: Fundacja Pole Dialogu, Fundacja SocLab,\u00a0Fundacja Stabilo, Laboratorium Innowacji Spo\u0142ecznych w Gdyni, Pracownia Zr\u00f3wnowa\u017conego Rozwoju, Engage Warsaw\/Kolektyw Badawczy, Towarzystwo Inicjatyw tw\u00f3rczych &#8222;\u0119&#8221;, Urz\u0105d Miasta Lublin, Urz\u0105d m.st. Warszawy, Urz\u0105d Miejski w D\u0105browie G\u00f3rniczej, Dolno\u015bl\u0105ska [&hellip;]<\/p>\n","protected":false},"author":1,"featured_media":0,"parent":0,"menu_order":0,"comment_status":"open","ping_status":"closed","template":"template-forum_praktykow.php","meta":[],"_links":{"self":[{"href":"https:\/\/partycypacjaobywatelska.pl\/forum-2018\/wp-json\/wp\/v2\/pages\/19"}],"collection":[{"href":"https:\/\/partycypacjaobywatelska.pl\/forum-2018\/wp-json\/wp\/v2\/pages"}],"about":[{"href":"https:\/\/partycypacjaobywatelska.pl\/forum-2018\/wp-json\/wp\/v2\/types\/page"}],"author":[{"embeddable":true,"href":"https:\/\/partycypacjaobywatelska.pl\/forum-2018\/wp-json\/wp\/v2\/users\/1"}],"replies":[{"embeddable":true,"href":"https:\/\/partycypacjaobywatelska.pl\/forum-2018\/wp-json\/wp\/v2\/comments?post=19"}],"version-history":[{"count":19,"href":"https:\/\/partycypacjaobywatelska.pl\/forum-2018\/wp-json\/wp\/v2\/pages\/19\/revisions"}],"predecessor-version":[{"id":1500,"href":"https:\/\/partycypacjaobywatelska.pl\/forum-2018\/wp-json\/wp\/v2\/pages\/19\/revisions\/1500"}],"wp:attachment":[{"href":"https:\/\/partycypacjaobywatelska.pl\/forum-2018\/wp-json\/wp\/v2\/media?parent=19"}],"curies":[{"name":"wp","href":"https:\/\/api.w.org\/{rel}","templated":true}]}}