{"id":1456,"date":"2019-03-13T14:33:43","date_gmt":"2019-03-13T13:33:43","guid":{"rendered":"http:\/\/partycypacjaobywatelska.pl\/forum-2018\/?page_id=1456"},"modified":"2019-04-10T14:56:49","modified_gmt":"2019-04-10T12:56:49","slug":"6-forum","status":"publish","type":"page","link":"https:\/\/partycypacjaobywatelska.pl\/forum-2018\/","title":{"rendered":"O Forum"},"content":{"rendered":"<p>Forum Praktyk\u00f3w Partycypacji to 2-dniowe wydarzenie maj\u0105ce na celu wymian\u0119 do\u015bwiadcze\u0144 mi\u0119dzy osobami na co dzie\u0144 zajmuj\u0105cymi si\u0119 procesami w\u0142\u0105czania mieszka\u0144c\u00f3w w procesy podejmowania decyzji. To wydarzenie przeznaczone dla os\u00f3b aktywnie zaanga\u017cowanych w tematyk\u0119 partycypacji obywatelskiej skierowane do ka\u017cdego, kto posiada wiedz\u0119 i do\u015bwiadczenie w realizacji r\u00f3\u017cnych proces\u00f3w partycypacyjnych, chce nawi\u0105za\u0107 nowe kontakty i poruszy\u0107 podczas niego bardziej skomplikowane problemy.<\/p>\n<p>Organizuj\u0105c Forum chcemy umo\u017cliwi\u0107 praktykom partycypacji poznanie innych os\u00f3b zajmuj\u0105cych si\u0119 t\u0105 tematyk\u0105, stworzy\u0107 przestrze\u0144 wymiany my\u015bli i do\u015bwiadcze\u0144, wzajemnego poszerzania wiedzy. Chcemy\u00a0przyczynia\u0107 si\u0119 do poprawy jako\u015bci proces\u00f3w partycypacyjnych oraz utworzenia \u015brodowiska os\u00f3b zajmuj\u0105cych si\u0119 partycypacj\u0105, wspieraj\u0105cych si\u0119 merytorycznie i wzajemnie motywuj\u0105cych w organizacji w\u0142asnych przedsi\u0119wzi\u0119\u0107.<\/p>\n<p>Jak co roku,\u00a0zaproszenie do udzia\u0142u w Forum kierowali\u015bmy\u00a0do os\u00f3b praktycznie zajmuj\u0105cych si\u0119 partycypacj\u0105 obywatelsk\u0105, czyli takich, kt\u00f3re przeprowadzaj\u0105, nadzoruj\u0105 lub oceniaj\u0105 procesy w\u0142\u0105czaj\u0105ce mieszka\u0144c\u00f3w w podejmowanie decyzji, chc\u0105 si\u0119 dzieli\u0107 wiedz\u0105 jak to robi\u0107, ale te\u017c uczy\u0107 od innych.<\/p>\n<h3 class=\"heading-2\"><\/h3>\n","protected":false},"excerpt":{"rendered":"<p>Forum Praktyk\u00f3w Partycypacji to 2-dniowe wydarzenie maj\u0105ce na celu wymian\u0119 do\u015bwiadcze\u0144 mi\u0119dzy osobami na co dzie\u0144 zajmuj\u0105cymi si\u0119 procesami w\u0142\u0105czania mieszka\u0144c\u00f3w w procesy podejmowania decyzji. To wydarzenie przeznaczone dla os\u00f3b aktywnie zaanga\u017cowanych w tematyk\u0119 partycypacji obywatelskiej skierowane do ka\u017cdego, kto posiada wiedz\u0119 i do\u015bwiadczenie w realizacji r\u00f3\u017cnych proces\u00f3w partycypacyjnych, chce nawi\u0105za\u0107 nowe kontakty i poruszy\u0107 [&hellip;]<\/p>\n","protected":false},"author":141,"featured_media":0,"parent":2,"menu_order":0,"comment_status":"open","ping_status":"open","template":"template-forum_praktykow.php","meta":[],"_links":{"self":[{"href":"https:\/\/partycypacjaobywatelska.pl\/forum-2018\/wp-json\/wp\/v2\/pages\/1456"}],"collection":[{"href":"https:\/\/partycypacjaobywatelska.pl\/forum-2018\/wp-json\/wp\/v2\/pages"}],"about":[{"href":"https:\/\/partycypacjaobywatelska.pl\/forum-2018\/wp-json\/wp\/v2\/types\/page"}],"author":[{"embeddable":true,"href":"https:\/\/partycypacjaobywatelska.pl\/forum-2018\/wp-json\/wp\/v2\/users\/141"}],"replies":[{"embeddable":true,"href":"https:\/\/partycypacjaobywatelska.pl\/forum-2018\/wp-json\/wp\/v2\/comments?post=1456"}],"version-history":[{"count":13,"href":"https:\/\/partycypacjaobywatelska.pl\/forum-2018\/wp-json\/wp\/v2\/pages\/1456\/revisions"}],"predecessor-version":[{"id":1509,"href":"https:\/\/partycypacjaobywatelska.pl\/forum-2018\/wp-json\/wp\/v2\/pages\/1456\/revisions\/1509"}],"up":[{"embeddable":true,"href":"https:\/\/partycypacjaobywatelska.pl\/forum-2018\/wp-json\/wp\/v2\/pages\/2"}],"wp:attachment":[{"href":"https:\/\/partycypacjaobywatelska.pl\/forum-2018\/wp-json\/wp\/v2\/media?parent=1456"}],"curies":[{"name":"wp","href":"https:\/\/api.w.org\/{rel}","templated":true}]}}