{"id":1417,"date":"2018-07-10T17:15:41","date_gmt":"2018-07-10T15:15:41","guid":{"rendered":"http:\/\/partycypacjaobywatelska.pl\/forum-2018\/?page_id=1417"},"modified":"2019-04-10T14:44:42","modified_gmt":"2019-04-10T12:44:42","slug":"nagrania","status":"publish","type":"page","link":"https:\/\/partycypacjaobywatelska.pl\/forum-2018\/nagrania\/","title":{"rendered":"Nagrania"},"content":{"rendered":"<p>Zapraszamy do ogl\u0105dania nagra\u0144 z 5. Forum Praktyk\u00f3w Partycypacji, dost\u0119pnych przez facebooka Wroc\u0142aw Rozmawia:<\/p>\n<p><a href=\"https:\/\/www.facebook.com\/wroclawrozmawia\/videos\/2131268543820135\/\">Filmowe podsumowanie<\/a><\/p>\n<p><strong>1 DZIE\u0143:<\/strong><\/p>\n<p>&#8211; <a href=\"https:\/\/www.facebook.com\/wroclawrozmawia\/videos\/2128590654087924\/https:\/\/www.facebook.com\/wroclawrozmawia\/videos\/2128590654087924\/\" target=\"_blank\">wprowadzenie<\/a><\/p>\n<p>&#8211;<a href=\"https:\/\/www.facebook.com\/wroclawrozmawia\/videos\/2128665697413753\/\" target=\"_blank\">\u00a0Dzia\u0142ania lokalne i s\u0105siedzkie w mie\u015bcie \u2013 czyli rzecz o budowaniu wsp\u00f3lnot, nie tylko mieszkaniowych<\/a><\/p>\n<p>&#8211;\u00a0<a href=\"https:\/\/www.facebook.com\/wroclawrozmawia\/videos\/2128723700741286\/\" target=\"_blank\">Architekt jako partner: dialog projektant \u2013\u00a0u\u017cytkownik na wst\u0119pnym etapie planowania inwestycji i w trakcie realizacji<\/a><\/p>\n<p><strong>2 DZIE\u0143:<\/strong><\/p>\n<p>&#8211;\u00a0<a href=\"https:\/\/www.facebook.com\/wroclawrozmawia\/videos\/2129128547367468\/\" target=\"_blank\">Analiza funkcjonalna osiedli\u00a0we Wroc\u0142awiu \u2013 co wynika z badania?<\/a><\/p>\n<p>&#8211;\u00a0<a href=\"https:\/\/www.facebook.com\/wroclawrozmawia\/videos\/2129151527365170\/\" target=\"_blank\">Przysz\u0142o\u015b\u0107 bud\u017cetu partycypacyjnego (obywatelskiego)<\/a><\/p>\n<p>&#8211;\u00a0<a href=\"https:\/\/www.facebook.com\/wroclawrozmawia\/videos\/2129197847360538\/\" target=\"_blank\">Design Thinking w procesach partycypacyjnych \u2013 wyzwania i patenciki<\/a><\/p>\n<p>&#8211; <a href=\"https:\/\/www.facebook.com\/wroclawrozmawia\/videos\/2129269510686705\/\" target=\"_blank\">Sesja podsumowuj\u0105ca<\/a><\/p>\n<p>&nbsp;<\/p>\n","protected":false},"excerpt":{"rendered":"<p>Zapraszamy do ogl\u0105dania nagra\u0144 z 5. Forum Praktyk\u00f3w Partycypacji, dost\u0119pnych przez facebooka Wroc\u0142aw Rozmawia: Filmowe podsumowanie 1 DZIE\u0143: &#8211; wprowadzenie &#8211;\u00a0Dzia\u0142ania lokalne i s\u0105siedzkie w mie\u015bcie \u2013 czyli rzecz o budowaniu wsp\u00f3lnot, nie tylko mieszkaniowych &#8211;\u00a0Architekt jako partner: dialog projektant \u2013\u00a0u\u017cytkownik na wst\u0119pnym etapie planowania inwestycji i w trakcie realizacji 2 DZIE\u0143: &#8211;\u00a0Analiza funkcjonalna osiedli\u00a0we [&hellip;]<\/p>\n","protected":false},"author":1,"featured_media":0,"parent":0,"menu_order":0,"comment_status":"open","ping_status":"closed","template":"template-forum_praktykow.php","meta":[],"_links":{"self":[{"href":"https:\/\/partycypacjaobywatelska.pl\/forum-2018\/wp-json\/wp\/v2\/pages\/1417"}],"collection":[{"href":"https:\/\/partycypacjaobywatelska.pl\/forum-2018\/wp-json\/wp\/v2\/pages"}],"about":[{"href":"https:\/\/partycypacjaobywatelska.pl\/forum-2018\/wp-json\/wp\/v2\/types\/page"}],"author":[{"embeddable":true,"href":"https:\/\/partycypacjaobywatelska.pl\/forum-2018\/wp-json\/wp\/v2\/users\/1"}],"replies":[{"embeddable":true,"href":"https:\/\/partycypacjaobywatelska.pl\/forum-2018\/wp-json\/wp\/v2\/comments?post=1417"}],"version-history":[{"count":6,"href":"https:\/\/partycypacjaobywatelska.pl\/forum-2018\/wp-json\/wp\/v2\/pages\/1417\/revisions"}],"predecessor-version":[{"id":1499,"href":"https:\/\/partycypacjaobywatelska.pl\/forum-2018\/wp-json\/wp\/v2\/pages\/1417\/revisions\/1499"}],"wp:attachment":[{"href":"https:\/\/partycypacjaobywatelska.pl\/forum-2018\/wp-json\/wp\/v2\/media?parent=1417"}],"curies":[{"name":"wp","href":"https:\/\/api.w.org\/{rel}","templated":true}]}}