{"id":1382,"date":"2018-07-03T11:37:04","date_gmt":"2018-07-03T09:37:04","guid":{"rendered":"http:\/\/partycypacjaobywatelska.pl\/forum-2018\/?page_id=1382"},"modified":"2019-04-10T14:45:19","modified_gmt":"2019-04-10T12:45:19","slug":"zdjecia","status":"publish","type":"page","link":"https:\/\/partycypacjaobywatelska.pl\/forum-2018\/zdjecia\/","title":{"rendered":"Zdj\u0119cia"},"content":{"rendered":"<h1>Zdj\u0119cia<\/h1>\n<h3><\/h3>\n<h3>Uczestnicy 5. Forum Praktyk\u00f3w Partycypacji<\/h3>\n<div id='gallery-1' class='gallery galleryid-1382 gallery-columns-3 gallery-size-thumbnail'><dl class='gallery-item'>\n\t\t\t<dt class='gallery-icon landscape'>\n\t\t\t\t<a href='https:\/\/partycypacjaobywatelska.pl\/forum-2018\/wp-content\/uploads\/sites\/10\/2018\/07\/35194235_1913767505375020_7850919571039977472_o-1.jpg' title=\"\" data-rl_title=\"\" class=\"rl-gallery-link\" data-rl_caption=\"\" data-rel=\"lightbox-gallery-1\"><img width=\"150\" height=\"150\" src=\"https:\/\/partycypacjaobywatelska.pl\/forum-2018\/wp-content\/uploads\/sites\/10\/2018\/07\/35194235_1913767505375020_7850919571039977472_o-1-150x150.jpg\" class=\"attachment-thumbnail size-thumbnail\" alt=\"\" loading=\"lazy\" srcset=\"https:\/\/partycypacjaobywatelska.pl\/forum-2018\/wp-content\/uploads\/sites\/10\/2018\/07\/35194235_1913767505375020_7850919571039977472_o-1-150x150.jpg 150w, https:\/\/partycypacjaobywatelska.pl\/forum-2018\/wp-content\/uploads\/sites\/10\/2018\/07\/35194235_1913767505375020_7850919571039977472_o-1-177x177.jpg 177w\" sizes=\"(max-width: 150px) 100vw, 150px\" \/><\/a>\n\t\t\t<\/dt><\/dl>\n\t\t\t<br style='clear: both' \/>\n\t\t<\/div>\n\n<h3><\/h3>\n<h3>Sesje<\/h3>\n<div id='gallery-2' class='gallery galleryid-1382 gallery-columns-3 gallery-size-thumbnail'><dl class='gallery-item'>\n\t\t\t<dt class='gallery-icon landscape'>\n\t\t\t\t<a href='https:\/\/partycypacjaobywatelska.pl\/forum-2018\/wp-content\/uploads\/sites\/10\/2018\/07\/RAD5662.jpg' title=\"\" data-rl_title=\"\" class=\"rl-gallery-link\" data-rl_caption=\"\" data-rel=\"lightbox-gallery-2\"><img width=\"150\" height=\"150\" src=\"https:\/\/partycypacjaobywatelska.pl\/forum-2018\/wp-content\/uploads\/sites\/10\/2018\/07\/RAD5662-150x150.jpg\" class=\"attachment-thumbnail size-thumbnail\" alt=\"\" loading=\"lazy\" srcset=\"https:\/\/partycypacjaobywatelska.pl\/forum-2018\/wp-content\/uploads\/sites\/10\/2018\/07\/RAD5662-150x150.jpg 150w, https:\/\/partycypacjaobywatelska.pl\/forum-2018\/wp-content\/uploads\/sites\/10\/2018\/07\/RAD5662-177x177.jpg 177w\" sizes=\"(max-width: 150px) 100vw, 150px\" \/><\/a>\n\t\t\t<\/dt><\/dl><dl class='gallery-item'>\n\t\t\t<dt class='gallery-icon landscape'>\n\t\t\t\t<a href='https:\/\/partycypacjaobywatelska.pl\/forum-2018\/wp-content\/uploads\/sites\/10\/2018\/07\/RAD5669.jpg' title=\"\" data-rl_title=\"\" class=\"rl-gallery-link\" data-rl_caption=\"\" data-rel=\"lightbox-gallery-2\"><img width=\"150\" height=\"150\" src=\"https:\/\/partycypacjaobywatelska.pl\/forum-2018\/wp-content\/uploads\/sites\/10\/2018\/07\/RAD5669-150x150.jpg\" class=\"attachment-thumbnail size-thumbnail\" alt=\"\" loading=\"lazy\" srcset=\"https:\/\/partycypacjaobywatelska.pl\/forum-2018\/wp-content\/uploads\/sites\/10\/2018\/07\/RAD5669-150x150.jpg 150w, https:\/\/partycypacjaobywatelska.pl\/forum-2018\/wp-content\/uploads\/sites\/10\/2018\/07\/RAD5669-177x177.jpg 177w\" sizes=\"(max-width: 150px) 100vw, 150px\" \/><\/a>\n\t\t\t<\/dt><\/dl><dl class='gallery-item'>\n\t\t\t<dt class='gallery-icon landscape'>\n\t\t\t\t<a href='https:\/\/partycypacjaobywatelska.pl\/forum-2018\/wp-content\/uploads\/sites\/10\/2018\/07\/RAD5865.jpg' title=\"\" data-rl_title=\"\" class=\"rl-gallery-link\" data-rl_caption=\"\" data-rel=\"lightbox-gallery-2\"><img width=\"150\" height=\"150\" src=\"https:\/\/partycypacjaobywatelska.pl\/forum-2018\/wp-content\/uploads\/sites\/10\/2018\/07\/RAD5865-150x150.jpg\" class=\"attachment-thumbnail size-thumbnail\" alt=\"\" loading=\"lazy\" srcset=\"https:\/\/partycypacjaobywatelska.pl\/forum-2018\/wp-content\/uploads\/sites\/10\/2018\/07\/RAD5865-150x150.jpg 150w, https:\/\/partycypacjaobywatelska.pl\/forum-2018\/wp-content\/uploads\/sites\/10\/2018\/07\/RAD5865-177x177.jpg 177w\" sizes=\"(max-width: 150px) 100vw, 150px\" \/><\/a>\n\t\t\t<\/dt><\/dl><br style=\"clear: both\" \/><dl class='gallery-item'>\n\t\t\t<dt class='gallery-icon landscape'>\n\t\t\t\t<a href='https:\/\/partycypacjaobywatelska.pl\/forum-2018\/wp-content\/uploads\/sites\/10\/2018\/07\/RAD6901.jpg' title=\"\" data-rl_title=\"\" class=\"rl-gallery-link\" data-rl_caption=\"\" data-rel=\"lightbox-gallery-2\"><img width=\"150\" height=\"150\" src=\"https:\/\/partycypacjaobywatelska.pl\/forum-2018\/wp-content\/uploads\/sites\/10\/2018\/07\/RAD6901-150x150.jpg\" class=\"attachment-thumbnail size-thumbnail\" alt=\"\" loading=\"lazy\" srcset=\"https:\/\/partycypacjaobywatelska.pl\/forum-2018\/wp-content\/uploads\/sites\/10\/2018\/07\/RAD6901-150x150.jpg 150w, https:\/\/partycypacjaobywatelska.pl\/forum-2018\/wp-content\/uploads\/sites\/10\/2018\/07\/RAD6901-177x177.jpg 177w\" sizes=\"(max-width: 150px) 100vw, 150px\" \/><\/a>\n\t\t\t<\/dt><\/dl><dl class='gallery-item'>\n\t\t\t<dt class='gallery-icon landscape'>\n\t\t\t\t<a href='https:\/\/partycypacjaobywatelska.pl\/forum-2018\/wp-content\/uploads\/sites\/10\/2018\/07\/RAD7023.jpg' title=\"\" data-rl_title=\"\" class=\"rl-gallery-link\" data-rl_caption=\"\" data-rel=\"lightbox-gallery-2\"><img width=\"150\" height=\"150\" src=\"https:\/\/partycypacjaobywatelska.pl\/forum-2018\/wp-content\/uploads\/sites\/10\/2018\/07\/RAD7023-150x150.jpg\" class=\"attachment-thumbnail size-thumbnail\" alt=\"\" loading=\"lazy\" srcset=\"https:\/\/partycypacjaobywatelska.pl\/forum-2018\/wp-content\/uploads\/sites\/10\/2018\/07\/RAD7023-150x150.jpg 150w, https:\/\/partycypacjaobywatelska.pl\/forum-2018\/wp-content\/uploads\/sites\/10\/2018\/07\/RAD7023-177x177.jpg 177w\" sizes=\"(max-width: 150px) 100vw, 150px\" \/><\/a>\n\t\t\t<\/dt><\/dl><dl class='gallery-item'>\n\t\t\t<dt class='gallery-icon landscape'>\n\t\t\t\t<a href='https:\/\/partycypacjaobywatelska.pl\/forum-2018\/wp-content\/uploads\/sites\/10\/2018\/07\/RAD7347.jpg' title=\"\" data-rl_title=\"\" class=\"rl-gallery-link\" data-rl_caption=\"\" data-rel=\"lightbox-gallery-2\"><img width=\"150\" height=\"150\" src=\"https:\/\/partycypacjaobywatelska.pl\/forum-2018\/wp-content\/uploads\/sites\/10\/2018\/07\/RAD7347-150x150.jpg\" class=\"attachment-thumbnail size-thumbnail\" alt=\"\" loading=\"lazy\" srcset=\"https:\/\/partycypacjaobywatelska.pl\/forum-2018\/wp-content\/uploads\/sites\/10\/2018\/07\/RAD7347-150x150.jpg 150w, https:\/\/partycypacjaobywatelska.pl\/forum-2018\/wp-content\/uploads\/sites\/10\/2018\/07\/RAD7347-177x177.jpg 177w\" sizes=\"(max-width: 150px) 100vw, 150px\" \/><\/a>\n\t\t\t<\/dt><\/dl><br style=\"clear: both\" \/><dl class='gallery-item'>\n\t\t\t<dt class='gallery-icon landscape'>\n\t\t\t\t<a href='https:\/\/partycypacjaobywatelska.pl\/forum-2018\/wp-content\/uploads\/sites\/10\/2018\/07\/RAD7399.jpg' title=\"\" data-rl_title=\"\" class=\"rl-gallery-link\" data-rl_caption=\"\" data-rel=\"lightbox-gallery-2\"><img width=\"150\" height=\"150\" src=\"https:\/\/partycypacjaobywatelska.pl\/forum-2018\/wp-content\/uploads\/sites\/10\/2018\/07\/RAD7399-150x150.jpg\" class=\"attachment-thumbnail size-thumbnail\" alt=\"\" loading=\"lazy\" srcset=\"https:\/\/partycypacjaobywatelska.pl\/forum-2018\/wp-content\/uploads\/sites\/10\/2018\/07\/RAD7399-150x150.jpg 150w, https:\/\/partycypacjaobywatelska.pl\/forum-2018\/wp-content\/uploads\/sites\/10\/2018\/07\/RAD7399-177x177.jpg 177w\" sizes=\"(max-width: 150px) 100vw, 150px\" \/><\/a>\n\t\t\t<\/dt><\/dl><dl class='gallery-item'>\n\t\t\t<dt class='gallery-icon landscape'>\n\t\t\t\t<a href='https:\/\/partycypacjaobywatelska.pl\/forum-2018\/wp-content\/uploads\/sites\/10\/2018\/07\/RAD7498.jpg' title=\"\" data-rl_title=\"\" class=\"rl-gallery-link\" data-rl_caption=\"\" data-rel=\"lightbox-gallery-2\"><img width=\"150\" height=\"150\" src=\"https:\/\/partycypacjaobywatelska.pl\/forum-2018\/wp-content\/uploads\/sites\/10\/2018\/07\/RAD7498-150x150.jpg\" class=\"attachment-thumbnail size-thumbnail\" alt=\"\" loading=\"lazy\" srcset=\"https:\/\/partycypacjaobywatelska.pl\/forum-2018\/wp-content\/uploads\/sites\/10\/2018\/07\/RAD7498-150x150.jpg 150w, https:\/\/partycypacjaobywatelska.pl\/forum-2018\/wp-content\/uploads\/sites\/10\/2018\/07\/RAD7498-177x177.jpg 177w\" sizes=\"(max-width: 150px) 100vw, 150px\" \/><\/a>\n\t\t\t<\/dt><\/dl><dl class='gallery-item'>\n\t\t\t<dt class='gallery-icon landscape'>\n\t\t\t\t<a href='https:\/\/partycypacjaobywatelska.pl\/forum-2018\/wp-content\/uploads\/sites\/10\/2018\/07\/RAD7532.jpg' title=\"\" data-rl_title=\"\" class=\"rl-gallery-link\" data-rl_caption=\"\" data-rel=\"lightbox-gallery-2\"><img width=\"150\" height=\"150\" src=\"https:\/\/partycypacjaobywatelska.pl\/forum-2018\/wp-content\/uploads\/sites\/10\/2018\/07\/RAD7532-150x150.jpg\" class=\"attachment-thumbnail size-thumbnail\" alt=\"\" loading=\"lazy\" srcset=\"https:\/\/partycypacjaobywatelska.pl\/forum-2018\/wp-content\/uploads\/sites\/10\/2018\/07\/RAD7532-150x150.jpg 150w, https:\/\/partycypacjaobywatelska.pl\/forum-2018\/wp-content\/uploads\/sites\/10\/2018\/07\/RAD7532-177x177.jpg 177w\" sizes=\"(max-width: 150px) 100vw, 150px\" \/><\/a>\n\t\t\t<\/dt><\/dl><br style=\"clear: both\" \/><dl class='gallery-item'>\n\t\t\t<dt class='gallery-icon landscape'>\n\t\t\t\t<a href='https:\/\/partycypacjaobywatelska.pl\/forum-2018\/wp-content\/uploads\/sites\/10\/2018\/07\/RAD7628.jpg' title=\"\" data-rl_title=\"\" class=\"rl-gallery-link\" data-rl_caption=\"\" data-rel=\"lightbox-gallery-2\"><img width=\"150\" height=\"150\" src=\"https:\/\/partycypacjaobywatelska.pl\/forum-2018\/wp-content\/uploads\/sites\/10\/2018\/07\/RAD7628-150x150.jpg\" class=\"attachment-thumbnail size-thumbnail\" alt=\"\" loading=\"lazy\" srcset=\"https:\/\/partycypacjaobywatelska.pl\/forum-2018\/wp-content\/uploads\/sites\/10\/2018\/07\/RAD7628-150x150.jpg 150w, https:\/\/partycypacjaobywatelska.pl\/forum-2018\/wp-content\/uploads\/sites\/10\/2018\/07\/RAD7628-177x177.jpg 177w\" sizes=\"(max-width: 150px) 100vw, 150px\" \/><\/a>\n\t\t\t<\/dt><\/dl><dl class='gallery-item'>\n\t\t\t<dt class='gallery-icon landscape'>\n\t\t\t\t<a href='https:\/\/partycypacjaobywatelska.pl\/forum-2018\/wp-content\/uploads\/sites\/10\/2018\/07\/RAD7698.jpg' title=\"\" data-rl_title=\"\" class=\"rl-gallery-link\" data-rl_caption=\"\" data-rel=\"lightbox-gallery-2\"><img width=\"150\" height=\"150\" src=\"https:\/\/partycypacjaobywatelska.pl\/forum-2018\/wp-content\/uploads\/sites\/10\/2018\/07\/RAD7698-150x150.jpg\" class=\"attachment-thumbnail size-thumbnail\" alt=\"\" loading=\"lazy\" srcset=\"https:\/\/partycypacjaobywatelska.pl\/forum-2018\/wp-content\/uploads\/sites\/10\/2018\/07\/RAD7698-150x150.jpg 150w, https:\/\/partycypacjaobywatelska.pl\/forum-2018\/wp-content\/uploads\/sites\/10\/2018\/07\/RAD7698-177x177.jpg 177w\" sizes=\"(max-width: 150px) 100vw, 150px\" \/><\/a>\n\t\t\t<\/dt><\/dl><dl class='gallery-item'>\n\t\t\t<dt class='gallery-icon landscape'>\n\t\t\t\t<a href='https:\/\/partycypacjaobywatelska.pl\/forum-2018\/wp-content\/uploads\/sites\/10\/2018\/07\/RAD7717.jpg' title=\"\" data-rl_title=\"\" class=\"rl-gallery-link\" data-rl_caption=\"\" data-rel=\"lightbox-gallery-2\"><img width=\"150\" height=\"150\" src=\"https:\/\/partycypacjaobywatelska.pl\/forum-2018\/wp-content\/uploads\/sites\/10\/2018\/07\/RAD7717-150x150.jpg\" class=\"attachment-thumbnail size-thumbnail\" alt=\"\" loading=\"lazy\" srcset=\"https:\/\/partycypacjaobywatelska.pl\/forum-2018\/wp-content\/uploads\/sites\/10\/2018\/07\/RAD7717-150x150.jpg 150w, https:\/\/partycypacjaobywatelska.pl\/forum-2018\/wp-content\/uploads\/sites\/10\/2018\/07\/RAD7717-177x177.jpg 177w\" sizes=\"(max-width: 150px) 100vw, 150px\" \/><\/a>\n\t\t\t<\/dt><\/dl><br style=\"clear: both\" \/><dl class='gallery-item'>\n\t\t\t<dt class='gallery-icon landscape'>\n\t\t\t\t<a href='https:\/\/partycypacjaobywatelska.pl\/forum-2018\/wp-content\/uploads\/sites\/10\/2018\/07\/35162276_1913922422026195_7389155022728069120_o.jpg' title=\"\" data-rl_title=\"\" class=\"rl-gallery-link\" data-rl_caption=\"\" data-rel=\"lightbox-gallery-2\"><img width=\"150\" height=\"150\" src=\"https:\/\/partycypacjaobywatelska.pl\/forum-2018\/wp-content\/uploads\/sites\/10\/2018\/07\/35162276_1913922422026195_7389155022728069120_o-150x150.jpg\" class=\"attachment-thumbnail size-thumbnail\" alt=\"\" loading=\"lazy\" srcset=\"https:\/\/partycypacjaobywatelska.pl\/forum-2018\/wp-content\/uploads\/sites\/10\/2018\/07\/35162276_1913922422026195_7389155022728069120_o-150x150.jpg 150w, https:\/\/partycypacjaobywatelska.pl\/forum-2018\/wp-content\/uploads\/sites\/10\/2018\/07\/35162276_1913922422026195_7389155022728069120_o-177x177.jpg 177w\" sizes=\"(max-width: 150px) 100vw, 150px\" \/><\/a>\n\t\t\t<\/dt><\/dl><dl class='gallery-item'>\n\t\t\t<dt class='gallery-icon landscape'>\n\t\t\t\t<a href='https:\/\/partycypacjaobywatelska.pl\/forum-2018\/wp-content\/uploads\/sites\/10\/2018\/07\/35143793_1913704825381288_8828333812690714624_o.jpg' title=\"\" data-rl_title=\"\" class=\"rl-gallery-link\" data-rl_caption=\"\" data-rel=\"lightbox-gallery-2\"><img width=\"150\" height=\"150\" src=\"https:\/\/partycypacjaobywatelska.pl\/forum-2018\/wp-content\/uploads\/sites\/10\/2018\/07\/35143793_1913704825381288_8828333812690714624_o-150x150.jpg\" class=\"attachment-thumbnail size-thumbnail\" alt=\"\" loading=\"lazy\" srcset=\"https:\/\/partycypacjaobywatelska.pl\/forum-2018\/wp-content\/uploads\/sites\/10\/2018\/07\/35143793_1913704825381288_8828333812690714624_o-150x150.jpg 150w, https:\/\/partycypacjaobywatelska.pl\/forum-2018\/wp-content\/uploads\/sites\/10\/2018\/07\/35143793_1913704825381288_8828333812690714624_o-177x177.jpg 177w\" sizes=\"(max-width: 150px) 100vw, 150px\" \/><\/a>\n\t\t\t<\/dt><\/dl><dl class='gallery-item'>\n\t\t\t<dt class='gallery-icon landscape'>\n\t\t\t\t<a href='https:\/\/partycypacjaobywatelska.pl\/forum-2018\/wp-content\/uploads\/sites\/10\/2018\/07\/35319093_1914234058661698_5893006038499590144_o.jpg' title=\"\" data-rl_title=\"\" class=\"rl-gallery-link\" data-rl_caption=\"\" data-rel=\"lightbox-gallery-2\"><img width=\"150\" height=\"150\" src=\"https:\/\/partycypacjaobywatelska.pl\/forum-2018\/wp-content\/uploads\/sites\/10\/2018\/07\/35319093_1914234058661698_5893006038499590144_o-150x150.jpg\" class=\"attachment-thumbnail size-thumbnail\" alt=\"\" loading=\"lazy\" srcset=\"https:\/\/partycypacjaobywatelska.pl\/forum-2018\/wp-content\/uploads\/sites\/10\/2018\/07\/35319093_1914234058661698_5893006038499590144_o-150x150.jpg 150w, https:\/\/partycypacjaobywatelska.pl\/forum-2018\/wp-content\/uploads\/sites\/10\/2018\/07\/35319093_1914234058661698_5893006038499590144_o-177x177.jpg 177w\" sizes=\"(max-width: 150px) 100vw, 150px\" \/><\/a>\n\t\t\t<\/dt><\/dl><br style=\"clear: both\" \/>\n\t\t<\/div>\n\n<h3><\/h3>\n<h3>Wydarzenia wieczorne<\/h3>\n<h3><\/h3>\n<p><div id='gallery-3' class='gallery galleryid-1382 gallery-columns-3 gallery-size-thumbnail'><dl class='gallery-item'>\n\t\t\t<dt class='gallery-icon landscape'>\n\t\t\t\t<a href='https:\/\/partycypacjaobywatelska.pl\/forum-2018\/wp-content\/uploads\/sites\/10\/2018\/07\/35051282_1914245241993913_4244259915671011328_o.jpg' title=\"\" data-rl_title=\"\" class=\"rl-gallery-link\" data-rl_caption=\"\" data-rel=\"lightbox-gallery-3\"><img width=\"150\" height=\"150\" src=\"https:\/\/partycypacjaobywatelska.pl\/forum-2018\/wp-content\/uploads\/sites\/10\/2018\/07\/35051282_1914245241993913_4244259915671011328_o-150x150.jpg\" class=\"attachment-thumbnail size-thumbnail\" alt=\"\" loading=\"lazy\" srcset=\"https:\/\/partycypacjaobywatelska.pl\/forum-2018\/wp-content\/uploads\/sites\/10\/2018\/07\/35051282_1914245241993913_4244259915671011328_o-150x150.jpg 150w, https:\/\/partycypacjaobywatelska.pl\/forum-2018\/wp-content\/uploads\/sites\/10\/2018\/07\/35051282_1914245241993913_4244259915671011328_o-177x177.jpg 177w\" sizes=\"(max-width: 150px) 100vw, 150px\" \/><\/a>\n\t\t\t<\/dt><\/dl><dl class='gallery-item'>\n\t\t\t<dt class='gallery-icon landscape'>\n\t\t\t\t<a href='https:\/\/partycypacjaobywatelska.pl\/forum-2018\/wp-content\/uploads\/sites\/10\/2018\/07\/35232932_1914244895327281_5456183911463780352_o.jpg' title=\"\" data-rl_title=\"\" class=\"rl-gallery-link\" data-rl_caption=\"\" data-rel=\"lightbox-gallery-3\"><img width=\"150\" height=\"150\" src=\"https:\/\/partycypacjaobywatelska.pl\/forum-2018\/wp-content\/uploads\/sites\/10\/2018\/07\/35232932_1914244895327281_5456183911463780352_o-150x150.jpg\" class=\"attachment-thumbnail size-thumbnail\" alt=\"\" loading=\"lazy\" srcset=\"https:\/\/partycypacjaobywatelska.pl\/forum-2018\/wp-content\/uploads\/sites\/10\/2018\/07\/35232932_1914244895327281_5456183911463780352_o-150x150.jpg 150w, https:\/\/partycypacjaobywatelska.pl\/forum-2018\/wp-content\/uploads\/sites\/10\/2018\/07\/35232932_1914244895327281_5456183911463780352_o-177x177.jpg 177w\" sizes=\"(max-width: 150px) 100vw, 150px\" \/><\/a>\n\t\t\t<\/dt><\/dl><dl class='gallery-item'>\n\t\t\t<dt class='gallery-icon landscape'>\n\t\t\t\t<a href='https:\/\/partycypacjaobywatelska.pl\/forum-2018\/wp-content\/uploads\/sites\/10\/2018\/07\/35113980_1914244741993963_8447703125040562176_o.jpg' title=\"\" data-rl_title=\"\" class=\"rl-gallery-link\" data-rl_caption=\"\" data-rel=\"lightbox-gallery-3\"><img width=\"150\" height=\"150\" src=\"https:\/\/partycypacjaobywatelska.pl\/forum-2018\/wp-content\/uploads\/sites\/10\/2018\/07\/35113980_1914244741993963_8447703125040562176_o-150x150.jpg\" class=\"attachment-thumbnail size-thumbnail\" alt=\"\" loading=\"lazy\" srcset=\"https:\/\/partycypacjaobywatelska.pl\/forum-2018\/wp-content\/uploads\/sites\/10\/2018\/07\/35113980_1914244741993963_8447703125040562176_o-150x150.jpg 150w, https:\/\/partycypacjaobywatelska.pl\/forum-2018\/wp-content\/uploads\/sites\/10\/2018\/07\/35113980_1914244741993963_8447703125040562176_o-177x177.jpg 177w\" sizes=\"(max-width: 150px) 100vw, 150px\" \/><\/a>\n\t\t\t<\/dt><\/dl><br style=\"clear: both\" \/><dl class='gallery-item'>\n\t\t\t<dt class='gallery-icon landscape'>\n\t\t\t\t<a href='https:\/\/partycypacjaobywatelska.pl\/forum-2018\/wp-content\/uploads\/sites\/10\/2018\/07\/35102391_1914245495327221_2865485696083165184_o.jpg' title=\"\" data-rl_title=\"\" class=\"rl-gallery-link\" data-rl_caption=\"\" data-rel=\"lightbox-gallery-3\"><img width=\"150\" height=\"150\" src=\"https:\/\/partycypacjaobywatelska.pl\/forum-2018\/wp-content\/uploads\/sites\/10\/2018\/07\/35102391_1914245495327221_2865485696083165184_o-150x150.jpg\" class=\"attachment-thumbnail size-thumbnail\" alt=\"\" loading=\"lazy\" srcset=\"https:\/\/partycypacjaobywatelska.pl\/forum-2018\/wp-content\/uploads\/sites\/10\/2018\/07\/35102391_1914245495327221_2865485696083165184_o-150x150.jpg 150w, https:\/\/partycypacjaobywatelska.pl\/forum-2018\/wp-content\/uploads\/sites\/10\/2018\/07\/35102391_1914245495327221_2865485696083165184_o-177x177.jpg 177w\" sizes=\"(max-width: 150px) 100vw, 150px\" \/><\/a>\n\t\t\t<\/dt><\/dl><dl class='gallery-item'>\n\t\t\t<dt class='gallery-icon landscape'>\n\t\t\t\t<a href='https:\/\/partycypacjaobywatelska.pl\/forum-2018\/wp-content\/uploads\/sites\/10\/2018\/07\/35143586_1914245091993928_6560723614503534592_o.jpg' title=\"\" data-rl_title=\"\" class=\"rl-gallery-link\" data-rl_caption=\"\" data-rel=\"lightbox-gallery-3\"><img width=\"150\" height=\"150\" src=\"https:\/\/partycypacjaobywatelska.pl\/forum-2018\/wp-content\/uploads\/sites\/10\/2018\/07\/35143586_1914245091993928_6560723614503534592_o-150x150.jpg\" class=\"attachment-thumbnail size-thumbnail\" alt=\"\" loading=\"lazy\" srcset=\"https:\/\/partycypacjaobywatelska.pl\/forum-2018\/wp-content\/uploads\/sites\/10\/2018\/07\/35143586_1914245091993928_6560723614503534592_o-150x150.jpg 150w, https:\/\/partycypacjaobywatelska.pl\/forum-2018\/wp-content\/uploads\/sites\/10\/2018\/07\/35143586_1914245091993928_6560723614503534592_o-177x177.jpg 177w\" sizes=\"(max-width: 150px) 100vw, 150px\" \/><\/a>\n\t\t\t<\/dt><\/dl><dl class='gallery-item'>\n\t\t\t<dt class='gallery-icon landscape'>\n\t\t\t\t<a href='https:\/\/partycypacjaobywatelska.pl\/forum-2018\/wp-content\/uploads\/sites\/10\/2018\/07\/35151227_1914245458660558_8203306390542876672_o.jpg' title=\"\" data-rl_title=\"\" class=\"rl-gallery-link\" data-rl_caption=\"\" data-rel=\"lightbox-gallery-3\"><img width=\"150\" height=\"150\" src=\"https:\/\/partycypacjaobywatelska.pl\/forum-2018\/wp-content\/uploads\/sites\/10\/2018\/07\/35151227_1914245458660558_8203306390542876672_o-150x150.jpg\" class=\"attachment-thumbnail size-thumbnail\" alt=\"\" loading=\"lazy\" srcset=\"https:\/\/partycypacjaobywatelska.pl\/forum-2018\/wp-content\/uploads\/sites\/10\/2018\/07\/35151227_1914245458660558_8203306390542876672_o-150x150.jpg 150w, https:\/\/partycypacjaobywatelska.pl\/forum-2018\/wp-content\/uploads\/sites\/10\/2018\/07\/35151227_1914245458660558_8203306390542876672_o-177x177.jpg 177w\" sizes=\"(max-width: 150px) 100vw, 150px\" \/><\/a>\n\t\t\t<\/dt><\/dl><br style=\"clear: both\" \/>\n\t\t<\/div>\n<br \/>\nAutor zdj\u0119\u0107: Wojtek Radwa\u0144ski<\/p>\n","protected":false},"excerpt":{"rendered":"<p>Zdj\u0119cia Uczestnicy 5. Forum Praktyk\u00f3w Partycypacji Sesje Wydarzenia wieczorne Autor zdj\u0119\u0107: Wojtek Radwa\u0144ski<\/p>\n","protected":false},"author":141,"featured_media":0,"parent":0,"menu_order":0,"comment_status":"open","ping_status":"closed","template":"","meta":[],"_links":{"self":[{"href":"https:\/\/partycypacjaobywatelska.pl\/forum-2018\/wp-json\/wp\/v2\/pages\/1382"}],"collection":[{"href":"https:\/\/partycypacjaobywatelska.pl\/forum-2018\/wp-json\/wp\/v2\/pages"}],"about":[{"href":"https:\/\/partycypacjaobywatelska.pl\/forum-2018\/wp-json\/wp\/v2\/types\/page"}],"author":[{"embeddable":true,"href":"https:\/\/partycypacjaobywatelska.pl\/forum-2018\/wp-json\/wp\/v2\/users\/141"}],"replies":[{"embeddable":true,"href":"https:\/\/partycypacjaobywatelska.pl\/forum-2018\/wp-json\/wp\/v2\/comments?post=1382"}],"version-history":[{"count":11,"href":"https:\/\/partycypacjaobywatelska.pl\/forum-2018\/wp-json\/wp\/v2\/pages\/1382\/revisions"}],"predecessor-version":[{"id":1501,"href":"https:\/\/partycypacjaobywatelska.pl\/forum-2018\/wp-json\/wp\/v2\/pages\/1382\/revisions\/1501"}],"wp:attachment":[{"href":"https:\/\/partycypacjaobywatelska.pl\/forum-2018\/wp-json\/wp\/v2\/media?parent=1382"}],"curies":[{"name":"wp","href":"https:\/\/api.w.org\/{rel}","templated":true}]}}