{"id":1351,"date":"2018-06-07T12:50:18","date_gmt":"2018-06-07T10:50:18","guid":{"rendered":"http:\/\/partycypacjaobywatelska.pl\/forum-2018\/?page_id=1351"},"modified":"2018-06-07T12:50:56","modified_gmt":"2018-06-07T10:50:56","slug":"sesja-otwierajaca","status":"publish","type":"page","link":"https:\/\/partycypacjaobywatelska.pl\/forum-2018\/sesja-otwierajaca\/","title":{"rendered":"Sesja otwieraj\u0105ca"},"content":{"rendered":"<h4><strong>Prowadzenie:<\/strong><\/h4>\n<p>Maria Jagaciak, Pracownia Bada\u0144 i Innowacji Spo\u0142ecznych &#8222;Stocznia&#8221;<\/p>\n<p>Bart\u0142omiej \u015awierczewski, Urz\u0105d Miejski Wroc\u0142awia<\/p>\n<h4><strong>Termin:<\/strong><\/h4>\n<p>1. dzie\u0144 Forum (11 czerwca, poniedzia\u0142ek), godz. 11.30-13.00<\/p>\n<h4><strong>Miejsce:<\/strong><\/h4>\n<p>pi\u0119tro 0, sala E<\/p>\n<h4><strong>Opis:<\/strong><\/h4>\n<p>Zaczniemy, jak zwykle, od przywitania si\u0119 i ucieszenia si\u0119, \u017ce jeste\u015bmy w tak licznym gronie. Opowiemy tak\u017ce o najwa\u017cniejszych elementach zwi\u0105zanych z programem i uczestnictwem w wydarzeniu. Sprawdzon\u0105 ju\u017c na Forach metod\u0105 stworzymy te\u017c przestrze\u0144 do poznania si\u0119 przynajmniej z kilkorgiem uczestnik\u00f3w.<\/p>\n<p>W tej cz\u0119\u015bci w imieniu Wroc\u0142awia, kt\u00f3ry go\u015bci tegoroczne Forum, g\u0142os zabierze tak\u017ce <strong>Jacek Sutryk<\/strong> (Dyrektor Departamentu Spraw Spo\u0142ecznych Urz\u0119du Miejskiego Wroc\u0142awia).<\/p>\n<p>Nast\u0119pnie, te\u017c ju\u017c zgodnie z utart\u0105 tradycj\u0105, wyst\u0105pi <strong>Kuba Wygna\u0144ski<\/strong> ze Stoczni, kt\u00f3ry tym razem skupi si\u0119 na w\u0105tkach dotycz\u0105cych rozmawiania mimo r\u00f3\u017cnic, konflikcie, partycypacji, mie\u015bcie&#8230;<\/p>\n<p>Na koniec, w formie i\u015bcie sprinterskiej, porozmawiamy o nich w mniejszych grupach.<\/p>\n","protected":false},"excerpt":{"rendered":"<p>Prowadzenie: Maria Jagaciak, Pracownia Bada\u0144 i Innowacji Spo\u0142ecznych &#8222;Stocznia&#8221; Bart\u0142omiej \u015awierczewski, Urz\u0105d Miejski Wroc\u0142awia Termin: 1. dzie\u0144 Forum (11 czerwca, poniedzia\u0142ek), godz. 11.30-13.00 Miejsce: pi\u0119tro 0, sala E Opis: Zaczniemy, jak zwykle, od przywitania si\u0119 i ucieszenia si\u0119, \u017ce jeste\u015bmy w tak licznym gronie. Opowiemy tak\u017ce o najwa\u017cniejszych elementach zwi\u0105zanych z programem i uczestnictwem w [&hellip;]<\/p>\n","protected":false},"author":1,"featured_media":0,"parent":0,"menu_order":0,"comment_status":"open","ping_status":"open","template":"template-forum_praktykow.php","meta":[],"_links":{"self":[{"href":"https:\/\/partycypacjaobywatelska.pl\/forum-2018\/wp-json\/wp\/v2\/pages\/1351"}],"collection":[{"href":"https:\/\/partycypacjaobywatelska.pl\/forum-2018\/wp-json\/wp\/v2\/pages"}],"about":[{"href":"https:\/\/partycypacjaobywatelska.pl\/forum-2018\/wp-json\/wp\/v2\/types\/page"}],"author":[{"embeddable":true,"href":"https:\/\/partycypacjaobywatelska.pl\/forum-2018\/wp-json\/wp\/v2\/users\/1"}],"replies":[{"embeddable":true,"href":"https:\/\/partycypacjaobywatelska.pl\/forum-2018\/wp-json\/wp\/v2\/comments?post=1351"}],"version-history":[{"count":2,"href":"https:\/\/partycypacjaobywatelska.pl\/forum-2018\/wp-json\/wp\/v2\/pages\/1351\/revisions"}],"predecessor-version":[{"id":1353,"href":"https:\/\/partycypacjaobywatelska.pl\/forum-2018\/wp-json\/wp\/v2\/pages\/1351\/revisions\/1353"}],"wp:attachment":[{"href":"https:\/\/partycypacjaobywatelska.pl\/forum-2018\/wp-json\/wp\/v2\/media?parent=1351"}],"curies":[{"name":"wp","href":"https:\/\/api.w.org\/{rel}","templated":true}]}}