{"id":1295,"date":"2018-06-06T12:34:25","date_gmt":"2018-06-06T10:34:25","guid":{"rendered":"http:\/\/partycypacjaobywatelska.pl\/forum-2018\/?page_id=1295"},"modified":"2019-04-10T14:44:37","modified_gmt":"2019-04-10T12:44:37","slug":"aplikacja-mobilna","status":"publish","type":"page","link":"https:\/\/partycypacjaobywatelska.pl\/forum-2018\/aplikacja-mobilna\/","title":{"rendered":"Aplikacja mobilna"},"content":{"rendered":"<p>Po raz pierwszy w pi\u0119cioletniej historii Forum udost\u0119pniamy aplikacj\u0119 mobiln\u0105 z najwa\u017cniejszymi informacjami o naszym wydarzeniu!<\/p>\n<p>Bezp\u0142atn\u0105 aplikacj\u0119 &#8222;Forum Praktyk\u00f3w Partycypacji&#8221; znajdziecie w sklepach <a href=\"https:\/\/play.google.com\/store\/apps\/details?id=pl.mkonferencja.fpp\" target=\"_blank\">GooglePlay<\/a> i <a href=\"https:\/\/itunes.apple.com\/gb\/app\/forum-praktyk%C3%B3w-partycypacji\/id1394064548?mt=8&amp;ign-mpt=uo%3D2\" target=\"_blank\">AppStore<\/a>.<\/p>\n<p><a href=\"http:\/\/partycypacjaobywatelska.pl\/forum-2018\/wp-content\/uploads\/sites\/10\/2018\/06\/aplikacja.png\" data-rel=\"lightbox-image-0\" data-rl_title=\"\" data-rl_caption=\"\" title=\"\"><img loading=\"lazy\" class=\"aligncenter wp-image-1303\" src=\"https:\/\/partycypacjaobywatelska.pl\/forum-2018\/wp-content\/uploads\/sites\/10\/2018\/06\/aplikacja-1024x453.png\" alt=\"aplikacja\" width=\"600\" height=\"266\" srcset=\"https:\/\/partycypacjaobywatelska.pl\/forum-2018\/wp-content\/uploads\/sites\/10\/2018\/06\/aplikacja-1024x453.png 1024w, https:\/\/partycypacjaobywatelska.pl\/forum-2018\/wp-content\/uploads\/sites\/10\/2018\/06\/aplikacja-300x133.png 300w, https:\/\/partycypacjaobywatelska.pl\/forum-2018\/wp-content\/uploads\/sites\/10\/2018\/06\/aplikacja.png 1920w\" sizes=\"(max-width: 600px) 100vw, 600px\" \/><\/a><\/p>\n<p>W aplikacji znajdziecie:<\/p>\n<p>&#8211; szczeg\u00f3\u0142owy program Forum, plan miejsca i okolic,<\/p>\n<p>&#8211; informacje o prelegentach,<\/p>\n<p>&#8211; powiadomienia o zmianach w programie, zapisach na wydarzenia itp. (<strong>Forum alert<\/strong>),<\/p>\n<p>&#8211; kontakt do organizator\u00f3w.<\/p>\n<p>Za pomoc\u0105 aplikacji mo\u017cecie:<\/p>\n<p>&#8211; komentowa\u0107 i dzieli\u0107 si\u0119 zdj\u0119ciami z Forum (<strong>Forum Waszymi oczami<\/strong>),<\/p>\n<p>&#8211; zapisa\u0107 si\u0119 na wydarzenia i oceni\u0107 sesje (w <strong>Programie<\/strong>, po klikni\u0119ciu na dane wydarzenie\/sesj\u0119),<\/p>\n<p>&#8211; wype\u0142ni\u0107 ankiet\u0119 ewaluacyjn\u0105 dotycz\u0105c\u0105 ca\u0142ego Forum (<strong>Ankieta<\/strong>).<\/p>\n<p><strong>UWAGA<\/strong><\/p>\n<p>Z niekt\u00f3rych funkcjonalno\u015bci aplikacji mog\u0105 korzysta\u0107 tylko zarejestrowani u\u017cytkownicy, dlatego zach\u0119camy do (bardzo prostej i szybkiej) <strong>rejestracji<\/strong> :)!<\/p>\n<p>Gdyby pojawi\u0142y si\u0119 jakie\u015b k\u0142opoty ze \u015bci\u0105gni\u0119ciem aplikacji lub rejestracj\u0105 (np. nie b\u0119dzie dochodzi\u0142 do Was mail aktywizuj\u0105cy), to pro\u015bba o kontakt z nami. Wszystko powinno dobrze dzia\u0142a\u0107, ale poniewa\u017c to pierwszy raz, wi\u0119c chuchamy na zimne \ud83d\ude09<\/p>\n","protected":false},"excerpt":{"rendered":"<p>Po raz pierwszy w pi\u0119cioletniej historii Forum udost\u0119pniamy aplikacj\u0119 mobiln\u0105 z najwa\u017cniejszymi informacjami o naszym wydarzeniu! Bezp\u0142atn\u0105 aplikacj\u0119 &#8222;Forum Praktyk\u00f3w Partycypacji&#8221; znajdziecie w sklepach GooglePlay i AppStore. W aplikacji znajdziecie: &#8211; szczeg\u00f3\u0142owy program Forum, plan miejsca i okolic, &#8211; informacje o prelegentach, &#8211; powiadomienia o zmianach w programie, zapisach na wydarzenia itp. (Forum alert), &#8211; [&hellip;]<\/p>\n","protected":false},"author":141,"featured_media":0,"parent":0,"menu_order":0,"comment_status":"open","ping_status":"closed","template":"template-forum_praktykow.php","meta":[],"_links":{"self":[{"href":"https:\/\/partycypacjaobywatelska.pl\/forum-2018\/wp-json\/wp\/v2\/pages\/1295"}],"collection":[{"href":"https:\/\/partycypacjaobywatelska.pl\/forum-2018\/wp-json\/wp\/v2\/pages"}],"about":[{"href":"https:\/\/partycypacjaobywatelska.pl\/forum-2018\/wp-json\/wp\/v2\/types\/page"}],"author":[{"embeddable":true,"href":"https:\/\/partycypacjaobywatelska.pl\/forum-2018\/wp-json\/wp\/v2\/users\/141"}],"replies":[{"embeddable":true,"href":"https:\/\/partycypacjaobywatelska.pl\/forum-2018\/wp-json\/wp\/v2\/comments?post=1295"}],"version-history":[{"count":14,"href":"https:\/\/partycypacjaobywatelska.pl\/forum-2018\/wp-json\/wp\/v2\/pages\/1295\/revisions"}],"predecessor-version":[{"id":1498,"href":"https:\/\/partycypacjaobywatelska.pl\/forum-2018\/wp-json\/wp\/v2\/pages\/1295\/revisions\/1498"}],"wp:attachment":[{"href":"https:\/\/partycypacjaobywatelska.pl\/forum-2018\/wp-json\/wp\/v2\/media?parent=1295"}],"curies":[{"name":"wp","href":"https:\/\/api.w.org\/{rel}","templated":true}]}}