{"id":1221,"date":"2018-06-05T10:34:08","date_gmt":"2018-06-05T08:34:08","guid":{"rendered":"http:\/\/partycypacjaobywatelska.pl\/forum-2018\/?page_id=1221"},"modified":"2018-06-06T12:06:56","modified_gmt":"2018-06-06T10:06:56","slug":"e-partycypacja-w-obszarze-planowania-przestrzennego-w-poszukiwaniu-nowych-rozwiazan-i-efektywnych-narzedzi-it","status":"publish","type":"page","link":"https:\/\/partycypacjaobywatelska.pl\/forum-2018\/e-partycypacja-w-obszarze-planowania-przestrzennego-w-poszukiwaniu-nowych-rozwiazan-i-efektywnych-narzedzi-it\/","title":{"rendered":"E-partycypacja w obszarze planowania przestrzennego. W poszukiwaniu nowych rozwi\u0105za\u0144 i efektywnych narz\u0119dzi IT"},"content":{"rendered":"<h4><strong>Prowadzenie:<\/strong><\/h4>\n<p>\u0141ukasz Broniszewski, Fundacja Stabilo<\/p>\n<h4><strong>Wyst\u0105pienia:<\/strong><\/h4>\n<p>Katarzyna Miko\u0142ajczyk, Fundacja Obywatel Rodzic \/ Fundacja Fenomen \/ Fundacja ePa\u0144stwo<br \/>\nCezary Brudka, HEKSAGON Us\u0142ugi badawcze \/ Uniwersytet Ekonomiczny w Poznaniu \/ Uniwersytet im. Adama Mickiewicza w Poznaniu<br \/>\nAgata Broniszewska, Fundacja Stabilo<\/p>\n<h4><strong>Termin:<\/strong><\/h4>\n<p>1. dzie\u0144 Forum (11 czerwca, poniedzia\u0142ek), godz. 14.00-15.15<\/p>\n<h4><strong>Miejsce:<\/strong><\/h4>\n<p>pi\u0119tro -1, sala A<\/p>\n<h4><strong>Formu\u0142a:\u00a0<\/strong><\/h4>\n<p>kalejdoskop<\/p>\n<h4><strong>Opis:<\/strong><\/h4>\n<p><span style=\"font-weight: 400\">E-narz\u0119dzia do konsultacji w obszarze zagospodarowania przestrzennego to wyzwanie nie tylko dla programist\u00f3w, lecz tak\u017ce (przede wszystkim) dla organizatora konsultacji.\u00a0<\/span><span style=\"font-weight: 400\">Problemem okazuje si\u0119 stworzenie system\u00f3w skutecznych, prostych w obs\u0142udze i intuicyjnych. <\/span><\/p>\n<p><span style=\"font-weight: 400\">Celem naszej sesji jest przegl\u0105d istniej\u0105cych rozwi\u0105za\u0144 i stworzenie mapy rekomendacji. Opowiemy m.in. o partycypacyjnym GIS-ie i narz\u0119dziu\u00a0IT w formie gry partycypacyjnej \u201eW\u0142\u0105cznik w przestrze\u0144\u201d.<\/span><\/p>\n<p><span style=\"font-weight: 400\">W trakcie kalejdoskopu o<\/span>dpowiemy sobie na pytania:<\/p>\n<p><span style=\"font-weight: 400\">&#8211; dlaczego interesariusze nie lubi\u0105 e-partycypacji?<\/span><\/p>\n<p><span style=\"font-weight: 400\">&#8211; jakie s\u0105 bariery?<\/span><\/p>\n<p><span style=\"font-weight: 400\">&#8211; jak tworzy\u0107 nowoczesne narz\u0119dzia?<\/span><\/p>\n<p><span style=\"font-weight: 400\">&#8211; jak zach\u0119ci\u0107 i nauczy\u0107 odbiorc\u00f3w korzystania z system\u00f3w?<\/span><\/p>\n<p><span style=\"font-weight: 400\">Podyskutujemy r\u00f3wnie\u017c,\u00a0jakie funkcjonalno\u015bci powinien mie\u0107 idealny system do e-konsultacji spo\u0142ecznych w planowaniu przestrzennym.<\/span><\/p>\n","protected":false},"excerpt":{"rendered":"<p>Prowadzenie: \u0141ukasz Broniszewski, Fundacja Stabilo Wyst\u0105pienia: Katarzyna Miko\u0142ajczyk, Fundacja Obywatel Rodzic \/ Fundacja Fenomen \/ Fundacja ePa\u0144stwo Cezary Brudka, HEKSAGON Us\u0142ugi badawcze \/ Uniwersytet Ekonomiczny w Poznaniu \/ Uniwersytet im. Adama Mickiewicza w Poznaniu Agata Broniszewska, Fundacja Stabilo Termin: 1. dzie\u0144 Forum (11 czerwca, poniedzia\u0142ek), godz. 14.00-15.15 Miejsce: pi\u0119tro -1, sala A Formu\u0142a:\u00a0 kalejdoskop Opis: [&hellip;]<\/p>\n","protected":false},"author":141,"featured_media":0,"parent":0,"menu_order":0,"comment_status":"open","ping_status":"open","template":"template-forum_praktykow.php","meta":[],"_links":{"self":[{"href":"https:\/\/partycypacjaobywatelska.pl\/forum-2018\/wp-json\/wp\/v2\/pages\/1221"}],"collection":[{"href":"https:\/\/partycypacjaobywatelska.pl\/forum-2018\/wp-json\/wp\/v2\/pages"}],"about":[{"href":"https:\/\/partycypacjaobywatelska.pl\/forum-2018\/wp-json\/wp\/v2\/types\/page"}],"author":[{"embeddable":true,"href":"https:\/\/partycypacjaobywatelska.pl\/forum-2018\/wp-json\/wp\/v2\/users\/141"}],"replies":[{"embeddable":true,"href":"https:\/\/partycypacjaobywatelska.pl\/forum-2018\/wp-json\/wp\/v2\/comments?post=1221"}],"version-history":[{"count":5,"href":"https:\/\/partycypacjaobywatelska.pl\/forum-2018\/wp-json\/wp\/v2\/pages\/1221\/revisions"}],"predecessor-version":[{"id":1259,"href":"https:\/\/partycypacjaobywatelska.pl\/forum-2018\/wp-json\/wp\/v2\/pages\/1221\/revisions\/1259"}],"wp:attachment":[{"href":"https:\/\/partycypacjaobywatelska.pl\/forum-2018\/wp-json\/wp\/v2\/media?parent=1221"}],"curies":[{"name":"wp","href":"https:\/\/api.w.org\/{rel}","templated":true}]}}