{"id":1171,"date":"2018-06-04T11:36:56","date_gmt":"2018-06-04T09:36:56","guid":{"rendered":"http:\/\/partycypacjaobywatelska.pl\/forum-2018\/?page_id=1171"},"modified":"2018-06-06T12:21:33","modified_gmt":"2018-06-06T10:21:33","slug":"jak-wspolpracowac-ze-studiem-graficznym-od-briefu-do-skutecznej-realizacji","status":"publish","type":"page","link":"https:\/\/partycypacjaobywatelska.pl\/forum-2018\/jak-wspolpracowac-ze-studiem-graficznym-od-briefu-do-skutecznej-realizacji\/","title":{"rendered":"Jak wsp\u00f3\u0142pracowa\u0107 ze studiem graficznym? \u2013 od briefu do skutecznej realizacji"},"content":{"rendered":"<h4><strong>Prowadzenie:<\/strong><\/h4>\n<p>Andrzej Budek, studio graficzne Kotbury<br \/>\nJacek Ebert, studio graficzne Kotbury<\/p>\n<h4><strong>Termin:<\/strong><\/h4>\n<p>2. dzie\u0144 Forum (12 czerwca, wtorek), godz. 9.30-10.30<\/p>\n<h4><strong>Miejsce:<\/strong><\/h4>\n<p>pi\u0119tro -1, sala A<\/p>\n<h4><strong>Formu\u0142a:\u00a0<\/strong><\/h4>\n<p>sesja\u00a0\u015bniadaniowa<\/p>\n<h4><strong>Opis:<\/strong><\/h4>\n<p>Jak opowiedzie\u0107 o swoich potrzebach dizajnerowi? Czym jest brief kreatywny, kto go tworzy i po co? Jakiej skali projekt wymaga briefu? Czy brief mo\u017ce by\u0107 elementem umowy? Zaproponujemy struktur\u0119 solidnego briefu kreatywnego i popracujemy warsztatowo, bazuj\u0105c na Waszych do\u015bwiadczeniach.<\/p>\n<p>Zamawiasz w projekty graficzne ulotek, plakatu czy ca\u0142ego brandingu na potrzeby poszczeg\u00f3lnych proces\u00f3w partycypacyjnych albo ca\u0142o\u015bci Waszych dzia\u0142a\u0144? Masz problem w komunikacji z projektantem, kt\u00f3ry m\u00f3wi &#8222;obcym j\u0119zykiem&#8221;? Kiedy u\u017cy\u0107 CMYK-a, a kiedy PANTONE&#8217;a?\u00a0Do czego s\u0105 pliki .ai i dlaczego w internecie nie u\u017cywa si\u0119 ju\u017c JPG-\u00f3w? I co to w og\u00f3le jest tak naprawd\u0119 branding? W kr\u00f3tkim wst\u0119pie rozprawimy si\u0119 z podstawowymi definicjami.<\/p>\n<p>I co dalej? Jak przebiega proces projektowy? Czy mo\u017cna si\u0119 wtr\u0105ca\u0107? Jak najlepiej zapisa\u0107 to wszystko w umowie, \u017ceby mie\u0107 wp\u0142yw na ostateczny efekt, a nie dosta\u0107 od projektanta jego &#8222;wizji artystycznej&#8221;, kt\u00f3ra do niczego si\u0119 nie nada? Korekta a gust &#8211; czym r\u00f3\u017cni\u0105 si\u0119 konstruktywne uwagi od zmierzania w ciemn\u0105 dolin\u0119 kryzysu we wsp\u00f3\u0142pracy? Na koniec opowiemy, jak zorganizowa\u0107 wsp\u00f3\u0142prac\u0119 z projektantem, aby by\u0142a udana, a efekty spe\u0142ni\u0142y za\u0142o\u017cenia briefu.<\/p>\n","protected":false},"excerpt":{"rendered":"<p>Prowadzenie: Andrzej Budek, studio graficzne Kotbury Jacek Ebert, studio graficzne Kotbury Termin: 2. dzie\u0144 Forum (12 czerwca, wtorek), godz. 9.30-10.30 Miejsce: pi\u0119tro -1, sala A Formu\u0142a:\u00a0 sesja\u00a0\u015bniadaniowa Opis: Jak opowiedzie\u0107 o swoich potrzebach dizajnerowi? Czym jest brief kreatywny, kto go tworzy i po co? Jakiej skali projekt wymaga briefu? Czy brief mo\u017ce by\u0107 elementem umowy? [&hellip;]<\/p>\n","protected":false},"author":141,"featured_media":0,"parent":0,"menu_order":0,"comment_status":"open","ping_status":"open","template":"template-forum_praktykow.php","meta":[],"_links":{"self":[{"href":"https:\/\/partycypacjaobywatelska.pl\/forum-2018\/wp-json\/wp\/v2\/pages\/1171"}],"collection":[{"href":"https:\/\/partycypacjaobywatelska.pl\/forum-2018\/wp-json\/wp\/v2\/pages"}],"about":[{"href":"https:\/\/partycypacjaobywatelska.pl\/forum-2018\/wp-json\/wp\/v2\/types\/page"}],"author":[{"embeddable":true,"href":"https:\/\/partycypacjaobywatelska.pl\/forum-2018\/wp-json\/wp\/v2\/users\/141"}],"replies":[{"embeddable":true,"href":"https:\/\/partycypacjaobywatelska.pl\/forum-2018\/wp-json\/wp\/v2\/comments?post=1171"}],"version-history":[{"count":6,"href":"https:\/\/partycypacjaobywatelska.pl\/forum-2018\/wp-json\/wp\/v2\/pages\/1171\/revisions"}],"predecessor-version":[{"id":1277,"href":"https:\/\/partycypacjaobywatelska.pl\/forum-2018\/wp-json\/wp\/v2\/pages\/1171\/revisions\/1277"}],"wp:attachment":[{"href":"https:\/\/partycypacjaobywatelska.pl\/forum-2018\/wp-json\/wp\/v2\/media?parent=1171"}],"curies":[{"name":"wp","href":"https:\/\/api.w.org\/{rel}","templated":true}]}}