{"id":1153,"date":"2018-06-04T10:01:05","date_gmt":"2018-06-04T08:01:05","guid":{"rendered":"http:\/\/partycypacjaobywatelska.pl\/forum-2018\/?page_id=1153"},"modified":"2018-06-06T12:23:17","modified_gmt":"2018-06-06T10:23:17","slug":"solectwo-prawdziwie-wlaczajace-mlodziez","status":"publish","type":"page","link":"https:\/\/partycypacjaobywatelska.pl\/forum-2018\/solectwo-prawdziwie-wlaczajace-mlodziez\/","title":{"rendered":"So\u0142ectwo prawdziwie w\u0142\u0105czaj\u0105ce m\u0142odzie\u017c"},"content":{"rendered":"<h4><strong>Prowadzenie:<\/strong><\/h4>\n<p>Jakub Zalewski, so\u0142tys Dankowic<br \/>\nBartosz Pisarek, przewodnicz\u0105cy M\u0142odzie\u017cowej Rady So\u0142eckiej w Dankowicach<br \/>\nMarcin Pyzik, radny M\u0142odzie\u017cowego Sejmiku Wojew\u00f3dztwa \u015al\u0105skiego<\/p>\n<h4><strong>Termin:<\/strong><\/h4>\n<p>2. dzie\u0144 Forum (12 czerwca, wtorek), godz. 9.30-10.30<\/p>\n<h4><strong>Miejsce:<\/strong><\/h4>\n<p>pi\u0119tro 0, strefa E4<\/p>\n<h4><strong>Formu\u0142a:\u00a0<\/strong><\/h4>\n<p>sesja \u015bniadaniowa<\/p>\n<h4><strong>Opis:<\/strong><\/h4>\n<p>S\u0105 m\u0142odzi, aktywni, pe\u0142ni pomys\u0142\u00f3w i zapa\u0142u.\u00a0Chodz\u0105 do VII klasy szko\u0142y podstawowej, gimnazjum i liceum. Planuj\u0105 studia, przygotowuj\u0105 si\u0119 do matury. Na poz\u00f3r s\u0105 tacy jak wi\u0119kszo\u015b\u0107 os\u00f3b w tym wieku. Jest jednak co\u015b, co sprawia, \u017ce warto o nich m\u00f3wi\u0107, a ich dzia\u0142alno\u015b\u0107 traktowa\u0107 jako inspiracj\u0119 i przyk\u0142ad do na\u015bladowania. O kim mowa? Oczywi\u015bcie o M\u0142odzie\u017cowej Radzie So\u0142eckiej w so\u0142ectwie Dankowice (gmina Krzepice, powiat k\u0142obucki, woj. \u015bl\u0105skie).<\/p>\n<p>W Dankowicach m\u0142odzie\u017c inicjuje i organizuje wiele so\u0142eckich przedsi\u0119wzi\u0119\u0107 oraz jest odpowiedzialnym i aktywnym partnerem do wsp\u00f3\u0142pracy. Jak to jest mo\u017cliwe? Ot\u00f3\u017c trzy lata temu m\u0142odzi ludzie wzi\u0119li sprawy w swoje r\u0119ce i postanowili dzia\u0142a\u0107, udowadniaj\u0105c, \u017ce doro\u015bli nie maj\u0105 monopolu na dobre pomys\u0142y, a na dodatek bardzo cz\u0119sto nie znaj\u0105 realnych potrzeb m\u0142odszego pokolenia. M\u0142odzie\u017cowa Rada So\u0142ecka w Dankowicach wsp\u00f3\u0142organizuje wydarzenia spo\u0142eczno-kulturalne, spotkania, zebrania, dokonuje wybor\u00f3w i wsp\u00f3\u0142decyduje o przysz\u0142o\u015bci so\u0142ectwa.<\/p>\n<p>Sesja jest\u00a0przeznaczona dla\u00a0os\u00f3b zainteresowanych aktywizacj\u0105 m\u0142odzie\u017cy \u2013 szczeg\u00f3lnie na terenach wiejskich i miejsko-wiejskich.<\/p>\n","protected":false},"excerpt":{"rendered":"<p>Prowadzenie: Jakub Zalewski, so\u0142tys Dankowic Bartosz Pisarek, przewodnicz\u0105cy M\u0142odzie\u017cowej Rady So\u0142eckiej w Dankowicach Marcin Pyzik, radny M\u0142odzie\u017cowego Sejmiku Wojew\u00f3dztwa \u015al\u0105skiego Termin: 2. dzie\u0144 Forum (12 czerwca, wtorek), godz. 9.30-10.30 Miejsce: pi\u0119tro 0, strefa E4 Formu\u0142a:\u00a0 sesja \u015bniadaniowa Opis: S\u0105 m\u0142odzi, aktywni, pe\u0142ni pomys\u0142\u00f3w i zapa\u0142u.\u00a0Chodz\u0105 do VII klasy szko\u0142y podstawowej, gimnazjum i liceum. Planuj\u0105 studia, [&hellip;]<\/p>\n","protected":false},"author":141,"featured_media":0,"parent":0,"menu_order":0,"comment_status":"open","ping_status":"open","template":"template-forum_praktykow.php","meta":[],"_links":{"self":[{"href":"https:\/\/partycypacjaobywatelska.pl\/forum-2018\/wp-json\/wp\/v2\/pages\/1153"}],"collection":[{"href":"https:\/\/partycypacjaobywatelska.pl\/forum-2018\/wp-json\/wp\/v2\/pages"}],"about":[{"href":"https:\/\/partycypacjaobywatelska.pl\/forum-2018\/wp-json\/wp\/v2\/types\/page"}],"author":[{"embeddable":true,"href":"https:\/\/partycypacjaobywatelska.pl\/forum-2018\/wp-json\/wp\/v2\/users\/141"}],"replies":[{"embeddable":true,"href":"https:\/\/partycypacjaobywatelska.pl\/forum-2018\/wp-json\/wp\/v2\/comments?post=1153"}],"version-history":[{"count":7,"href":"https:\/\/partycypacjaobywatelska.pl\/forum-2018\/wp-json\/wp\/v2\/pages\/1153\/revisions"}],"predecessor-version":[{"id":1281,"href":"https:\/\/partycypacjaobywatelska.pl\/forum-2018\/wp-json\/wp\/v2\/pages\/1153\/revisions\/1281"}],"wp:attachment":[{"href":"https:\/\/partycypacjaobywatelska.pl\/forum-2018\/wp-json\/wp\/v2\/media?parent=1153"}],"curies":[{"name":"wp","href":"https:\/\/api.w.org\/{rel}","templated":true}]}}