{"id":1110,"date":"2018-05-30T18:31:23","date_gmt":"2018-05-30T16:31:23","guid":{"rendered":"http:\/\/partycypacjaobywatelska.pl\/forum-2018\/?page_id=1110"},"modified":"2018-06-07T11:07:19","modified_gmt":"2018-06-07T09:07:19","slug":"kolacja-i-afterparty-w-klubokawiarni-czasoprzestrzen","status":"publish","type":"page","link":"https:\/\/partycypacjaobywatelska.pl\/forum-2018\/kolacja-i-afterparty-w-klubokawiarni-czasoprzestrzen\/","title":{"rendered":"Kolacja i afterparty w klubokawiarni &#8222;Czasoprzestrze\u0144&#8221;"},"content":{"rendered":"<h4><strong>Termin:<\/strong><\/h4>\n<p>1. dzie\u0144 Forum (11 czerwca, poniedzia\u0142ek), godz. 18.15<\/p>\n<h4><strong>Miejsce:<\/strong><\/h4>\n<p>Klubokawiarnia &#8222;Czasoprzestrze\u0144&#8221;, ul. Tramwajowa 1-3<\/p>\n<h4><strong>Opis:<\/strong><\/h4>\n<p>Po zako\u0144czeniu sesji pierwszego dnia zapraszamy na kolacj\u0119 i afterparty do pobliskiej\u00a0<a href=\"http:\/\/czasoprzestrzen.org\/\"><span style=\"font-weight: 400;\">klubokawiarni &#8222;Czasoprzestrze\u0144&#8221;<\/span><\/a><span style=\"font-weight: 400;\">, kt\u00f3ra mie\u015bci si\u0119 w nieczynnej ju\u017c zajezdni tramwajowej &#8222;D\u0105bie&#8221;.\u00a0Do naszej dyspozycji b\u0119d\u0105 potrawy z grilla, foodtrucki i napoje bezalkoholowe, a czas umili muzyka, zapewniona przez DJ&#8217;a.<\/span><\/p>\n<p>Porozmawiamy o wra\u017ceniach z Forum, bli\u017cej si\u0119 poznamy, wymienimy do\u015bwiadczeniami. Rzecz jasna, b\u0119dziemy mogli porozmawia\u0107 nie tylko o partycypacji ;).<\/p>\n<p>&nbsp;<\/p>\n","protected":false},"excerpt":{"rendered":"<p>Termin: 1. dzie\u0144 Forum (11 czerwca, poniedzia\u0142ek), godz. 18.15 Miejsce: Klubokawiarnia &#8222;Czasoprzestrze\u0144&#8221;, ul. Tramwajowa 1-3 Opis: Po zako\u0144czeniu sesji pierwszego dnia zapraszamy na kolacj\u0119 i afterparty do pobliskiej\u00a0klubokawiarni &#8222;Czasoprzestrze\u0144&#8221;, kt\u00f3ra mie\u015bci si\u0119 w nieczynnej ju\u017c zajezdni tramwajowej &#8222;D\u0105bie&#8221;.\u00a0Do naszej dyspozycji b\u0119d\u0105 potrawy z grilla, foodtrucki i napoje bezalkoholowe, a czas umili muzyka, zapewniona przez DJ&#8217;a. [&hellip;]<\/p>\n","protected":false},"author":141,"featured_media":0,"parent":0,"menu_order":0,"comment_status":"open","ping_status":"open","template":"template-forum_praktykow.php","meta":[],"_links":{"self":[{"href":"https:\/\/partycypacjaobywatelska.pl\/forum-2018\/wp-json\/wp\/v2\/pages\/1110"}],"collection":[{"href":"https:\/\/partycypacjaobywatelska.pl\/forum-2018\/wp-json\/wp\/v2\/pages"}],"about":[{"href":"https:\/\/partycypacjaobywatelska.pl\/forum-2018\/wp-json\/wp\/v2\/types\/page"}],"author":[{"embeddable":true,"href":"https:\/\/partycypacjaobywatelska.pl\/forum-2018\/wp-json\/wp\/v2\/users\/141"}],"replies":[{"embeddable":true,"href":"https:\/\/partycypacjaobywatelska.pl\/forum-2018\/wp-json\/wp\/v2\/comments?post=1110"}],"version-history":[{"count":9,"href":"https:\/\/partycypacjaobywatelska.pl\/forum-2018\/wp-json\/wp\/v2\/pages\/1110\/revisions"}],"predecessor-version":[{"id":1334,"href":"https:\/\/partycypacjaobywatelska.pl\/forum-2018\/wp-json\/wp\/v2\/pages\/1110\/revisions\/1334"}],"wp:attachment":[{"href":"https:\/\/partycypacjaobywatelska.pl\/forum-2018\/wp-json\/wp\/v2\/media?parent=1110"}],"curies":[{"name":"wp","href":"https:\/\/api.w.org\/{rel}","templated":true}]}}