{"id":1100,"date":"2018-05-30T18:19:54","date_gmt":"2018-05-30T16:19:54","guid":{"rendered":"http:\/\/partycypacjaobywatelska.pl\/forum-2018\/?page_id=1100"},"modified":"2018-05-30T18:42:01","modified_gmt":"2018-05-30T16:42:01","slug":"wycieczka-do-afrykarium","status":"publish","type":"page","link":"https:\/\/partycypacjaobywatelska.pl\/forum-2018\/wycieczka-do-afrykarium\/","title":{"rendered":"Wycieczka do afrykarium"},"content":{"rendered":"<h4><strong>Termin:<\/strong><\/h4>\n<p>2. dzie\u0144 Forum (12 czerwca, wtorek), godz.\u00a015.30<\/p>\n<h4><strong>Pocz\u0105tek wycieczki:<\/strong><\/h4>\n<p>Wej\u015bcie g\u0142\u00f3wne do Wroc\u0142awskiego Centrum Kongresowego<\/p>\n<h4><strong>Opis:<\/strong><\/h4>\n<p>Po zako\u0144czeniu Forum\u00a0mamy mo\u017cliwo\u015b\u0107 zwiedzenia <a href=\"http:\/\/www.zoo.wroclaw.pl\/pl\/afrykarium.html\" target=\"_blank\">wroc\u0142awskiego afrykarium<\/a>, stanowi\u0105cego jedn\u0105 z nowocze\u015bniejszych cz\u0119\u015bci miejskiego zoo.<\/p>\n<p>Wycieczka jest bezp\u0142atna. <strong>Aby wzi\u0105\u0107 w niej udzia\u0142, trzeba zapisa\u0107 si\u0119 za pomoc\u0105 aplikacji mobilnej.<\/strong><\/p>\n","protected":false},"excerpt":{"rendered":"<p>Termin: 2. dzie\u0144 Forum (12 czerwca, wtorek), godz.\u00a015.30 Pocz\u0105tek wycieczki: Wej\u015bcie g\u0142\u00f3wne do Wroc\u0142awskiego Centrum Kongresowego Opis: Po zako\u0144czeniu Forum\u00a0mamy mo\u017cliwo\u015b\u0107 zwiedzenia wroc\u0142awskiego afrykarium, stanowi\u0105cego jedn\u0105 z nowocze\u015bniejszych cz\u0119\u015bci miejskiego zoo. Wycieczka jest bezp\u0142atna. Aby wzi\u0105\u0107 w niej udzia\u0142, trzeba zapisa\u0107 si\u0119 za pomoc\u0105 aplikacji mobilnej.<\/p>\n","protected":false},"author":141,"featured_media":0,"parent":0,"menu_order":0,"comment_status":"open","ping_status":"open","template":"template-forum_praktykow.php","meta":[],"_links":{"self":[{"href":"https:\/\/partycypacjaobywatelska.pl\/forum-2018\/wp-json\/wp\/v2\/pages\/1100"}],"collection":[{"href":"https:\/\/partycypacjaobywatelska.pl\/forum-2018\/wp-json\/wp\/v2\/pages"}],"about":[{"href":"https:\/\/partycypacjaobywatelska.pl\/forum-2018\/wp-json\/wp\/v2\/types\/page"}],"author":[{"embeddable":true,"href":"https:\/\/partycypacjaobywatelska.pl\/forum-2018\/wp-json\/wp\/v2\/users\/141"}],"replies":[{"embeddable":true,"href":"https:\/\/partycypacjaobywatelska.pl\/forum-2018\/wp-json\/wp\/v2\/comments?post=1100"}],"version-history":[{"count":8,"href":"https:\/\/partycypacjaobywatelska.pl\/forum-2018\/wp-json\/wp\/v2\/pages\/1100\/revisions"}],"predecessor-version":[{"id":1103,"href":"https:\/\/partycypacjaobywatelska.pl\/forum-2018\/wp-json\/wp\/v2\/pages\/1100\/revisions\/1103"}],"wp:attachment":[{"href":"https:\/\/partycypacjaobywatelska.pl\/forum-2018\/wp-json\/wp\/v2\/media?parent=1100"}],"curies":[{"name":"wp","href":"https:\/\/api.w.org\/{rel}","templated":true}]}}