{"id":1088,"date":"2018-05-30T18:03:05","date_gmt":"2018-05-30T16:03:05","guid":{"rendered":"http:\/\/partycypacjaobywatelska.pl\/forum-2018\/?page_id=1088"},"modified":"2018-06-20T13:37:44","modified_gmt":"2018-06-20T11:37:44","slug":"analiza-funkcjonalna-osiedli-we-wroclawiu-co-wynika-z-badania","status":"publish","type":"page","link":"https:\/\/partycypacjaobywatelska.pl\/forum-2018\/analiza-funkcjonalna-osiedli-we-wroclawiu-co-wynika-z-badania\/","title":{"rendered":"Analiza funkcjonalna osiedli we Wroc\u0142awiu \u2013 co wynika z badania?"},"content":{"rendered":"<h4><strong>Prowadzenie:<\/strong><\/h4>\n<p>Izabela Mironowicz, Wydzia\u0142 Architektury, Politechnika Wroc\u0142awska<\/p>\n<h4><strong>Termin:<\/strong><\/h4>\n<p>2. dzie\u0144 Forum (12 czerwca, wtorek), godz. 9.30-10.30<\/p>\n<h4><strong>Miejsce:<\/strong><\/h4>\n<p>pi\u0119tro 0, strefa E1<\/p>\n<h4><strong>Formu\u0142a:\u00a0<\/strong><\/h4>\n<p>sesja \u015bniadaniowa<\/p>\n<h4><strong>Opis:<\/strong><\/h4>\n<p>Czy da si\u0119 spojrze\u0107 z lotu ptaka na osiedla w du\u017cym mie\u015bcie i opisa\u0107 je w spos\u00f3b ujednolicony i usystematyzowany? Jak pokaza\u0107, czym si\u0119 r\u00f3\u017cni\u0105\u00a0i co je \u0142\u0105czy?<\/p>\n<p>Wroc\u0142aw zmierzy\u0142 si\u0119 z tym zadaniem, d\u0105\u017c\u0105c do stworzenia katalogu funkcji, jakie mog\u0105 pe\u0142ni\u0107 osiedla, czego efektem jest Analiza funkcjonalna osiedli (AFO). AFO\u00a0to efekt wsp\u00f3lnej pracy mi\u0119dzynarodowego zespo\u0142u naukowc\u00f3w, aktywist\u00f3w i urz\u0119dnik\u00f3w maj\u0105cy na celu opisanie funkcjonalne wroc\u0142awskich osiedli z uwzgl\u0119dnieniem trzech komponent\u00f3w: spo\u0142ecznego, przestrzennego i analitycznego. Istot\u0105 projektu by\u0142o nie tylko zbadanie zwi\u0105zk\u00f3w mi\u0119dzy nimi, lecz tak\u017ce sformu\u0142owanie wniosk\u00f3w, kt\u00f3re mog\u0142yby stanowi\u0107 podstaw\u0119 budowy nowego modelu aktywnego spo\u0142ecze\u0144stwa lokalnego.\u00a0Sesja b\u0119dzie przyczynkiem do rozmowy na temat badania i jego efekt\u00f3w.<\/p>\n<p>Raport dotycz\u0105cy AFO mo\u017cna przeczyta\u0107 tutaj: <a href=\"http:\/\/www.osiedlawroclawia.pl\/\" target=\"_blank\">www.osiedlawroclawia.pl<\/a>.<\/p>\n<p>&nbsp;<\/p>\n","protected":false},"excerpt":{"rendered":"<p>Prowadzenie: Izabela Mironowicz, Wydzia\u0142 Architektury, Politechnika Wroc\u0142awska Termin: 2. dzie\u0144 Forum (12 czerwca, wtorek), godz. 9.30-10.30 Miejsce: pi\u0119tro 0, strefa E1 Formu\u0142a:\u00a0 sesja \u015bniadaniowa Opis: Czy da si\u0119 spojrze\u0107 z lotu ptaka na osiedla w du\u017cym mie\u015bcie i opisa\u0107 je w spos\u00f3b ujednolicony i usystematyzowany? Jak pokaza\u0107, czym si\u0119 r\u00f3\u017cni\u0105\u00a0i co je \u0142\u0105czy? Wroc\u0142aw zmierzy\u0142 [&hellip;]<\/p>\n","protected":false},"author":141,"featured_media":0,"parent":0,"menu_order":0,"comment_status":"open","ping_status":"open","template":"template-forum_praktykow.php","meta":[],"_links":{"self":[{"href":"https:\/\/partycypacjaobywatelska.pl\/forum-2018\/wp-json\/wp\/v2\/pages\/1088"}],"collection":[{"href":"https:\/\/partycypacjaobywatelska.pl\/forum-2018\/wp-json\/wp\/v2\/pages"}],"about":[{"href":"https:\/\/partycypacjaobywatelska.pl\/forum-2018\/wp-json\/wp\/v2\/types\/page"}],"author":[{"embeddable":true,"href":"https:\/\/partycypacjaobywatelska.pl\/forum-2018\/wp-json\/wp\/v2\/users\/141"}],"replies":[{"embeddable":true,"href":"https:\/\/partycypacjaobywatelska.pl\/forum-2018\/wp-json\/wp\/v2\/comments?post=1088"}],"version-history":[{"count":6,"href":"https:\/\/partycypacjaobywatelska.pl\/forum-2018\/wp-json\/wp\/v2\/pages\/1088\/revisions"}],"predecessor-version":[{"id":1364,"href":"https:\/\/partycypacjaobywatelska.pl\/forum-2018\/wp-json\/wp\/v2\/pages\/1088\/revisions\/1364"}],"wp:attachment":[{"href":"https:\/\/partycypacjaobywatelska.pl\/forum-2018\/wp-json\/wp\/v2\/media?parent=1088"}],"curies":[{"name":"wp","href":"https:\/\/api.w.org\/{rel}","templated":true}]}}