{"id":1055,"date":"2018-05-30T13:44:12","date_gmt":"2018-05-30T11:44:12","guid":{"rendered":"http:\/\/partycypacjaobywatelska.pl\/forum-2018\/?page_id=1055"},"modified":"2018-06-07T11:13:23","modified_gmt":"2018-06-07T09:13:23","slug":"wycieczka-po-wuwie","status":"publish","type":"page","link":"https:\/\/partycypacjaobywatelska.pl\/forum-2018\/wycieczka-po-wuwie\/","title":{"rendered":"Wycieczka po WUW-ie\u00a0"},"content":{"rendered":"<h4><strong>Prowadzenie:<\/strong><\/h4>\n<p>Krzysztof Ziental, historyk sztuki, Biuro ds. Partycypacji Spo\u0142ecznej, Urz\u0105d Miejski Wroc\u0142awia<\/p>\n<h4><strong>Termin:<\/strong><\/h4>\n<p>1. dzie\u0144 Forum (11 czerwca, poniedzia\u0142ek), godz. 19.30-21.00<\/p>\n<h4><strong>Pocz\u0105tek wycieczki:<\/strong><\/h4>\n<p>Wej\u015bcie g\u0142\u00f3wne do zajezdni tramwajowej &#8222;D\u0105bie&#8221;, ul. Tramwajowa 1-3<\/p>\n<h4><strong>Opis:<\/strong><\/h4>\n<p>WUWA to jedno z sze\u015bciu wzorcowych osiedli Werkbundu, niemieckiego zwi\u0105zku tw\u00f3rc\u00f3w, zrealizowanych w Europie na prze\u0142omie lat 20. i 30. XX wieku. Wroc\u0142awska wystawa z 1929 r., zatytu\u0142owana &#8222;Wohnung und Werkraum&#8221;, czyli &#8222;Mieszkanie i miejsce pracy&#8221;, mia\u0142a da\u0107 wyraz nowoczesnemu mieszkalnictwu, kt\u00f3re zapewnia idealne warunki do \u017cycia i pracy. Zastosowane tu nowatorskie rozwi\u0105zania architektoniczne mia\u0142y by\u0107 odpowiedzi\u0105 na \u00f3wczesne problemy miast, tj. przeludnienie, nisk\u0105 jako\u015b\u0107 zamieszkania i negatywne skutki urbanizacji.<\/p>\n<p>WUWA sta\u0142a si\u0119 kamieniem milowym na drodze rozwoju architektury modernistycznej tej cz\u0119\u015bci Europy. Obecnie obj\u0119ta jest ochron\u0105 i opiek\u0105, kt\u00f3ra nie tylko pozwala utrwali\u0107 zachowane budynki, lecz tak\u017ce od\u015bwie\u017ca\u0107 pami\u0119\u0107 o nich i popularyzowa\u0107 wiedz\u0119 o ich warto\u015bciach. To tak\u017ce interesuj\u0105cy przyk\u0142ad partycypacji &#8211; bez udzia\u0142u mieszka\u0144c\u00f3w i ich zrozumienia \u017cadne dzia\u0142ania nie zako\u0144czy\u0142yby si\u0119 powodzeniem.<\/p>\n<p>Wi\u0119cej o tej przestzreni mo\u017cna przeczyta\u0107 na stronie:<a href=\"http:\/\/www.wuwa.eu\/\" target=\"_blank\">\u00a0http:\/\/www.wuwa.eu\/<\/a>.<\/p>\n<p>Ze wzgl\u0119d\u00f3w organizacyjnych w wycieczce mo\u017ce uczestniczy\u0107 maks. 30 os\u00f3b. <strong>Aby wzi\u0105\u0107 w niej udzia\u0142, trzeba zapisa\u0107 si\u0119 za pomoc\u0105 aplikacji mobilnej.<\/strong><\/p>\n<p><strong>Po wycieczce zapraszamy na <a href=\"http:\/\/partycypacjaobywatelska.pl\/forum-2018\/kolacja-i-afterparty-w-klubokawiarni-czasoprzestrzen\/\" target=\"_blank\">afterparty<\/a>!<\/strong><\/p>\n<div class=\"page-content\">\n<p>&nbsp;<\/p>\n<\/div>\n","protected":false},"excerpt":{"rendered":"<p>Prowadzenie: Krzysztof Ziental, historyk sztuki, Biuro ds. Partycypacji Spo\u0142ecznej, Urz\u0105d Miejski Wroc\u0142awia Termin: 1. dzie\u0144 Forum (11 czerwca, poniedzia\u0142ek), godz. 19.30-21.00 Pocz\u0105tek wycieczki: Wej\u015bcie g\u0142\u00f3wne do zajezdni tramwajowej &#8222;D\u0105bie&#8221;, ul. Tramwajowa 1-3 Opis: WUWA to jedno z sze\u015bciu wzorcowych osiedli Werkbundu, niemieckiego zwi\u0105zku tw\u00f3rc\u00f3w, zrealizowanych w Europie na prze\u0142omie lat 20. i 30. XX wieku. [&hellip;]<\/p>\n","protected":false},"author":141,"featured_media":0,"parent":0,"menu_order":0,"comment_status":"open","ping_status":"open","template":"template-forum_praktykow.php","meta":[],"_links":{"self":[{"href":"https:\/\/partycypacjaobywatelska.pl\/forum-2018\/wp-json\/wp\/v2\/pages\/1055"}],"collection":[{"href":"https:\/\/partycypacjaobywatelska.pl\/forum-2018\/wp-json\/wp\/v2\/pages"}],"about":[{"href":"https:\/\/partycypacjaobywatelska.pl\/forum-2018\/wp-json\/wp\/v2\/types\/page"}],"author":[{"embeddable":true,"href":"https:\/\/partycypacjaobywatelska.pl\/forum-2018\/wp-json\/wp\/v2\/users\/141"}],"replies":[{"embeddable":true,"href":"https:\/\/partycypacjaobywatelska.pl\/forum-2018\/wp-json\/wp\/v2\/comments?post=1055"}],"version-history":[{"count":14,"href":"https:\/\/partycypacjaobywatelska.pl\/forum-2018\/wp-json\/wp\/v2\/pages\/1055\/revisions"}],"predecessor-version":[{"id":1339,"href":"https:\/\/partycypacjaobywatelska.pl\/forum-2018\/wp-json\/wp\/v2\/pages\/1055\/revisions\/1339"}],"wp:attachment":[{"href":"https:\/\/partycypacjaobywatelska.pl\/forum-2018\/wp-json\/wp\/v2\/media?parent=1055"}],"curies":[{"name":"wp","href":"https:\/\/api.w.org\/{rel}","templated":true}]}}