{"id":1048,"date":"2018-05-30T11:40:53","date_gmt":"2018-05-30T09:40:53","guid":{"rendered":"http:\/\/partycypacjaobywatelska.pl\/forum-2018\/?page_id=1048"},"modified":"2018-06-06T12:25:34","modified_gmt":"2018-06-06T10:25:34","slug":"dobre-praktyki-w-konsultacjach-dotyczacych-planowania-przestrzennego","status":"publish","type":"page","link":"https:\/\/partycypacjaobywatelska.pl\/forum-2018\/dobre-praktyki-w-konsultacjach-dotyczacych-planowania-przestrzennego\/","title":{"rendered":"Dobre praktyki w konsultacjach dotycz\u0105cych planowania przestrzennego"},"content":{"rendered":"<h4><strong>Prowadzenie:<\/strong><\/h4>\n<p>Krzysztof \u015alebioda, Pracownia Zr\u00f3wnowa\u017conego Rozwoju<\/p>\n<h4><strong>Go\u015bcie:<\/strong><\/h4>\n<p>Micha\u0142 Ciesielski, Biuro Rozwoju Wroc\u0142awia, Urz\u0105d Miejskiego Wroc\u0142awia<br \/>\nAnna P\u0119kalska, Biuro Konsultacji Spo\u0142ecznych i Rewitalizacji, Urz\u0105d Miasta Gorz\u00f3w Wielkopolski<br \/>\nSylwia Widzisz-Pronobis,\u00a0PRONOBIS STUDIO<\/p>\n<h4><strong>Termin:<\/strong><\/h4>\n<p>2. dzie\u0144 Forum (12 czerwca, wtorek), godz. 10.45-12.15<\/p>\n<h4><strong>Miejsce:<\/strong><\/h4>\n<p>pi\u0119tro -1, sala A<\/p>\n<h4><strong>Formu\u0142a:\u00a0<\/strong><\/h4>\n<p>wymiana do\u015bwiadcze\u0144<\/p>\n<h4><strong>Opis:<\/strong><\/h4>\n<p>Praktyki partycypacyjne w planowaniu przestrzennym poma\u0142u staj\u0105 si\u0119 swego rodzaju standardem pracy projektowej. Trudno wyobrazi\u0107 sobie dzisiaj planowanie przestrzeni publicznych (skwer\u00f3w, park\u00f3w, teren\u00f3w rekreacji itp.), szczeg\u00f3lnie tych miejskich, bez konsultacji spo\u0142ecznych. Ostatnie lata pokazuj\u0105 tak\u017ce, \u017ce samorz\u0105dy gminne coraz cz\u0119\u015bciej podejmuj\u0105 wyzwanie rozszerzania procedury konsultacji spo\u0142ecznych podczas sporz\u0105dzania miejscowych plan\u00f3w zagospodarowania przestrzennego oraz studium uwarunkowa\u0144 i kierunk\u00f3w zagospodarowania przestrzennego. O tym w\u0142a\u015bnie chcieliby\u015bmy g\u0142\u00f3wnie porozmawia\u0107 w trakcie sesji.<\/p>\n<p>Swoimi do\u015bwiadczeniami w partycypacyjnym powstawaniu dokument\u00f3w planistycznych podziel\u0105 si\u0119 przedstawiciele lub wsp\u00f3\u0142pracownicy kilku gmin &#8211; Wroc\u0142awia, Gorzowa Wielkopolskiego i Cieszyna. B\u0119dzie to okazja do dyskusji o tym, czy anga\u017cowanie mieszka\u0144c\u00f3w w procesy planistyczne ma g\u0142\u0119bszy sens i w jakich kierunkach powinno pod\u0105\u017ca\u0107.<\/p>\n<p>Do udzia\u0142u w sesji szczeg\u00f3lnie zapraszamy przedstawicieli samorz\u0105d\u00f3w, kt\u00f3rzy r\u00f3wnie\u017c maj\u0105 za sob\u0105 podobne do\u015bwiadczenia,\u00a0oraz tych, kt\u00f3rzy maj\u0105 w\u0105tpliwo\u015bci dotycz\u0105ce szerszego otwarcia procedur planistycznych na mieszka\u0144c\u00f3w i inne grupy interesariuszy.<\/p>\n","protected":false},"excerpt":{"rendered":"<p>Prowadzenie: Krzysztof \u015alebioda, Pracownia Zr\u00f3wnowa\u017conego Rozwoju Go\u015bcie: Micha\u0142 Ciesielski, Biuro Rozwoju Wroc\u0142awia, Urz\u0105d Miejskiego Wroc\u0142awia Anna P\u0119kalska, Biuro Konsultacji Spo\u0142ecznych i Rewitalizacji, Urz\u0105d Miasta Gorz\u00f3w Wielkopolski Sylwia Widzisz-Pronobis,\u00a0PRONOBIS STUDIO Termin: 2. dzie\u0144 Forum (12 czerwca, wtorek), godz. 10.45-12.15 Miejsce: pi\u0119tro -1, sala A Formu\u0142a:\u00a0 wymiana do\u015bwiadcze\u0144 Opis: Praktyki partycypacyjne w planowaniu przestrzennym poma\u0142u staj\u0105 si\u0119 [&hellip;]<\/p>\n","protected":false},"author":141,"featured_media":0,"parent":0,"menu_order":0,"comment_status":"open","ping_status":"open","template":"template-forum_praktykow.php","meta":[],"_links":{"self":[{"href":"https:\/\/partycypacjaobywatelska.pl\/forum-2018\/wp-json\/wp\/v2\/pages\/1048"}],"collection":[{"href":"https:\/\/partycypacjaobywatelska.pl\/forum-2018\/wp-json\/wp\/v2\/pages"}],"about":[{"href":"https:\/\/partycypacjaobywatelska.pl\/forum-2018\/wp-json\/wp\/v2\/types\/page"}],"author":[{"embeddable":true,"href":"https:\/\/partycypacjaobywatelska.pl\/forum-2018\/wp-json\/wp\/v2\/users\/141"}],"replies":[{"embeddable":true,"href":"https:\/\/partycypacjaobywatelska.pl\/forum-2018\/wp-json\/wp\/v2\/comments?post=1048"}],"version-history":[{"count":5,"href":"https:\/\/partycypacjaobywatelska.pl\/forum-2018\/wp-json\/wp\/v2\/pages\/1048\/revisions"}],"predecessor-version":[{"id":1283,"href":"https:\/\/partycypacjaobywatelska.pl\/forum-2018\/wp-json\/wp\/v2\/pages\/1048\/revisions\/1283"}],"wp:attachment":[{"href":"https:\/\/partycypacjaobywatelska.pl\/forum-2018\/wp-json\/wp\/v2\/media?parent=1048"}],"curies":[{"name":"wp","href":"https:\/\/api.w.org\/{rel}","templated":true}]}}