{"id":1030,"date":"2018-05-30T09:53:20","date_gmt":"2018-05-30T07:53:20","guid":{"rendered":"http:\/\/partycypacjaobywatelska.pl\/forum-2018\/?page_id=1030"},"modified":"2018-06-20T13:39:14","modified_gmt":"2018-06-20T11:39:14","slug":"design-thinking-w-procesach-partycypacyjnych-wyzwania-i-patenciki","status":"publish","type":"page","link":"https:\/\/partycypacjaobywatelska.pl\/forum-2018\/design-thinking-w-procesach-partycypacyjnych-wyzwania-i-patenciki\/","title":{"rendered":"Design Thinking w procesach partycypacyjnych \u2013 wyzwania i patenciki"},"content":{"rendered":"<h4><strong>Prowadzenie:<\/strong><\/h4>\n<p>Agnieszka Sikorska, engage warsaw<br \/>\nMaria Klaman<\/p>\n<h4><strong>Go\u015b\u0107:<\/strong><\/h4>\n<p>Micha\u0142 Kwasieborski, cooperativa studio \/ engage warsaw<\/p>\n<h4><strong>Termin:<\/strong><\/h4>\n<p>2. dzie\u0144 Forum (12 czerwca, wtorek), godz. 12.45-14.15<\/p>\n<h4><strong>Miejsce:<\/strong><\/h4>\n<p>pi\u0119tro 0, sala E<\/p>\n<h4><strong>Formu\u0142a:\u00a0<\/strong><\/h4>\n<p>sesja warsztatowa<\/p>\n<h4><strong>Opis:<\/strong><\/h4>\n<p>Design thinking na sta\u0142e zago\u015bci\u0142 w grupie metod pracy stosowanych\u00a0w procesach partycypacyjnych. Wi\u0119kszo\u015b\u0107 os\u00f3b co najmniej zetkn\u0119\u0142a si\u0119 ju\u017c z tym poj\u0119ciem, a cz\u0119\u015b\u0107 uczestniczy\u0142a w r\u00f3\u017cnych dzia\u0142aniach, kt\u00f3re by\u0142y opatrzone metk\u0105 design thinking.<\/p>\n<p>Sesja b\u0119dzie po\u015bwi\u0119cona wsp\u00f3lnemu zastanowieniu si\u0119, co z tych naszych do\u015bwiadcze\u0144 wynika \u2013 czy metoda design thinking nadaje si\u0119 \u015bwietnie do wszystkiego (pewnie jednak nie),\u00a0jakie ma ograniczenia i wyzwania oraz jak mo\u017cna na nie odpowiada\u0107.<\/p>\n<p>Nasz go\u015b\u0107,\u00a0Micha\u0142 Kwasieborski (cooperativa studio\u00a0\/ engage warsaw), kr\u00f3tko opowie o przyk\u0142adowych wyzwaniach zwi\u0105zanych z design thinking, czasem tak\u017ce o pora\u017ckach, oraz o swoich metodach, czyli patencikach, kt\u00f3re stosuje, \u017ceby na te wyzwania odpowiada\u0107.\u00a0Uczestnicy sesji b\u0119d\u0105 mogli podzieli\u0107 si\u0119 swoimi pytaniami i w\u0105tpliwo\u015bciami &#8211; wsp\u00f3lnie zastanowimy si\u0119, jak i do czego w praktyce najlepiej stosowa\u0107 design thinking.<\/p>\n<p>Kilka pyta\u0144, kt\u00f3re b\u0119d\u0105 nam towarzyszy\u0107 podczas spotkania:<\/p>\n<p>&#8211; jak znale\u017a\u0107 r\u00f3wnowag\u0119 mi\u0119dzy kreatywno\u015bci\u0105 procesu a potrzeb\u0105 wypracowania mo\u017cliwych do wdro\u017cenia rozwi\u0105za\u0144?<\/p>\n<p>&#8211; jak organizowa\u0107 warsztaty, \u017ceby wszyscy uczestnicy czuli si\u0119 na nich komfortowo i mogli w\u0142\u0105czy\u0107 si\u0119 w prace?<\/p>\n<p>&#8211; jak mo\u017cna efektywnie zaplanowa\u0107 proces design thinking w czasie?<\/p>\n<p>&#8211; kiedy ta metoda sprawdza si\u0119 najlepiej, a kiedy warto poszuka\u0107 innych narz\u0119dzi pracy?<\/p>\n<p>Sesja skierowana w szczeg\u00f3lno\u015bci do tych os\u00f3b, kt\u00f3re planuj\u0105 procesy partycypacyjne i zastanawiaj\u0105 si\u0119 nad wykorzystaniem metody design thinking, ale zapraszamy te\u017c tych, kt\u00f3rzy dopiero chc\u0105 dowiedzie\u0107 si\u0119 wi\u0119cej o metodzie.<\/p>\n<hr \/>\n<p>Przeczytaj podsumowanie sesji\u00a0<a href=\"http:\/\/partycypacjaobywatelska.pl\/forum-2018\/wp-content\/uploads\/sites\/10\/2018\/05\/FPP_prezentacja-Design-thinking.pdf\">tutaj<\/a><\/p>\n<p>&nbsp;<\/p>\n","protected":false},"excerpt":{"rendered":"<p>Prowadzenie: Agnieszka Sikorska, engage warsaw Maria Klaman Go\u015b\u0107: Micha\u0142 Kwasieborski, cooperativa studio \/ engage warsaw Termin: 2. dzie\u0144 Forum (12 czerwca, wtorek), godz. 12.45-14.15 Miejsce: pi\u0119tro 0, sala E Formu\u0142a:\u00a0 sesja warsztatowa Opis: Design thinking na sta\u0142e zago\u015bci\u0142 w grupie metod pracy stosowanych\u00a0w procesach partycypacyjnych. Wi\u0119kszo\u015b\u0107 os\u00f3b co najmniej zetkn\u0119\u0142a si\u0119 ju\u017c z tym poj\u0119ciem, [&hellip;]<\/p>\n","protected":false},"author":141,"featured_media":0,"parent":0,"menu_order":0,"comment_status":"open","ping_status":"open","template":"template-forum_praktykow.php","meta":[],"_links":{"self":[{"href":"https:\/\/partycypacjaobywatelska.pl\/forum-2018\/wp-json\/wp\/v2\/pages\/1030"}],"collection":[{"href":"https:\/\/partycypacjaobywatelska.pl\/forum-2018\/wp-json\/wp\/v2\/pages"}],"about":[{"href":"https:\/\/partycypacjaobywatelska.pl\/forum-2018\/wp-json\/wp\/v2\/types\/page"}],"author":[{"embeddable":true,"href":"https:\/\/partycypacjaobywatelska.pl\/forum-2018\/wp-json\/wp\/v2\/users\/141"}],"replies":[{"embeddable":true,"href":"https:\/\/partycypacjaobywatelska.pl\/forum-2018\/wp-json\/wp\/v2\/comments?post=1030"}],"version-history":[{"count":12,"href":"https:\/\/partycypacjaobywatelska.pl\/forum-2018\/wp-json\/wp\/v2\/pages\/1030\/revisions"}],"predecessor-version":[{"id":1367,"href":"https:\/\/partycypacjaobywatelska.pl\/forum-2018\/wp-json\/wp\/v2\/pages\/1030\/revisions\/1367"}],"wp:attachment":[{"href":"https:\/\/partycypacjaobywatelska.pl\/forum-2018\/wp-json\/wp\/v2\/media?parent=1030"}],"curies":[{"name":"wp","href":"https:\/\/api.w.org\/{rel}","templated":true}]}}