{"id":1023,"date":"2018-05-30T09:47:08","date_gmt":"2018-05-30T07:47:08","guid":{"rendered":"http:\/\/partycypacjaobywatelska.pl\/forum-2018\/?page_id=1023"},"modified":"2018-06-06T12:26:34","modified_gmt":"2018-06-06T10:26:34","slug":"prosto-i-kropka-jak-pisac-efektywniej-o-partycypacji","status":"publish","type":"page","link":"https:\/\/partycypacjaobywatelska.pl\/forum-2018\/prosto-i-kropka-jak-pisac-efektywniej-o-partycypacji\/","title":{"rendered":"Prosto i kropka. Jak pisa\u0107 efektywniej o partycypacji"},"content":{"rendered":"<h4><strong>Prowadzenie:<\/strong><\/h4>\n<p>Tomasz Piekot, Pracownia Prostej Polszczyzny, Uniwersytet Wroc\u0142awski<\/p>\n<h4><strong>Termin:<\/strong><\/h4>\n<p>2. dzie\u0144 Forum (12 czerwca, wtorek), godz. 10.45-12.15<\/p>\n<h4><strong>Miejsce:<\/strong><\/h4>\n<p>pi\u0119tro -1, sala D<\/p>\n<h4><strong>Formu\u0142a:\u00a0<\/strong><\/h4>\n<p>prelekcja \/ sesja warsztatowa<\/p>\n<h4><strong>Opis:<\/strong><\/h4>\n<p>Eksperci s\u0105 jak himalai\u015bci. Wi\u0119kszo\u015b\u0107 czasu sp\u0119dzaj\u0105 na wy\u017cynach wiedzy. Ka\u017cdy z nich marzy o zdobyciu Korony Ziemi. I dobrze!<\/p>\n<p>Niestety, teksty wi\u0119kszo\u015bci ekspert\u00f3w do obywateli wygl\u0105daj\u0105, jakby autorzy pisali je w strefie \u015bmierci.\u00a0 To obszar powy\u017cej 8000 trudnych s\u0142\u00f3w. Prowadz\u0105 do niego ciasne kuluary prawa, cierpliwie opor\u0119czowane d\u0142ugimi zdaniami.<\/p>\n<p>Himalaje merytoryki to Tw\u00f3j \u015bwiat? Jeste\u015b specjalist\u0105? Wybitn\u0105 ekspertk\u0105? Pami\u0119taj: je\u015bli kto\u015b radzi sobie w strefie \u015bmierci, to nie chce stamt\u0105d wraca\u0107. A je\u015bli przestaje sobie radzi\u0107, to ju\u017c wr\u00f3ci\u0107 nie mo\u017ce.<\/p>\n<p>Jak zbli\u017cy\u0107 zwyk\u0142ych ludzi i ekspert\u00f3w? Jakich b\u0142\u0119d\u00f3w wystrzega\u0107 si\u0119 w komunikacji? O tym wszystkim opowie wsp\u00f3\u0142tw\u00f3rca polskiego standardu prostego j\u0119zyka.\u00a0Sesja z elementami warsztatowymi adresowana jest do urz\u0119dnik\u00f3w i ekspert\u00f3w, kt\u00f3rzy szukaj\u0105 nowego sposobu komunikacji z obywatelami w nazbyt rozp\u0119dzonym \u015bwiecie.<\/p>\n","protected":false},"excerpt":{"rendered":"<p>Prowadzenie: Tomasz Piekot, Pracownia Prostej Polszczyzny, Uniwersytet Wroc\u0142awski Termin: 2. dzie\u0144 Forum (12 czerwca, wtorek), godz. 10.45-12.15 Miejsce: pi\u0119tro -1, sala D Formu\u0142a:\u00a0 prelekcja \/ sesja warsztatowa Opis: Eksperci s\u0105 jak himalai\u015bci. Wi\u0119kszo\u015b\u0107 czasu sp\u0119dzaj\u0105 na wy\u017cynach wiedzy. Ka\u017cdy z nich marzy o zdobyciu Korony Ziemi. I dobrze! Niestety, teksty wi\u0119kszo\u015bci ekspert\u00f3w do obywateli wygl\u0105daj\u0105, [&hellip;]<\/p>\n","protected":false},"author":141,"featured_media":0,"parent":0,"menu_order":0,"comment_status":"open","ping_status":"open","template":"template-forum_praktykow.php","meta":[],"_links":{"self":[{"href":"https:\/\/partycypacjaobywatelska.pl\/forum-2018\/wp-json\/wp\/v2\/pages\/1023"}],"collection":[{"href":"https:\/\/partycypacjaobywatelska.pl\/forum-2018\/wp-json\/wp\/v2\/pages"}],"about":[{"href":"https:\/\/partycypacjaobywatelska.pl\/forum-2018\/wp-json\/wp\/v2\/types\/page"}],"author":[{"embeddable":true,"href":"https:\/\/partycypacjaobywatelska.pl\/forum-2018\/wp-json\/wp\/v2\/users\/141"}],"replies":[{"embeddable":true,"href":"https:\/\/partycypacjaobywatelska.pl\/forum-2018\/wp-json\/wp\/v2\/comments?post=1023"}],"version-history":[{"count":7,"href":"https:\/\/partycypacjaobywatelska.pl\/forum-2018\/wp-json\/wp\/v2\/pages\/1023\/revisions"}],"predecessor-version":[{"id":1286,"href":"https:\/\/partycypacjaobywatelska.pl\/forum-2018\/wp-json\/wp\/v2\/pages\/1023\/revisions\/1286"}],"wp:attachment":[{"href":"https:\/\/partycypacjaobywatelska.pl\/forum-2018\/wp-json\/wp\/v2\/media?parent=1023"}],"curies":[{"name":"wp","href":"https:\/\/api.w.org\/{rel}","templated":true}]}}