{"id":1007,"date":"2018-05-29T14:37:12","date_gmt":"2018-05-29T12:37:12","guid":{"rendered":"http:\/\/partycypacjaobywatelska.pl\/forum-2018\/?page_id=1007"},"modified":"2018-06-20T15:29:58","modified_gmt":"2018-06-20T13:29:58","slug":"czy-samorzad-powinien-finansowac-dzialania-obywatelskie-lub-lokalne-mieszkancow","status":"publish","type":"page","link":"https:\/\/partycypacjaobywatelska.pl\/forum-2018\/czy-samorzad-powinien-finansowac-dzialania-obywatelskie-lub-lokalne-mieszkancow\/","title":{"rendered":"Czy samorz\u0105d powinien finansowa\u0107 dzia\u0142ania obywatelskie lub lokalne mieszka\u0144c\u00f3w?"},"content":{"rendered":"<h4><strong>Prowadzenie:<\/strong><\/h4>\n<p>Urszula Podurgiel, Stowarzyszenie Adelfi\u00a0\/ Fundacja \u201eKocham Ja\u015bka\u201d<\/p>\n<h4><strong>Go\u015bcie:<\/strong><\/h4>\n<p>Anna Bieliz, koordynatorka projekt\u00f3w, animatorka kultury\u00a0i menad\u017cerka kultury. Od 2017 r. koordynatorka Programu Wsp\u00f3\u0142organizacji Projekt\u00f3w mikroGRANTY ESK Wroc\u0142aw 2016\u00a0(od 2018 r. nazywanego Mikrograntami)<br \/>\nJoanna K\u0142unejko, koordynatorka projekt\u00f3w i badaczka spo\u0142eczna. Od 2016 r. koordynuje E\u0142ckie Centrum Obywatelskie STACJA oraz Miejski Program Regrantingowy \u201eE\u0142k, tu dzia\u0142am\u201d<\/p>\n<h4><strong>Termin:<\/strong><\/h4>\n<p>1. dzie\u0144 Forum (11 czerwca, poniedzia\u0142ek), godz. 15.45-17.45<\/p>\n<h4><strong>Miejsce:<\/strong><\/h4>\n<p>pi\u0119tro 0, strefa E3<\/p>\n<h4><strong>Formu\u0142a:\u00a0<\/strong><\/h4>\n<p>sesja dyskusyjna \/ sesja warsztatowa<\/p>\n<h4><strong>Opis:<\/strong><\/h4>\n<p>Aktywno\u015b\u0107 i zaanga\u017cowanie spo\u0142eczne mieszka\u0144c\u00f3w ro\u015bnie. Zar\u00f3wno grupy mieszka\u0144c\u00f3w, jak i pojedyncze osoby bardzo cz\u0119sto maj\u0105 sw\u00f3j pomys\u0142 na to, jak mog\u0142aby wygl\u0105da\u0107 ich najbli\u017csza\u00a0okolica oraz jakie dzia\u0142ania kulturalne i aktywizuj\u0105ce mog\u0142yby si\u0119 w niej odbywa\u0107. Zgodnie z tym kierunkiem w samorz\u0105dach pojawi\u0142y si\u0119 r\u00f3\u017cne programy, kt\u00f3re t\u0119 aktywno\u015b\u0107 mog\u0105 i maj\u0105 wspiera\u0107. Na naszej sesji chcieliby\u015bmy pokaza\u0107 dobre praktyki takich dzia\u0142a\u0144 i podda\u0107 dyskusji, na ile udaje si\u0119 to samorz\u0105dom w r\u00f3\u017cnych cz\u0119\u015bciach naszego kraju. Czy mo\u017cliwe jest pogodzenie polityk publicznych z decentralizacj\u0105 dzia\u0142a\u0144 oraz jakie s\u0105 kryteria sukcesu i pora\u017cki?<\/p>\n<p>Podczas sesji poka\u017cemy dwa przyk\u0142ady wsparcia\u00a0(merytorycznego i finansowego) r\u00f3\u017cnych inicjatyw mieszka\u0144c\u00f3w, grup nieformalnych i organizacji pozarz\u0105dowych. Wsparcie to\u00a0\u015bwiadczy\u0142a zar\u00f3wno instytucja samorz\u0105dowa, jak i pozarz\u0105dowa. B\u0119dziemy m\u00f3wili o celach tych dzia\u0142a\u0144 oraz o ich zapleczu technicznym, organizacyjnym i prawnym.<\/p>\n<p>Sesja skierowana jest do urz\u0119dnik\u00f3w i przedstawicielom organizacji pozarz\u0105dowych, kt\u00f3rzy chcieliby pozna\u0107 nowe mo\u017cliwo\u015bci w zarz\u0105dzaniu anga\u017cuj\u0105cym spo\u0142eczno\u015b\u0107 oraz zaprojektowa\u0107 takie narz\u0119dzie u siebie.<\/p>\n<hr \/>\n<p>Zobaczy prezentacj\u0119\u00a0o mikrograntach\u00a0<a href=\"http:\/\/partycypacjaobywatelska.pl\/forum-2018\/wp-content\/uploads\/sites\/10\/2018\/05\/Mikrogranty_2018_dzia\u0142ania.pdf\">tutaj<\/a><\/p>\n<p>&nbsp;<\/p>\n","protected":false},"excerpt":{"rendered":"<p>Prowadzenie: Urszula Podurgiel, Stowarzyszenie Adelfi\u00a0\/ Fundacja \u201eKocham Ja\u015bka\u201d Go\u015bcie: Anna Bieliz, koordynatorka projekt\u00f3w, animatorka kultury\u00a0i menad\u017cerka kultury. Od 2017 r. koordynatorka Programu Wsp\u00f3\u0142organizacji Projekt\u00f3w mikroGRANTY ESK Wroc\u0142aw 2016\u00a0(od 2018 r. nazywanego Mikrograntami) Joanna K\u0142unejko, koordynatorka projekt\u00f3w i badaczka spo\u0142eczna. Od 2016 r. koordynuje E\u0142ckie Centrum Obywatelskie STACJA oraz Miejski Program Regrantingowy \u201eE\u0142k, tu dzia\u0142am\u201d Termin: [&hellip;]<\/p>\n","protected":false},"author":141,"featured_media":0,"parent":0,"menu_order":0,"comment_status":"open","ping_status":"open","template":"template-forum_praktykow.php","meta":[],"_links":{"self":[{"href":"https:\/\/partycypacjaobywatelska.pl\/forum-2018\/wp-json\/wp\/v2\/pages\/1007"}],"collection":[{"href":"https:\/\/partycypacjaobywatelska.pl\/forum-2018\/wp-json\/wp\/v2\/pages"}],"about":[{"href":"https:\/\/partycypacjaobywatelska.pl\/forum-2018\/wp-json\/wp\/v2\/types\/page"}],"author":[{"embeddable":true,"href":"https:\/\/partycypacjaobywatelska.pl\/forum-2018\/wp-json\/wp\/v2\/users\/141"}],"replies":[{"embeddable":true,"href":"https:\/\/partycypacjaobywatelska.pl\/forum-2018\/wp-json\/wp\/v2\/comments?post=1007"}],"version-history":[{"count":11,"href":"https:\/\/partycypacjaobywatelska.pl\/forum-2018\/wp-json\/wp\/v2\/pages\/1007\/revisions"}],"predecessor-version":[{"id":1373,"href":"https:\/\/partycypacjaobywatelska.pl\/forum-2018\/wp-json\/wp\/v2\/pages\/1007\/revisions\/1373"}],"wp:attachment":[{"href":"https:\/\/partycypacjaobywatelska.pl\/forum-2018\/wp-json\/wp\/v2\/media?parent=1007"}],"curies":[{"name":"wp","href":"https:\/\/api.w.org\/{rel}","templated":true}]}}