{"id":1001,"date":"2018-05-29T12:26:09","date_gmt":"2018-05-29T10:26:09","guid":{"rendered":"http:\/\/partycypacjaobywatelska.pl\/forum-2018\/?page_id=1001"},"modified":"2018-06-06T12:25:32","modified_gmt":"2018-06-06T10:25:32","slug":"ciemne-strony-partycypacji","status":"publish","type":"page","link":"https:\/\/partycypacjaobywatelska.pl\/forum-2018\/ciemne-strony-partycypacji\/","title":{"rendered":"Ciemne strony partycypacji"},"content":{"rendered":"<h4><strong>Prowadzenie:<\/strong><\/h4>\n<p>Anna Ga\u0144ko,\u00a0Instytut Kultury Polskiej, Uniwersytet Warszawski\u00a0\/ Kolektyw Badawczy<br \/>\nMiko\u0142aj \u0141\u0105tkowski,\u00a0Centrum Wyzwa\u0144 Spo\u0142ecznych, Uniwersytet Warszawski \/ Kolektyw Badawczy<\/p>\n<h4><strong>Termin:<\/strong><\/h4>\n<p>2. dzie\u0144 Forum (12 czerwca, wtorek), godz. 10.45-12.15<\/p>\n<h4><strong>Miejsce:<\/strong><\/h4>\n<p>pi\u0119tro +1, sala F<\/p>\n<h4><strong>Formu\u0142a:\u00a0<\/strong><\/h4>\n<p>sesja dyskusyjna \/ sesja warsztatowa<\/p>\n<h4><strong>Opis:<\/strong><\/h4>\n<p>Procesy partycypacyjne s\u0105 dzisiaj coraz cz\u0119\u015bciej wykorzystywane w projektowaniu przestrzeni publicznej i oferty kulturalnej.\u00a0Dzi\u0119ki temu\u00a0powstaj\u0105 opisy dobrych praktyk i poradniki dzia\u0142ania w tym obszarze, uchwalane s\u0105 tak\u017ce dokumenty maj\u0105ce zapewnia\u0107 partycypacyjno\u015b\u0107. Jednocze\u015bnie niewiele m\u00f3wi si\u0119 o problemach, jakie istotnie wp\u0142ywaj\u0105 na jako\u015b\u0107 proces\u00f3w partycypacyjnych, a tym samym r\u00f3wnie\u017c na ich powodzenie w zakresie w\u0142\u0105czania r\u00f3\u017cnych grup w przebieg dzia\u0142a\u0144.<\/p>\n<p>Ograniczenia partycypacji, zagro\u017cenia dla niej i bariery, kt\u00f3re mo\u017cna napotka\u0107, b\u0119d\u0105 tematem naszej rozmowy w trakcie sesji. Wsp\u00f3lnie zastanowimy si\u0119 nad tymi elementami proces\u00f3w partycypacyjnych, kt\u00f3re w najwi\u0119kszym stopniu decyduj\u0105 o ich niepowodzeniach. By\u0107 mo\u017ce\u00a0w przypadku\u00a0niekt\u00f3rych z nich uda si\u0119 nam znale\u017a\u0107 rozwi\u0105zania, kt\u00f3re rzuc\u0105 wi\u0119cej \u015bwiat\u0142a na tytu\u0142ow\u0105 ciemn\u0105 stron\u0119 partycypacji.<\/p>\n<p>Do udzia\u0142u w sesji zapraszamy szczeg\u00f3lnie osoby pocz\u0105tkuj\u0105ce w dziedzinie proces\u00f3w partycypacyjnych oraz wszystkich tych, kt\u00f3rzy chcieliby podzieli\u0107 si\u0119 swoimi do\u015bwiadczeniami.<\/p>\n","protected":false},"excerpt":{"rendered":"<p>Prowadzenie: Anna Ga\u0144ko,\u00a0Instytut Kultury Polskiej, Uniwersytet Warszawski\u00a0\/ Kolektyw Badawczy Miko\u0142aj \u0141\u0105tkowski,\u00a0Centrum Wyzwa\u0144 Spo\u0142ecznych, Uniwersytet Warszawski \/ Kolektyw Badawczy Termin: 2. dzie\u0144 Forum (12 czerwca, wtorek), godz. 10.45-12.15 Miejsce: pi\u0119tro +1, sala F Formu\u0142a:\u00a0 sesja dyskusyjna \/ sesja warsztatowa Opis: Procesy partycypacyjne s\u0105 dzisiaj coraz cz\u0119\u015bciej wykorzystywane w projektowaniu przestrzeni publicznej i oferty kulturalnej.\u00a0Dzi\u0119ki temu\u00a0powstaj\u0105 opisy [&hellip;]<\/p>\n","protected":false},"author":141,"featured_media":0,"parent":0,"menu_order":0,"comment_status":"open","ping_status":"open","template":"template-forum_praktykow.php","meta":[],"_links":{"self":[{"href":"https:\/\/partycypacjaobywatelska.pl\/forum-2018\/wp-json\/wp\/v2\/pages\/1001"}],"collection":[{"href":"https:\/\/partycypacjaobywatelska.pl\/forum-2018\/wp-json\/wp\/v2\/pages"}],"about":[{"href":"https:\/\/partycypacjaobywatelska.pl\/forum-2018\/wp-json\/wp\/v2\/types\/page"}],"author":[{"embeddable":true,"href":"https:\/\/partycypacjaobywatelska.pl\/forum-2018\/wp-json\/wp\/v2\/users\/141"}],"replies":[{"embeddable":true,"href":"https:\/\/partycypacjaobywatelska.pl\/forum-2018\/wp-json\/wp\/v2\/comments?post=1001"}],"version-history":[{"count":5,"href":"https:\/\/partycypacjaobywatelska.pl\/forum-2018\/wp-json\/wp\/v2\/pages\/1001\/revisions"}],"predecessor-version":[{"id":1282,"href":"https:\/\/partycypacjaobywatelska.pl\/forum-2018\/wp-json\/wp\/v2\/pages\/1001\/revisions\/1282"}],"wp:attachment":[{"href":"https:\/\/partycypacjaobywatelska.pl\/forum-2018\/wp-json\/wp\/v2\/media?parent=1001"}],"curies":[{"name":"wp","href":"https:\/\/api.w.org\/{rel}","templated":true}]}}