{"id":889,"date":"2017-05-11T13:02:06","date_gmt":"2017-05-11T11:02:06","guid":{"rendered":"http:\/\/partycypacjaobywatelska.pl\/forum-2017\/?page_id=889"},"modified":"2017-05-26T16:19:37","modified_gmt":"2017-05-26T14:19:37","slug":"ogrod-w-skali-miasta","status":"publish","type":"page","link":"https:\/\/partycypacjaobywatelska.pl\/forum-2017\/ogrod-w-skali-miasta\/","title":{"rendered":"Ogr\u00f3d w skali miasta. Jak urz\u0105d miasta mo\u017ce wspiera\u0107 ogrodnictwo miejskie?"},"content":{"rendered":"<h4><strong>Prowadzenie:<\/strong><\/h4>\n<p>Izabela Kaszy\u0144ska,\u00a0Pracownia D\u00f3br Wsp\u00f3lnych<\/p>\n<h4><strong>Termin:<\/strong><\/h4>\n<p>1. dzie\u0144 Forum (5 czerwca, poniedzia\u0142ek), godz. 17.30-19.30<\/p>\n<h4><strong>Miejsce:<\/strong><\/h4>\n<p>pi\u0119tro -1, sala F<\/p>\n<h4><strong>Formu\u0142a:<\/strong><\/h4>\n<p>warsztat<\/p>\n<h4><strong>Opis:<\/strong><\/h4>\n<p>Ogrodnictwo miejskie jest popularnym tematem w mediach i na akademickich konferencjach. Czy za ogrodniczym trendem pod\u0105\u017ca rzeczywisto\u015b\u0107 naszych miast? Jak urz\u0119dy miast mog\u0105 wspiera\u0107 zak\u0142adanie ogrod\u00f3w przez mieszka\u0144c\u00f3w? Podczas warsztatu spr\u00f3bujemy stworzy\u0107 modelowy schemat, kt\u00f3ry b\u0119dzie m\u00f3g\u0142 zosta\u0107 zaadaptowany do lokalnych warunk\u00f3w przez poszczeg\u00f3lne urz\u0119dy miasta czy dzielnice.<\/p>\n<p>W wi\u0119kszych miastach powstaj\u0105 ogrody spo\u0142eczno\u015bciowe. R\u00f3\u017cni\u0105 si\u0119 modelami, wed\u0142ug kt\u00f3rych powstaj\u0105. Mog\u0105 to by\u0107 inicjatywy zupe\u0142nie oddolne, zak\u0142adane przez nieformalne grupy, albo wspierane przez urz\u0105d miasta czy instytucj\u0119 publiczn\u0105, tak\u0105 jak dom kultury czy teatr. Proces mog\u0105 te\u017c inicjowa\u0107 i prowadzi\u0107 organizacje pozarz\u0105dowe.<\/p>\n<p>Z wachlarza mo\u017cliwo\u015bci wy\u0142ania si\u0119 pewna zasada. Ogrody w miastach zak\u0142adane s\u0105 przez dwa rodzaje podmiot\u00f3w: aktywist\u00f3w, czyli osoby zdeterminowane, posiadaj\u0105ce wiedz\u0119, zas\u00f3b czasowy i umiej\u0119tno\u015b\u0107 integrowania grupy wobec idei, i podmioty prawne, instytucje publiczne, kt\u00f3re posiadaj\u0105 zasoby, takie jak \u015brodki pieni\u0119\u017cne oraz teren.<\/p>\n<p>Podczas warsztatu podzielimy si\u0119 do\u015bwiadczeniami z zak\u0142adania i prowadzenia ogrod\u00f3w w naszych miastach i inspiracjami z zagranicy. A wszystko po to, by stworzy\u0107 model narz\u0119dzia wspieraj\u0105cego mieszka\u0144c\u00f3w w zak\u0142adaniu ogrod\u00f3w, kt\u00f3ry udost\u0119pnimy na otwartej licencji.<\/p>\n","protected":false},"excerpt":{"rendered":"<p>Prowadzenie: Izabela Kaszy\u0144ska,\u00a0Pracownia D\u00f3br Wsp\u00f3lnych Termin: 1. dzie\u0144 Forum (5 czerwca, poniedzia\u0142ek), godz. 17.30-19.30 Miejsce: pi\u0119tro -1, sala F Formu\u0142a: warsztat Opis: Ogrodnictwo miejskie jest popularnym tematem w mediach i na akademickich konferencjach. Czy za ogrodniczym trendem pod\u0105\u017ca rzeczywisto\u015b\u0107 naszych miast? Jak urz\u0119dy miast mog\u0105 wspiera\u0107 zak\u0142adanie ogrod\u00f3w przez mieszka\u0144c\u00f3w? Podczas warsztatu spr\u00f3bujemy stworzy\u0107 modelowy [&hellip;]<\/p>\n","protected":false},"author":141,"featured_media":0,"parent":0,"menu_order":0,"comment_status":"open","ping_status":"open","template":"template-forum_praktykow.php","meta":[],"_links":{"self":[{"href":"https:\/\/partycypacjaobywatelska.pl\/forum-2017\/wp-json\/wp\/v2\/pages\/889"}],"collection":[{"href":"https:\/\/partycypacjaobywatelska.pl\/forum-2017\/wp-json\/wp\/v2\/pages"}],"about":[{"href":"https:\/\/partycypacjaobywatelska.pl\/forum-2017\/wp-json\/wp\/v2\/types\/page"}],"author":[{"embeddable":true,"href":"https:\/\/partycypacjaobywatelska.pl\/forum-2017\/wp-json\/wp\/v2\/users\/141"}],"replies":[{"embeddable":true,"href":"https:\/\/partycypacjaobywatelska.pl\/forum-2017\/wp-json\/wp\/v2\/comments?post=889"}],"version-history":[{"count":8,"href":"https:\/\/partycypacjaobywatelska.pl\/forum-2017\/wp-json\/wp\/v2\/pages\/889\/revisions"}],"predecessor-version":[{"id":1584,"href":"https:\/\/partycypacjaobywatelska.pl\/forum-2017\/wp-json\/wp\/v2\/pages\/889\/revisions\/1584"}],"wp:attachment":[{"href":"https:\/\/partycypacjaobywatelska.pl\/forum-2017\/wp-json\/wp\/v2\/media?parent=889"}],"curies":[{"name":"wp","href":"https:\/\/api.w.org\/{rel}","templated":true}]}}