{"id":874,"date":"2017-05-11T11:48:18","date_gmt":"2017-05-11T09:48:18","guid":{"rendered":"http:\/\/partycypacjaobywatelska.pl\/forum-2017\/?page_id=874"},"modified":"2017-05-26T16:15:26","modified_gmt":"2017-05-26T14:15:26","slug":"panel-obywatelski","status":"publish","type":"page","link":"https:\/\/partycypacjaobywatelska.pl\/forum-2017\/panel-obywatelski\/","title":{"rendered":"Panel obywatelski \u2013 jak to dzia\u0142a?"},"content":{"rendered":"<h4><strong>Prowadzenie:<\/strong><\/h4>\n<p>Marcin Gerwin, Sopocka Inicjatywa Rozwojowa<\/p>\n<h4><strong>Termin:<\/strong><\/h4>\n<p>1. dzie\u0144 Forum (5 czerwca, poniedzia\u0142ek), godz. 15.30-17.15<\/p>\n<h4><strong>Miejsce:<\/strong><\/h4>\n<p>pi\u0119tro -1, sala G<\/p>\n<h4><strong>Formu\u0142a:<\/strong><\/h4>\n<p>sesja\u00a0szkoleniowa<\/p>\n<h4><strong>Opis:<\/strong><\/h4>\n<p>Co zrobi\u0107, gdy w sprawach miasta lub gminy wiejskiej jest do rozstrzygni\u0119cia z\u0142o\u017cona sprawa, kt\u00f3ra wymaga d\u0142u\u017cszego przeanalizowania, zapoznania si\u0119 z opiniami ekspert\u00f3w i ekspertek oraz ze stanowiskami wielu stron? Do tego s\u0142u\u017cy panel obywatelski, kt\u00f3ry jest sposobem na demokratyczne podejmowanie decyzji przez losowo wy\u0142onion\u0105 grup\u0119 mieszka\u0144c\u00f3w i mieszkanek. Panele obywatelskie s\u0105 organizowane mi\u0119dzy innymi w Australii, Irlandii i Kanadzie, a ostatnio r\u00f3wnie\u017c w Polsce \u2013 w Gda\u0144sku.<\/p>\n<p>Podczas spotkania przedstawione zostan\u0105 takie zagadnienia, jak:<\/p>\n<p>\u2013 podstawowe zasady organizacji panelu obywatelskiego,<\/p>\n<p>\u2013 ustalanie wielko\u015bci panelu,<\/p>\n<p>\u2013 przeprowadzanie losowania i wysy\u0142ka zaprosze\u0144,<\/p>\n<p>\u2013 uk\u0142adanie programu spotka\u0144 panelu,<\/p>\n<p>\u2013 spos\u00f3b pracy nad przyjmowaniem propozycji rekomendacji,<\/p>\n<p>\u2013 metody g\u0142osowania i ustalania konsensusu.<\/p>\n<p>Celem spotkania jest przybli\u017cenie formu\u0142y panelu obywatelskiego osobom z urz\u0119d\u00f3w i organizacji pozarz\u0105dowych, kt\u00f3re s\u0105 zainteresowane usprawnianiem proces\u00f3w demokratycznego podejmowania decyzji.<\/p>\n","protected":false},"excerpt":{"rendered":"<p>Prowadzenie: Marcin Gerwin, Sopocka Inicjatywa Rozwojowa Termin: 1. dzie\u0144 Forum (5 czerwca, poniedzia\u0142ek), godz. 15.30-17.15 Miejsce: pi\u0119tro -1, sala G Formu\u0142a: sesja\u00a0szkoleniowa Opis: Co zrobi\u0107, gdy w sprawach miasta lub gminy wiejskiej jest do rozstrzygni\u0119cia z\u0142o\u017cona sprawa, kt\u00f3ra wymaga d\u0142u\u017cszego przeanalizowania, zapoznania si\u0119 z opiniami ekspert\u00f3w i ekspertek oraz ze stanowiskami wielu stron? Do tego [&hellip;]<\/p>\n","protected":false},"author":141,"featured_media":0,"parent":0,"menu_order":0,"comment_status":"open","ping_status":"open","template":"template-forum_praktykow.php","meta":[],"_links":{"self":[{"href":"https:\/\/partycypacjaobywatelska.pl\/forum-2017\/wp-json\/wp\/v2\/pages\/874"}],"collection":[{"href":"https:\/\/partycypacjaobywatelska.pl\/forum-2017\/wp-json\/wp\/v2\/pages"}],"about":[{"href":"https:\/\/partycypacjaobywatelska.pl\/forum-2017\/wp-json\/wp\/v2\/types\/page"}],"author":[{"embeddable":true,"href":"https:\/\/partycypacjaobywatelska.pl\/forum-2017\/wp-json\/wp\/v2\/users\/141"}],"replies":[{"embeddable":true,"href":"https:\/\/partycypacjaobywatelska.pl\/forum-2017\/wp-json\/wp\/v2\/comments?post=874"}],"version-history":[{"count":7,"href":"https:\/\/partycypacjaobywatelska.pl\/forum-2017\/wp-json\/wp\/v2\/pages\/874\/revisions"}],"predecessor-version":[{"id":1575,"href":"https:\/\/partycypacjaobywatelska.pl\/forum-2017\/wp-json\/wp\/v2\/pages\/874\/revisions\/1575"}],"wp:attachment":[{"href":"https:\/\/partycypacjaobywatelska.pl\/forum-2017\/wp-json\/wp\/v2\/media?parent=874"}],"curies":[{"name":"wp","href":"https:\/\/api.w.org\/{rel}","templated":true}]}}