{"id":774,"date":"2017-05-10T15:59:42","date_gmt":"2017-05-10T13:59:42","guid":{"rendered":"http:\/\/partycypacjaobywatelska.pl\/forum-2017\/?page_id=774"},"modified":"2017-06-02T17:29:20","modified_gmt":"2017-06-02T15:29:20","slug":"partycypacyjne-tworzenie-strategii-miejskich","status":"publish","type":"page","link":"https:\/\/partycypacjaobywatelska.pl\/forum-2017\/partycypacyjne-tworzenie-strategii-miejskich\/","title":{"rendered":"Partycypacyjne tworzenie strategii miejskich"},"content":{"rendered":"<h4><strong>Prowadzenie:<\/strong><\/h4>\n<p>Agata Ku\u017ami\u0144ska, Pracownia Miejska<\/p>\n<p>Paulina Nowicka, Wydzia\u0142 Strategii i Rozwoju Miasta, Urz\u0105d m.st. Warszawy<\/p>\n<p>Dorota Whitten, Fundacja Dom Pokoju<\/p>\n<p>Maja Zabokrzycka, Fundacja Dom Pokoju<\/p>\n<h4><strong>Termin:<\/strong><\/h4>\n<p>2. dzie\u0144 Forum (6 czerwca, wtorek), godz. 10.45-12.15<\/p>\n<h4><strong>Miejsce:<\/strong><\/h4>\n<p>pi\u0119tro 1, sala K<\/p>\n<h4><strong>Formu\u0142a:\u00a0<\/strong><\/h4>\n<p>wymiana do\u015bwiadcze\u0144 z elementami warsztatu<\/p>\n<h4><strong>Opis:<\/strong><\/h4>\n<p>Coraz wi\u0119cej miast si\u0119ga po partycypacyjne metody tworzenia strategii miejskich. Jak te procesy przebiegaj\u0105? Jakie s\u0105 korzy\u015bci z takiego podej\u015bcia dla magistratu? Jakich b\u0142\u0119d\u00f3w si\u0119 wystrzega\u0107? Jakie narz\u0119dzia sprawdzaj\u0105 si\u0119 najlepiej? Jak realnie zaanga\u017cowa\u0107, a nie tylko konsultowa\u0107?<\/p>\n<p>Om\u00f3wimy procesy anga\u017cowania mieszka\u0144c\u00f3w poprzez dzielenie si\u0119 do\u015bwiadczeniami z prac nad strategi\u0105 &#8222;Kultura Otwarta!&#8221; we Wroc\u0142awiu, strategi\u0105 &#8222;#Warszawa 2030&#8221; oraz uspo\u0142ecznionym foresightem miejskim \u201eKonin 2050\u201d i \u201eLublin 2050\u201d.<\/p>\n<p>Sesj\u0119 otworzy kr\u00f3tki warsztat, w kt\u00f3rym uczestnicy w mniejszych grupach zastanowi\u0105 si\u0119 nad tym, co dla nich oznacza partycypacyjne tworzenie strategii i jakie s\u0105 ich potrzeby zwi\u0105zane z takim procesem. Nast\u0119pnie\u00a0prowadz\u0105ce sesj\u0119 opowiedz\u0105 o swoich do\u015bwiadczeniach, zwracaj\u0105c szczeg\u00f3ln\u0105 uwag\u0119 na te dobre praktyki, kt\u00f3re by\u0142y odpowiedzi\u0105 na\u00a0potrzeby zg\u0142oszone przez uczestnik\u00f3w.<\/p>\n<p>Zapraszamy osoby, kt\u00f3re chcia\u0142yby mie\u0107 wp\u0142yw na polityki miejskie (organizacje pozarz\u0105dowe, dzia\u0142acze\/dzia\u0142aczki), i przedstawicieli samorz\u0105d\u00f3w lokalnych, kt\u00f3rzy chcieliby pozna\u0107 dobre praktyki w zakresie anga\u017cowania mieszka\u0144c\u00f3w.<\/p>\n","protected":false},"excerpt":{"rendered":"<p>Prowadzenie: Agata Ku\u017ami\u0144ska, Pracownia Miejska Paulina Nowicka, Wydzia\u0142 Strategii i Rozwoju Miasta, Urz\u0105d m.st. Warszawy Dorota Whitten, Fundacja Dom Pokoju Maja Zabokrzycka, Fundacja Dom Pokoju Termin: 2. dzie\u0144 Forum (6 czerwca, wtorek), godz. 10.45-12.15 Miejsce: pi\u0119tro 1, sala K Formu\u0142a:\u00a0 wymiana do\u015bwiadcze\u0144 z elementami warsztatu Opis: Coraz wi\u0119cej miast si\u0119ga po partycypacyjne metody tworzenia strategii [&hellip;]<\/p>\n","protected":false},"author":141,"featured_media":0,"parent":0,"menu_order":0,"comment_status":"open","ping_status":"open","template":"template-forum_praktykow.php","meta":[],"_links":{"self":[{"href":"https:\/\/partycypacjaobywatelska.pl\/forum-2017\/wp-json\/wp\/v2\/pages\/774"}],"collection":[{"href":"https:\/\/partycypacjaobywatelska.pl\/forum-2017\/wp-json\/wp\/v2\/pages"}],"about":[{"href":"https:\/\/partycypacjaobywatelska.pl\/forum-2017\/wp-json\/wp\/v2\/types\/page"}],"author":[{"embeddable":true,"href":"https:\/\/partycypacjaobywatelska.pl\/forum-2017\/wp-json\/wp\/v2\/users\/141"}],"replies":[{"embeddable":true,"href":"https:\/\/partycypacjaobywatelska.pl\/forum-2017\/wp-json\/wp\/v2\/comments?post=774"}],"version-history":[{"count":16,"href":"https:\/\/partycypacjaobywatelska.pl\/forum-2017\/wp-json\/wp\/v2\/pages\/774\/revisions"}],"predecessor-version":[{"id":1714,"href":"https:\/\/partycypacjaobywatelska.pl\/forum-2017\/wp-json\/wp\/v2\/pages\/774\/revisions\/1714"}],"wp:attachment":[{"href":"https:\/\/partycypacjaobywatelska.pl\/forum-2017\/wp-json\/wp\/v2\/media?parent=774"}],"curies":[{"name":"wp","href":"https:\/\/api.w.org\/{rel}","templated":true}]}}