{"id":630,"date":"2017-05-09T14:54:12","date_gmt":"2017-05-09T12:54:12","guid":{"rendered":"http:\/\/partycypacjaobywatelska.pl\/forum-2017\/?page_id=630"},"modified":"2017-05-20T14:37:45","modified_gmt":"2017-05-20T12:37:45","slug":"spacer-tematyczny","status":"publish","type":"page","link":"https:\/\/partycypacjaobywatelska.pl\/forum-2017\/spacer-tematyczny\/","title":{"rendered":"Spacer tematyczny po Lublinie \u2013 dzia\u0142ania spo\u0142eczne i rewitalizacyjne w dzielnicy Stare Bronowice i Piaski"},"content":{"rendered":"<h4><strong>Prowadzenie:<\/strong><\/h4>\n<p>Jan Kami\u0144ski, Forum Kultury Przestrzeni, Instytut Architektury Krajobrazu KUL<\/p>\n<h4><strong>Termin:<\/strong><\/h4>\n<p>1. dzie\u0144 Forum (5 czerwca, poniedzia\u0142ek), godz. 20.00-21.30<\/p>\n<h4><strong>Opis:<\/strong><\/h4>\n<p>Zapraszamy na spacer tematyczny po dzielnicach Stare Bronowice i Piaski w Lublinie. S\u0105 to zdegradowane dzielnice miasta, w kt\u00f3rych obecnie trwaj\u0105 liczne interesuj\u0105ce procesy rewitalizacyjne, cz\u0119sto prowadzone oddolnie, g\u0142\u00f3wnie przez instytucje kultury i organizacje pozarz\u0105dowe.<\/p>\n<p>W ramach spaceru odwiedzimy dwa Punkty Kultury przy ulicach: 1. Maja i Skibi\u0144skiej, spotkamy si\u0119 z animatorami punkt\u00f3w, obejrzymy parklet na 1. maja i Most Kultury &#8211; ciekawy przyk\u0142ad animacji wyremontowanego zabytkowego mostu.<\/p>\n<p>Zobaczymy dzia\u0142ania artystyczne, murale i mozaiki, wykonane przy udziale mieszka\u0144c\u00f3w (dzieci z dzielnicy Stare Bronowice)\u00a0oraz artyst\u00f3w i student\u00f3w. Opowiemy o prowadzonych dzia\u0142aniach, sukcesach i\u00a0trudno\u015bciach w dzia\u0142aniu, planach i wizjach. Ze wzgl\u0119du na kr\u00f3tki czas spaceru b\u0119dzie to esencja najciekawszych miejsc i dzia\u0142a\u0144.<\/p>\n<p>Spacer zaczniemy przy wej\u015bciu do Centrum Spotkania Kultur o godzinie 20, nast\u0119pnie przejedziemy trolejbusem do dzielnicy Bronowice.\u00a0Prosz\u0119 o zakupienie biletu ZTM (30-minutowego).<\/p>\n<p>Ze wzgl\u0119d\u00f3w organizacyjnych liczba uczestnik\u00f3w spaceru jest ograniczona do 20 os\u00f3b.<\/p>\n<p><strong>Po spacerze zapraszamy na <a href=\"http:\/\/partycypacjaobywatelska.pl\/forum-2017\/impreza-na-dachu-centrum-spotkania-kultur\/\">imprez\u0119 na dachu Centrum Spotkania Kultur<\/a>!<\/strong><\/p>\n","protected":false},"excerpt":{"rendered":"<p>Prowadzenie: Jan Kami\u0144ski, Forum Kultury Przestrzeni, Instytut Architektury Krajobrazu KUL Termin: 1. dzie\u0144 Forum (5 czerwca, poniedzia\u0142ek), godz. 20.00-21.30 Opis: Zapraszamy na spacer tematyczny po dzielnicach Stare Bronowice i Piaski w Lublinie. S\u0105 to zdegradowane dzielnice miasta, w kt\u00f3rych obecnie trwaj\u0105 liczne interesuj\u0105ce procesy rewitalizacyjne, cz\u0119sto prowadzone oddolnie, g\u0142\u00f3wnie przez instytucje kultury i organizacje pozarz\u0105dowe. [&hellip;]<\/p>\n","protected":false},"author":141,"featured_media":0,"parent":0,"menu_order":0,"comment_status":"open","ping_status":"open","template":"template-forum_praktykow.php","meta":[],"_links":{"self":[{"href":"https:\/\/partycypacjaobywatelska.pl\/forum-2017\/wp-json\/wp\/v2\/pages\/630"}],"collection":[{"href":"https:\/\/partycypacjaobywatelska.pl\/forum-2017\/wp-json\/wp\/v2\/pages"}],"about":[{"href":"https:\/\/partycypacjaobywatelska.pl\/forum-2017\/wp-json\/wp\/v2\/types\/page"}],"author":[{"embeddable":true,"href":"https:\/\/partycypacjaobywatelska.pl\/forum-2017\/wp-json\/wp\/v2\/users\/141"}],"replies":[{"embeddable":true,"href":"https:\/\/partycypacjaobywatelska.pl\/forum-2017\/wp-json\/wp\/v2\/comments?post=630"}],"version-history":[{"count":11,"href":"https:\/\/partycypacjaobywatelska.pl\/forum-2017\/wp-json\/wp\/v2\/pages\/630\/revisions"}],"predecessor-version":[{"id":1308,"href":"https:\/\/partycypacjaobywatelska.pl\/forum-2017\/wp-json\/wp\/v2\/pages\/630\/revisions\/1308"}],"wp:attachment":[{"href":"https:\/\/partycypacjaobywatelska.pl\/forum-2017\/wp-json\/wp\/v2\/media?parent=630"}],"curies":[{"name":"wp","href":"https:\/\/api.w.org\/{rel}","templated":true}]}}