{"id":622,"date":"2017-05-09T14:36:33","date_gmt":"2017-05-09T12:36:33","guid":{"rendered":"http:\/\/partycypacjaobywatelska.pl\/forum-2017\/?page_id=622"},"modified":"2017-05-26T17:18:16","modified_gmt":"2017-05-26T15:18:16","slug":"projektowanie-z-mieszkancami","status":"publish","type":"page","link":"https:\/\/partycypacjaobywatelska.pl\/forum-2017\/projektowanie-z-mieszkancami\/","title":{"rendered":"Projektowanie z mieszka\u0144cami"},"content":{"rendered":"<h4><strong>Prowadzenie:<\/strong><\/h4>\n<p>Agnieszka Sikorska,\u00a0engage warsaw<\/p>\n<h4><strong>Go\u015bcie:<\/strong><\/h4>\n<p>Andrzej Jaworski, JAZ+Architekci<br \/>\nMicha\u0142 Kwasieborski, cooperativa studio, engage warsaw<br \/>\n\u0141ukasz Pancewicz, A2P2 architecture &amp; planning, Wydzia\u0142 Architektury Politechniki Gda\u0144skiej<br \/>\nEwa Stok\u0142uska, Pracownia Bada\u0144 i Innowacji Spo\u0142ecznych \u201eStocznia\u201d<br \/>\nJulian \u017bmijewski,\u00a0JAZ+Architekci<\/p>\n<h4><strong>Miejsce:<\/strong><\/h4>\n<p>pi\u0119tro -1, sala K<\/p>\n<h4><strong>Termin:<\/strong><\/h4>\n<p>2. dzie\u0144 Forum (6 czerwca, wtorek), godz. 12.45-14.15<\/p>\n<h4><strong>Formu\u0142a:\u00a0<\/strong><\/h4>\n<p>wymiana do\u015bwiadcze\u0144<\/p>\n<h4><strong>Opis:<\/strong><\/h4>\n<p>Metoda <em>design thinking<\/em> zdobywa coraz wi\u0119ksz\u0105 popularno\u015b\u0107 i zacz\u0119\u0142a by\u0107 wykorzystywana tak\u017ce w projektowaniu us\u0142ug publicznych oraz w pracy z mieszka\u0144cami. Poniewa\u017c oferuje szereg u\u017cytecznych narz\u0119dzi do pracy i pozwala usystematyzowa\u0107 proces powstawania konkretnych rozwi\u0105za\u0144, z powodzeniem mo\u017cna wykorzystywa\u0107 j\u0105 tak\u017ce w partycypacji.<\/p>\n<p>Projektowanie rozwi\u0105za\u0144 z mieszka\u0144cami to proces, kt\u00f3ry anga\u017cuje ich ju\u017c na etapie diagnozy i okre\u015blania problemu projektowego, a nast\u0119pnie pozwala razem tworzy\u0107 i testowa\u0107 r\u00f3\u017cne mo\u017cliwe rozwi\u0105zania. Dzi\u0119ki temu pozwala na wykorzystanie w du\u017cym stopniu potencja\u0142u pomys\u0142\u00f3w i wiedzy mieszka\u0144c\u00f3w. Nie jest jednak pozbawiony wyzwa\u0144 &#8211; realizuj\u0105c takie projekty, napotykamy r\u00f3\u017cne trudno\u015bci.<\/p>\n<p>W trakcie sesji chcemy podzieli\u0107 si\u0119 naszym do\u015bwiadczeniem oraz\u00a0porozmawia\u0107 o tym, czy i jak tak\u0105 metod\u0119 mo\u017cna wykorzystywa\u0107 w r\u00f3\u017cnych okoliczno\u015bciach.<\/p>\n<p>Sesja podzielona b\u0119dzie na dwie cz\u0119\u015bci. W pierwszej przedstawimy kr\u00f3tko kilka przyk\u0142ad\u00f3w proces\u00f3w projektowych, w kt\u00f3re zaanga\u017cowani byli mieszka\u0144cy (kr\u00f3tkie prezentacje). O procesach opowiedz\u0105 zaproszeni go\u015bcie &#8211; osoby, kt\u00f3re realizowa\u0142y tego typu projekty. Druga cz\u0119\u015b\u0107 sesji przeznaczona b\u0119dzie na zadawanie pyta\u0144 \u2013 b\u0119dzie mo\u017cna dowiedzie\u0107 si\u0119 wi\u0119cej o samym przebiegu proces\u00f3w oraz na dyskusj\u0119 na temat tego, kiedy takie podej\u015bcie do pracy z mieszka\u0144cami sprawdza si\u0119 najlepiej i kiedy warto korzysta\u0107 z metod projektowych.<\/p>\n<p>Sesja skierowana jest do wszystkich os\u00f3b zainteresowanych tym, w jaki spos\u00f3b mo\u017cna anga\u017cowa\u0107 mieszka\u0144c\u00f3w w projektowanie rozwi\u0105za\u0144 dla nich samych.<\/p>\n","protected":false},"excerpt":{"rendered":"<p>Prowadzenie: Agnieszka Sikorska,\u00a0engage warsaw Go\u015bcie: Andrzej Jaworski, JAZ+Architekci Micha\u0142 Kwasieborski, cooperativa studio, engage warsaw \u0141ukasz Pancewicz, A2P2 architecture &amp; planning, Wydzia\u0142 Architektury Politechniki Gda\u0144skiej Ewa Stok\u0142uska, Pracownia Bada\u0144 i Innowacji Spo\u0142ecznych \u201eStocznia\u201d Julian \u017bmijewski,\u00a0JAZ+Architekci Miejsce: pi\u0119tro -1, sala K Termin: 2. dzie\u0144 Forum (6 czerwca, wtorek), godz. 12.45-14.15 Formu\u0142a:\u00a0 wymiana do\u015bwiadcze\u0144 Opis: Metoda design thinking [&hellip;]<\/p>\n","protected":false},"author":141,"featured_media":0,"parent":0,"menu_order":0,"comment_status":"open","ping_status":"open","template":"template-forum_praktykow.php","meta":[],"_links":{"self":[{"href":"https:\/\/partycypacjaobywatelska.pl\/forum-2017\/wp-json\/wp\/v2\/pages\/622"}],"collection":[{"href":"https:\/\/partycypacjaobywatelska.pl\/forum-2017\/wp-json\/wp\/v2\/pages"}],"about":[{"href":"https:\/\/partycypacjaobywatelska.pl\/forum-2017\/wp-json\/wp\/v2\/types\/page"}],"author":[{"embeddable":true,"href":"https:\/\/partycypacjaobywatelska.pl\/forum-2017\/wp-json\/wp\/v2\/users\/141"}],"replies":[{"embeddable":true,"href":"https:\/\/partycypacjaobywatelska.pl\/forum-2017\/wp-json\/wp\/v2\/comments?post=622"}],"version-history":[{"count":15,"href":"https:\/\/partycypacjaobywatelska.pl\/forum-2017\/wp-json\/wp\/v2\/pages\/622\/revisions"}],"predecessor-version":[{"id":1630,"href":"https:\/\/partycypacjaobywatelska.pl\/forum-2017\/wp-json\/wp\/v2\/pages\/622\/revisions\/1630"}],"wp:attachment":[{"href":"https:\/\/partycypacjaobywatelska.pl\/forum-2017\/wp-json\/wp\/v2\/media?parent=622"}],"curies":[{"name":"wp","href":"https:\/\/api.w.org\/{rel}","templated":true}]}}