{"id":613,"date":"2017-05-09T14:26:39","date_gmt":"2017-05-09T12:26:39","guid":{"rendered":"http:\/\/partycypacjaobywatelska.pl\/forum-2017\/?page_id=613"},"modified":"2017-05-26T16:17:38","modified_gmt":"2017-05-26T14:17:38","slug":"metody-prototypowania","status":"publish","type":"page","link":"https:\/\/partycypacjaobywatelska.pl\/forum-2017\/metody-prototypowania\/","title":{"rendered":"Metody prototypowania \u2013 warsztat praktyczny"},"content":{"rendered":"<h4><strong>Prowadzenie:<\/strong><\/h4>\n<p>Micha\u0142 Kocikowski,\u00a0engage warsaw<\/p>\n<p>Micha\u0142 Kwasieborski,\u00a0engage warsaw<\/p>\n<h4><strong>Termin:<\/strong><\/h4>\n<p>1. dzie\u0144 Forum (5 czerwca, poniedzia\u0142ek), godz. 15.30-18.30<\/p>\n<h4><strong>Miejsce:<\/strong><\/h4>\n<p>pi\u0119tro 0, sala J<\/p>\n<h4><strong>Formu\u0142a:<\/strong><\/h4>\n<p>warsztat<\/p>\n<h4><strong>Opis:<\/strong><\/h4>\n<p>Szybkie prototypowanie i testowanie prototyp\u00f3w to jeden z najwa\u017cniejszych element\u00f3w pracy projektowej w metodzie <em>service design <\/em>\/<em> design thinking<\/em>. Polega na wsp\u00f3lnym tworzeniu roboczych wersji wsp\u00f3lnie wypracowywanych rozwi\u0105za\u0144. Prototypy powstaj\u0105 w kr\u00f3tkim czasie i s\u0105 tworzone przez zespo\u0142y pracuj\u0105ce nad danym zagadnieniem.<\/p>\n<p>Prototypowanie jest sposobem na szybkie sprawdzanie koncepcji i pomys\u0142\u00f3w, kt\u00f3re pojawiaj\u0105 si\u0119 w trakcie prac nad r\u00f3\u017cnymi zagadnieniami. Jest tak\u017ce jedn\u0105 z metod wypracowywania pomys\u0142\u00f3w \u015bwietnie sprawdzaj\u0105c\u0105 si\u0119 w pracy grupowej.<\/p>\n<p>Prototypowa\u0107 mo\u017cna r\u00f3\u017cne rzeczy \u2013 elementy przestrzeni i ca\u0142e du\u017ce obszary, elementy komunikacji, aplikacje i strony internetowe, a nawet ca\u0142o\u015bciowy kszta\u0142t okre\u015blonych us\u0142ug publicznych.<\/p>\n<p>Sesja podzielona b\u0119dzie na dwie cz\u0119\u015bci. W pierwszej opowiemy kr\u00f3tko o r\u00f3\u017cnych technikach prototypowania i poka\u017cemy praktyczne przyk\u0142ady, do czego zosta\u0142y wykorzystane. Druga cz\u0119\u015b\u0107 sesji b\u0119dzie przeznaczona na prac\u0119 warsztatow\u0105 uczestnik\u00f3w, kt\u00f3rzy w grupach, przy wsparciu prowadz\u0105cych, opracuj\u0105 prototypy wed\u0142ug r\u00f3\u017cnych technik. Praca warsztatowa b\u0119dzie mia\u0142a na celu prze\u0107wiczenie konkretnych metod, tak aby uczestnicy sami potrafili tworzy\u0107 prototypy na potrzeby swoich dzia\u0142a\u0144 i wykorzystywa\u0107 je w procesach projektowania lub pracy warsztatowej.<\/p>\n<p>Sesja skierowana jest do wszystkich zainteresowanych tym, jak prototypowanie mo\u017cna wykorzystywa\u0107 w partycypacji.<\/p>\n","protected":false},"excerpt":{"rendered":"<p>Prowadzenie: Micha\u0142 Kocikowski,\u00a0engage warsaw Micha\u0142 Kwasieborski,\u00a0engage warsaw Termin: 1. dzie\u0144 Forum (5 czerwca, poniedzia\u0142ek), godz. 15.30-18.30 Miejsce: pi\u0119tro 0, sala J Formu\u0142a: warsztat Opis: Szybkie prototypowanie i testowanie prototyp\u00f3w to jeden z najwa\u017cniejszych element\u00f3w pracy projektowej w metodzie service design \/ design thinking. Polega na wsp\u00f3lnym tworzeniu roboczych wersji wsp\u00f3lnie wypracowywanych rozwi\u0105za\u0144. Prototypy powstaj\u0105 w [&hellip;]<\/p>\n","protected":false},"author":141,"featured_media":0,"parent":0,"menu_order":0,"comment_status":"open","ping_status":"open","template":"template-forum_praktykow.php","meta":[],"_links":{"self":[{"href":"https:\/\/partycypacjaobywatelska.pl\/forum-2017\/wp-json\/wp\/v2\/pages\/613"}],"collection":[{"href":"https:\/\/partycypacjaobywatelska.pl\/forum-2017\/wp-json\/wp\/v2\/pages"}],"about":[{"href":"https:\/\/partycypacjaobywatelska.pl\/forum-2017\/wp-json\/wp\/v2\/types\/page"}],"author":[{"embeddable":true,"href":"https:\/\/partycypacjaobywatelska.pl\/forum-2017\/wp-json\/wp\/v2\/users\/141"}],"replies":[{"embeddable":true,"href":"https:\/\/partycypacjaobywatelska.pl\/forum-2017\/wp-json\/wp\/v2\/comments?post=613"}],"version-history":[{"count":9,"href":"https:\/\/partycypacjaobywatelska.pl\/forum-2017\/wp-json\/wp\/v2\/pages\/613\/revisions"}],"predecessor-version":[{"id":1579,"href":"https:\/\/partycypacjaobywatelska.pl\/forum-2017\/wp-json\/wp\/v2\/pages\/613\/revisions\/1579"}],"wp:attachment":[{"href":"https:\/\/partycypacjaobywatelska.pl\/forum-2017\/wp-json\/wp\/v2\/media?parent=613"}],"curies":[{"name":"wp","href":"https:\/\/api.w.org\/{rel}","templated":true}]}}