{"id":607,"date":"2017-05-09T14:14:41","date_gmt":"2017-05-09T12:14:41","guid":{"rendered":"http:\/\/partycypacjaobywatelska.pl\/forum-2017\/?page_id=607"},"modified":"2017-05-26T16:49:22","modified_gmt":"2017-05-26T14:49:22","slug":"otwarte-miasta","status":"publish","type":"page","link":"https:\/\/partycypacjaobywatelska.pl\/forum-2017\/otwarte-miasta\/","title":{"rendered":"Otwarte miasta? Spo\u0142eczno\u015b\u0107 lokalna na rzecz r\u00f3\u017cnorodno\u015bci"},"content":{"rendered":"<h4><strong>Prowadzenie:<\/strong><\/h4>\n<p>Inga Hajdarowicz,\u00a0Zak\u0142ad Us\u0142ug Miejskich<\/p>\n<h4><strong>Termin:<\/strong><\/h4>\n<p>2. dzie\u0144 Forum (6 czerwca, wtorek), godz. 9.30-10.30<\/p>\n<h4><strong>Miejsce:<\/strong><\/h4>\n<p>pi\u0119tro -1, strefa E<\/p>\n<h4><strong>Formu\u0142a:\u00a0<\/strong><\/h4>\n<p>spotkanie\u00a0\u015bniadaniowe<\/p>\n<h4><strong>Opis:<\/strong><\/h4>\n<p>Na przestrzeni ostatnich miesi\u0119cy wzros\u0142a liczba atak\u00f3w o pod\u0142o\u017cu rasistowskim. Ich ofiarami padaj\u0105 zar\u00f3wno obywatele i obywatelki Polski, jak i osoby odwiedzaj\u0105ce nasz kraj. Mowa nienawi\u015bci u\u017cywana jest \u00a0w przestrzeni publicznej i wirtualnej. Obcokrajowcy do\u015bwiadczaj\u0105 przemocy fizycznej z powodu koloru sk\u00f3ry lub element\u00f3w ubioru sugeruj\u0105cych przynale\u017cno\u015b\u0107 do okre\u015blonej grupy.<\/p>\n<p>Pa\u0144stwo polskie zamkn\u0119\u0142o granice dla uchod\u017ac\u00f3w i uchod\u017aczy\u0144 z Bliskiego Wschodu, jednak co roku przybywaj\u0105 setki os\u00f3b z Czeczenii, Tad\u017cykistanu czy Ukrainy, szukaj\u0105c bezpiecznego schronienia lub szans na lepsze \u017cycie. Mieszkanki i mieszka\u0144cy polskich miast nie pozostaj\u0105 oboj\u0119tni. Dzia\u0142aj\u0105 dziesi\u0105tki organizacji na rzecz r\u00f3\u017cnorodno\u015bci i wielokulturowo\u015bci. W odpowiedzi na kryzys uchod\u017aczy powsta\u0142y oddolne inicjatywy obywatelskie na rzecz otwarcia granic dla os\u00f3b potrzebuj\u0105cych nowego bezpiecznego miejsca do \u017cycia. Po bombardowaniach w Aleppo wiele samorz\u0105d\u00f3w og\u0142osi\u0142o gotowo\u015b\u0107 przyj\u0119cia syryjskich rodzin.<\/p>\n<p>Zapraszamy przedstawicielki i przedstawicieli samorz\u0105d\u00f3w, organizacji pozarz\u0105dowych i inicjatyw nieformalnych na sesj\u0119 wymiany do\u015bwiadcze\u0144. Chcemy stworzy\u0107 przestrze\u0144 na podzielenie si\u0119 dotychczasowymi przedsi\u0119wzi\u0119ciami, inicjatywami i pomys\u0142ami. Postaramy si\u0119 wsp\u00f3lnie odpowiedzie\u0107 na pytania:<\/p>\n<p>&#8211; Jak spo\u0142eczno\u015bci lokalne i samorz\u0105dy powinny odpowiedzie\u0107 na rosn\u0105c\u0105 fal\u0119 nienawi\u015bci i rasizmu?<\/p>\n<p>&#8211; Jak w\u0142\u0105cza\u0107 mieszka\u0144c\u00f3w i mieszkanki miast do dzia\u0142a\u0144 na rzecz r\u00f3\u017cnorodno\u015bci?<\/p>\n<p>&#8211; Jak mo\u017cemy dostosowa\u0107 istniej\u0105ce us\u0142ugi (np. w zakresie edukacji, s\u0142u\u017cby zdrowia, dost\u0119pu do rynku pracy) do potrzeb migrant\u00f3w i migrantek mieszkaj\u0105cych w naszych miastach?<\/p>\n<p>&#8211; Jak w\u0142\u0105czy\u0107 migrantki i migrant\u00f3w do naszych spo\u0142eczno\u015bci lokalnych?<\/p>\n","protected":false},"excerpt":{"rendered":"<p>Prowadzenie: Inga Hajdarowicz,\u00a0Zak\u0142ad Us\u0142ug Miejskich Termin: 2. dzie\u0144 Forum (6 czerwca, wtorek), godz. 9.30-10.30 Miejsce: pi\u0119tro -1, strefa E Formu\u0142a:\u00a0 spotkanie\u00a0\u015bniadaniowe Opis: Na przestrzeni ostatnich miesi\u0119cy wzros\u0142a liczba atak\u00f3w o pod\u0142o\u017cu rasistowskim. Ich ofiarami padaj\u0105 zar\u00f3wno obywatele i obywatelki Polski, jak i osoby odwiedzaj\u0105ce nasz kraj. Mowa nienawi\u015bci u\u017cywana jest \u00a0w przestrzeni publicznej i wirtualnej. [&hellip;]<\/p>\n","protected":false},"author":141,"featured_media":0,"parent":0,"menu_order":0,"comment_status":"open","ping_status":"open","template":"template-forum_praktykow.php","meta":[],"_links":{"self":[{"href":"https:\/\/partycypacjaobywatelska.pl\/forum-2017\/wp-json\/wp\/v2\/pages\/607"}],"collection":[{"href":"https:\/\/partycypacjaobywatelska.pl\/forum-2017\/wp-json\/wp\/v2\/pages"}],"about":[{"href":"https:\/\/partycypacjaobywatelska.pl\/forum-2017\/wp-json\/wp\/v2\/types\/page"}],"author":[{"embeddable":true,"href":"https:\/\/partycypacjaobywatelska.pl\/forum-2017\/wp-json\/wp\/v2\/users\/141"}],"replies":[{"embeddable":true,"href":"https:\/\/partycypacjaobywatelska.pl\/forum-2017\/wp-json\/wp\/v2\/comments?post=607"}],"version-history":[{"count":5,"href":"https:\/\/partycypacjaobywatelska.pl\/forum-2017\/wp-json\/wp\/v2\/pages\/607\/revisions"}],"predecessor-version":[{"id":1593,"href":"https:\/\/partycypacjaobywatelska.pl\/forum-2017\/wp-json\/wp\/v2\/pages\/607\/revisions\/1593"}],"wp:attachment":[{"href":"https:\/\/partycypacjaobywatelska.pl\/forum-2017\/wp-json\/wp\/v2\/media?parent=607"}],"curies":[{"name":"wp","href":"https:\/\/api.w.org\/{rel}","templated":true}]}}