{"id":601,"date":"2017-05-09T14:08:58","date_gmt":"2017-05-09T12:08:58","guid":{"rendered":"http:\/\/partycypacjaobywatelska.pl\/forum-2017\/?page_id=601"},"modified":"2017-05-26T16:53:48","modified_gmt":"2017-05-26T14:53:48","slug":"prototypowanie-urbanistyczne","status":"publish","type":"page","link":"https:\/\/partycypacjaobywatelska.pl\/forum-2017\/prototypowanie-urbanistyczne\/","title":{"rendered":"&#8222;\u017bywa Ulica&#8221; \u2013 prototypowanie urbanistyczne"},"content":{"rendered":"<h4><strong>Prowadzenie:<\/strong><\/h4>\n<p>Magdalena Jochemczyk, Fundacja Napraw Sobie Miasto<\/p>\n<h4><strong>Termin:<\/strong><\/h4>\n<p>2. dzie\u0144 Forum (6 czerwca, wtorek), godz. 9.30-10.30<\/p>\n<h4><strong>Miejsce:<\/strong><\/h4>\n<p>pi\u0119tro -1, sala F<\/p>\n<h4><strong>Formu\u0142a:\u00a0<\/strong><\/h4>\n<p>spotkanie\u00a0\u015bniadaniowe<\/p>\n<h4><strong>Opis:<\/strong><\/h4>\n<p>&#8222;\u017bywa Ulica&#8221; to projekt zainspirowany potrzeb\u0105 znalezienia kompromisu mi\u0119dzy potrzebami pieszych, rowerzyst\u00f3w i kierowc\u00f3w. Dzia\u0142ania trwa\u0142y oko\u0142o p\u00f3\u0142 roku, fina\u0142 odby\u0142 si\u0119 22 kwietnia. Projekt polega\u0142 na stworzeniu tymczasowego prototypu ulic przyjaznych u\u017cytkownikom. Poprzedzony by\u0142 konsultacjami i warsztatami z mieszka\u0144cami. Wa\u017cnym elementem &#8222;\u017bywej Ulicy&#8221; by\u0142o czynne w\u0142\u0105czenie w ca\u0142y proces mieszka\u0144c\u00f3w budynk\u00f3w przy opracowywanych ulicach. Mia\u0142o to na celu zbudowanie spo\u0142eczno\u015bci i poczucia wsp\u00f3\u0142odpowiedzialno\u015bci za przysz\u0142o\u015b\u0107 ulicy. Zar\u00f3wno przed fina\u0142em akcji, jak i w trakcie prowadzone by\u0142y badania socjologiczne i urbanistyczne (w tym badania ruchu).<\/p>\n<p>Podczas sesji b\u0119dzie mo\u017cna zapozna\u0107 si\u0119 z metod\u0105 dzia\u0142a\u0144 oraz z wst\u0119pnymi wnioskami z projektu &#8222;\u017bywa Ulica&#8221;.<\/p>\n","protected":false},"excerpt":{"rendered":"<p>Prowadzenie: Magdalena Jochemczyk, Fundacja Napraw Sobie Miasto Termin: 2. dzie\u0144 Forum (6 czerwca, wtorek), godz. 9.30-10.30 Miejsce: pi\u0119tro -1, sala F Formu\u0142a:\u00a0 spotkanie\u00a0\u015bniadaniowe Opis: &#8222;\u017bywa Ulica&#8221; to projekt zainspirowany potrzeb\u0105 znalezienia kompromisu mi\u0119dzy potrzebami pieszych, rowerzyst\u00f3w i kierowc\u00f3w. Dzia\u0142ania trwa\u0142y oko\u0142o p\u00f3\u0142 roku, fina\u0142 odby\u0142 si\u0119 22 kwietnia. Projekt polega\u0142 na stworzeniu tymczasowego prototypu ulic [&hellip;]<\/p>\n","protected":false},"author":141,"featured_media":0,"parent":0,"menu_order":0,"comment_status":"open","ping_status":"open","template":"template-forum_praktykow.php","meta":[],"_links":{"self":[{"href":"https:\/\/partycypacjaobywatelska.pl\/forum-2017\/wp-json\/wp\/v2\/pages\/601"}],"collection":[{"href":"https:\/\/partycypacjaobywatelska.pl\/forum-2017\/wp-json\/wp\/v2\/pages"}],"about":[{"href":"https:\/\/partycypacjaobywatelska.pl\/forum-2017\/wp-json\/wp\/v2\/types\/page"}],"author":[{"embeddable":true,"href":"https:\/\/partycypacjaobywatelska.pl\/forum-2017\/wp-json\/wp\/v2\/users\/141"}],"replies":[{"embeddable":true,"href":"https:\/\/partycypacjaobywatelska.pl\/forum-2017\/wp-json\/wp\/v2\/comments?post=601"}],"version-history":[{"count":8,"href":"https:\/\/partycypacjaobywatelska.pl\/forum-2017\/wp-json\/wp\/v2\/pages\/601\/revisions"}],"predecessor-version":[{"id":1426,"href":"https:\/\/partycypacjaobywatelska.pl\/forum-2017\/wp-json\/wp\/v2\/pages\/601\/revisions\/1426"}],"wp:attachment":[{"href":"https:\/\/partycypacjaobywatelska.pl\/forum-2017\/wp-json\/wp\/v2\/media?parent=601"}],"curies":[{"name":"wp","href":"https:\/\/api.w.org\/{rel}","templated":true}]}}