{"id":591,"date":"2017-05-09T13:57:38","date_gmt":"2017-05-09T11:57:38","guid":{"rendered":"http:\/\/partycypacjaobywatelska.pl\/forum-2017\/?page_id=591"},"modified":"2017-06-05T08:34:15","modified_gmt":"2017-06-05T06:34:15","slug":"miasto-dla-kobiet","status":"publish","type":"page","link":"https:\/\/partycypacjaobywatelska.pl\/forum-2017\/miasto-dla-kobiet\/","title":{"rendered":"Miasto dla kobiet?"},"content":{"rendered":"<h4><strong>Prowadzenie:<\/strong><\/h4>\n<p>Marta Kurowska, fundacja tu obok<br \/>\nJolanta Prochowicz, Stowarzyszenie Homo Faber<br \/>\nSylwia \u201eNikko\u201d Biernacka, Projekt 440 km po zmian\u0119, Fundacja Machina Fotografika<\/p>\n<h4><strong>Termin:<\/strong><\/h4>\n<p>2. dzie\u0144 Forum (6 czerwca, wtorek), godz. 9.30-10.30<\/p>\n<h4><strong>Miejsce:<\/strong><\/h4>\n<p>pi\u0119tro -1, sala G<\/p>\n<h4><strong>Formu\u0142a:\u00a0<\/strong><\/h4>\n<p>spotkanie\u00a0\u015bniadaniowe<\/p>\n<h4><strong>Opis:<\/strong><\/h4>\n<p>Kobiety i m\u0119\u017cczy\u017ani korzystaj\u0105 z przestrzeni wsp\u00f3lnej w r\u00f3\u017cny spos\u00f3b i maj\u0105 r\u00f3\u017cny wp\u0142yw na jej kszta\u0142t. Przestrze\u0144 wsp\u00f3ln\u0105 rozumiemy\u00a0i w sensie fizycznym, jako place czy ulice, i w sensie spo\u0142ecznym.<\/p>\n<p>Nasze miasta, kt\u00f3re ros\u0142y wraz z potrzebami mieszka\u0144c\u00f3w, pokazuj\u0105 wyra\u017anie, \u017ce oczekiwania kobiet nie zawsze by\u0142y brane pod uwag\u0119. Dzisiejsze wyzwania rozwojowe polskich miast wymagaj\u0105 harmonijnego w\u0142\u0105czania potrzeb i oczekiwa\u0144 zar\u00f3wno mieszka\u0144c\u00f3w, jak i mieszkanek.<\/p>\n<p>Zaczniemy sesj\u0119 od przywo\u0142ania przyk\u0142ad\u00f3w dobrych i z\u0142ych praktyk szeroko rozumianego miasta dla kobiet. Poka\u017cemy przestrze\u0144 przyjazn\u0105 kobietom na placach i ulicach, ale te\u017c w politykach miejskich i w bie\u017c\u0105cym funkcjonowaniu miasta.<\/p>\n<p>W dyskusji wsp\u00f3lnie poszukamy sposob\u00f3w w\u0142\u0105czania kobiet w proces podejmowania decyzji, kt\u00f3re ich dotycz\u0105. Tak aby nasze miasta by\u0142y przyjazne dla kobiet.<\/p>\n","protected":false},"excerpt":{"rendered":"<p>Prowadzenie: Marta Kurowska, fundacja tu obok Jolanta Prochowicz, Stowarzyszenie Homo Faber Sylwia \u201eNikko\u201d Biernacka, Projekt 440 km po zmian\u0119, Fundacja Machina Fotografika Termin: 2. dzie\u0144 Forum (6 czerwca, wtorek), godz. 9.30-10.30 Miejsce: pi\u0119tro -1, sala G Formu\u0142a:\u00a0 spotkanie\u00a0\u015bniadaniowe Opis: Kobiety i m\u0119\u017cczy\u017ani korzystaj\u0105 z przestrzeni wsp\u00f3lnej w r\u00f3\u017cny spos\u00f3b i maj\u0105 r\u00f3\u017cny wp\u0142yw na jej [&hellip;]<\/p>\n","protected":false},"author":141,"featured_media":0,"parent":0,"menu_order":0,"comment_status":"open","ping_status":"open","template":"template-forum_praktykow.php","meta":[],"_links":{"self":[{"href":"https:\/\/partycypacjaobywatelska.pl\/forum-2017\/wp-json\/wp\/v2\/pages\/591"}],"collection":[{"href":"https:\/\/partycypacjaobywatelska.pl\/forum-2017\/wp-json\/wp\/v2\/pages"}],"about":[{"href":"https:\/\/partycypacjaobywatelska.pl\/forum-2017\/wp-json\/wp\/v2\/types\/page"}],"author":[{"embeddable":true,"href":"https:\/\/partycypacjaobywatelska.pl\/forum-2017\/wp-json\/wp\/v2\/users\/141"}],"replies":[{"embeddable":true,"href":"https:\/\/partycypacjaobywatelska.pl\/forum-2017\/wp-json\/wp\/v2\/comments?post=591"}],"version-history":[{"count":8,"href":"https:\/\/partycypacjaobywatelska.pl\/forum-2017\/wp-json\/wp\/v2\/pages\/591\/revisions"}],"predecessor-version":[{"id":1718,"href":"https:\/\/partycypacjaobywatelska.pl\/forum-2017\/wp-json\/wp\/v2\/pages\/591\/revisions\/1718"}],"wp:attachment":[{"href":"https:\/\/partycypacjaobywatelska.pl\/forum-2017\/wp-json\/wp\/v2\/media?parent=591"}],"curies":[{"name":"wp","href":"https:\/\/api.w.org\/{rel}","templated":true}]}}