{"id":577,"date":"2017-05-09T13:28:22","date_gmt":"2017-05-09T11:28:22","guid":{"rendered":"http:\/\/partycypacjaobywatelska.pl\/forum-2017\/?page_id=577"},"modified":"2017-05-26T17:16:46","modified_gmt":"2017-05-26T15:16:46","slug":"odwazni-w-rysowaniu","status":"publish","type":"page","link":"https:\/\/partycypacjaobywatelska.pl\/forum-2017\/odwazni-w-rysowaniu\/","title":{"rendered":"Odwa\u017cni w rysowaniu, czyli facylitacja graficzna w praktyce. Po co? Dla kogo? Dlaczego? Kiedy? Jak?"},"content":{"rendered":"<h4><strong>Prowadzenie:<\/strong><\/h4>\n<p>Dorota Kostowska, facylitatorka graficzna, dorotakostowska.pl<\/p>\n<h4><strong>Termin:<\/strong><\/h4>\n<p>2. dzie\u0144 Forum (6 czerwca, wtorek), godz. 12.45-14.15<\/p>\n<h4><strong>Miejsce:<\/strong><\/h4>\n<p>pi\u0119tro 0, sala J<\/p>\n<h4><strong>Formu\u0142a:<\/strong><\/h4>\n<p>warsztat<\/p>\n<h4><strong>Opis:<\/strong><\/h4>\n<p>Organizujesz konsultacje, spotkanie, dyskusj\u0119? Chcesz, aby osoby w nich uczestnicz\u0105ce \u0142atwiej koncentrowa\u0142y si\u0119 na temacie i celu? Chcesz, aby efekt spotkania by\u0142 dla wszystkich widoczny i bardziej zrozumia\u0142y? A mo\u017ce chcesz, aby to uczestnicy w przejrzysty i czytelny spos\u00f3b wypowiedzieli swoje zdanie? Zainteresuj si\u0119\u00a0facylitacj\u0105 graficzn\u0105, czyli takim organizowaniem dyskusji i spotka\u0144, w kt\u00f3rym obraz jest r\u00f3wnie wa\u017cny jak s\u0142owo, a przebieg dyskusji mo\u017cna \u0142atwo odtworzy\u0107 dzi\u0119ki zapisowi graficznemu.<\/p>\n<p>Zapraszam na szybk\u0105 sesj\u0119 szybkiego rysowania. Wsp\u00f3lnie zastanowimy si\u0119:<\/p>\n<p>&#8211; po co rysowa\u0107?<\/p>\n<p>&#8211; kto z tego wynosi najwi\u0119cej korzy\u015bci?<\/p>\n<p>&#8211; dlaczego jeste\u015bmy raczej na nie, cho\u0107 mo\u017ce warto by\u0107 raczej na tak? (czyli o odwadze i wewn\u0119trznym krytyku s\u0142\u00f3w kilka)<\/p>\n<p>&#8211; kiedy techniki wizualne najlepiej wspieraj\u0105 grup\u0119?<\/p>\n<p>&#8211; jak zacz\u0105\u0107?<\/p>\n<p>Sesja jest dla ka\u017cdego, kto bazgrze na flipcharcie i twierdzi, \u017ce nie umie rysowa\u0107. Sesja przyda si\u0119 ka\u017cdej osobie, kt\u00f3ra prowadzi lub chce w aktywny spos\u00f3b prowadzi\u0107 spotkania. Najwa\u017cniejszym z za\u0142o\u017ce\u0144 jest to, \u017ce nie chodzi o zdobycie dyplomu ASP, ale przede wszystkim o sprawniejsz\u0105 komunikacj\u0119 z uczestnikami naszych spotka\u0144, jeszcze efektywniejsze przekazywanie my\u015bli, podsumowywanie i wspieranie grup w dochodzeniu do zakontraktowanych cel\u00f3w. W tym wszystkim pomaga opanowanie podstaw szybkiego rysowania i znalezienie w\u0142asnego stylu.<\/p>\n<p>Z sesji KA\u017bDY ODWA\u017bNY I KA\u017bDA ODWA\u017bNA wyjdzie z projektem w\u0142asnego komunikatu na flipcharcie.<\/p>\n","protected":false},"excerpt":{"rendered":"<p>Prowadzenie: Dorota Kostowska, facylitatorka graficzna, dorotakostowska.pl Termin: 2. dzie\u0144 Forum (6 czerwca, wtorek), godz. 12.45-14.15 Miejsce: pi\u0119tro 0, sala J Formu\u0142a: warsztat Opis: Organizujesz konsultacje, spotkanie, dyskusj\u0119? Chcesz, aby osoby w nich uczestnicz\u0105ce \u0142atwiej koncentrowa\u0142y si\u0119 na temacie i celu? Chcesz, aby efekt spotkania by\u0142 dla wszystkich widoczny i bardziej zrozumia\u0142y? A mo\u017ce chcesz, aby [&hellip;]<\/p>\n","protected":false},"author":141,"featured_media":0,"parent":0,"menu_order":0,"comment_status":"open","ping_status":"open","template":"template-forum_praktykow.php","meta":[],"_links":{"self":[{"href":"https:\/\/partycypacjaobywatelska.pl\/forum-2017\/wp-json\/wp\/v2\/pages\/577"}],"collection":[{"href":"https:\/\/partycypacjaobywatelska.pl\/forum-2017\/wp-json\/wp\/v2\/pages"}],"about":[{"href":"https:\/\/partycypacjaobywatelska.pl\/forum-2017\/wp-json\/wp\/v2\/types\/page"}],"author":[{"embeddable":true,"href":"https:\/\/partycypacjaobywatelska.pl\/forum-2017\/wp-json\/wp\/v2\/users\/141"}],"replies":[{"embeddable":true,"href":"https:\/\/partycypacjaobywatelska.pl\/forum-2017\/wp-json\/wp\/v2\/comments?post=577"}],"version-history":[{"count":9,"href":"https:\/\/partycypacjaobywatelska.pl\/forum-2017\/wp-json\/wp\/v2\/pages\/577\/revisions"}],"predecessor-version":[{"id":1623,"href":"https:\/\/partycypacjaobywatelska.pl\/forum-2017\/wp-json\/wp\/v2\/pages\/577\/revisions\/1623"}],"wp:attachment":[{"href":"https:\/\/partycypacjaobywatelska.pl\/forum-2017\/wp-json\/wp\/v2\/media?parent=577"}],"curies":[{"name":"wp","href":"https:\/\/api.w.org\/{rel}","templated":true}]}}