{"id":568,"date":"2017-05-09T12:48:19","date_gmt":"2017-05-09T10:48:19","guid":{"rendered":"http:\/\/partycypacjaobywatelska.pl\/forum-2017\/?page_id=568"},"modified":"2017-05-26T17:17:26","modified_gmt":"2017-05-26T15:17:26","slug":"dziedzictwo-kulturowe","status":"publish","type":"page","link":"https:\/\/partycypacjaobywatelska.pl\/forum-2017\/dziedzictwo-kulturowe\/","title":{"rendered":"Partycypacja w dziedzictwie kulturowym"},"content":{"rendered":"<h4><strong>Prowadzenie:<\/strong><\/h4>\n<p>Magdalena Jochemczyk,\u00a0Fundacja Napraw Sobie Miasto<\/p>\n<p>Anna Syska,\u00a0Fundacja Napraw Sobie Miasto<\/p>\n<p><strong>Termin:<\/strong><\/p>\n<p>2. dzie\u0144 Forum (6 czerwca, wtorek), godz. 12.45-14.15<\/p>\n<h4><strong>Miejsce:<\/strong><\/h4>\n<p>pi\u0119tro -1, sala H<\/p>\n<p><strong>Formu\u0142a:<\/strong><\/p>\n<p>warsztat<\/p>\n<h4><strong>Opis:<\/strong><\/h4>\n<p>Obecnie system ochrony zabytk\u00f3w jest zbiorem nakaz\u00f3w, zakaz\u00f3w i dopuszcze\u0144. W\u0142a\u015bciciel zabytku lub mieszkaniec historycznego miasta nie jest traktowany partnersko ani\u00a0przez urz\u0119dy ochrony zabytk\u00f3w, ani przez\u00a0urz\u0119dy miast i gmin. Procedury s\u0105 niezrozumia\u0142e, a wiedza na temat warto\u015bci zabytk\u00f3w, roli ich ochrony oraz dziedzictwa kulturowego &#8211;\u00a0bardzo niewielka. Ponadto ochrona zabytk\u00f3w nie jest powszechnym elementem debaty publicznej, st\u0105d te\u017c brak kontroli spo\u0142ecznej nad poczynaniami np. inwestor\u00f3w, w\u0142a\u015bcicieli zabytk\u00f3w, mieszka\u0144c\u00f3w. Brak dialogu, przejrzysto\u015bci, obustronnego zaufania doprowadza do utraty wielu cennych obiekt\u00f3w i historycznego charakteru wielu miast i miasteczek.<\/p>\n<p>Chcemy zaprosi\u0107 na warsztaty osoby z r\u00f3\u017cnych \u015brodowisk, m.in. przedstawicieli miast, gmin, urz\u0119du ochrony zabytk\u00f3w, miejskich konserwator\u00f3w, spo\u0142ecznych obro\u0144c\u00f3w, w\u0142a\u015bcicieli i u\u017cytkownik\u00f3w zabytk\u00f3w. Zdajemy sobie spraw\u0119, \u017ce ochrona dziedzictwa i jego warto\u015bciowanie to temat niezwykle ekspercki, znany bardzo w\u0105skiej grupie os\u00f3b, zar\u00f3wno pod wzgl\u0119dem teoretycznym, jak i wykonawczym. Chcemy zdj\u0105\u0107 z tego tematu \u0142atk\u0119 elitarno\u015bci i sprawi\u0107, \u017ce b\u0119dzie to temat bardziej dost\u0119pny dla ludzi. Proponujemy form\u0119 warsztat\u00f3w, by wsp\u00f3lnie z osobami patrz\u0105cymi na zabytki z r\u00f3\u017cnej perspektywy spr\u00f3bowa\u0107 odpowiedzie\u0107 na nast\u0119puj\u0105ce pytania:<\/p>\n<p>&#8211; Jak w\u0142\u0105czy\u0107 ludzi w procesy ochrony dziedzictwa, by sami stali na jego stra\u017cy?<\/p>\n<p>&#8211; Jak zacz\u0105\u0107 m\u00f3wi\u0107 nie tylko o dziedzictwie, lecz tak\u017ce o dziedzicz\u0105cych?<\/p>\n<p>&#8211; Czy partycypacja w ochronie zabytk\u00f3w oraz opiece nad zabytkami jest w og\u00f3le mo\u017cliwa i gdzie jest na ni\u0105 miejsce?<\/p>\n","protected":false},"excerpt":{"rendered":"<p>Prowadzenie: Magdalena Jochemczyk,\u00a0Fundacja Napraw Sobie Miasto Anna Syska,\u00a0Fundacja Napraw Sobie Miasto Termin: 2. dzie\u0144 Forum (6 czerwca, wtorek), godz. 12.45-14.15 Miejsce: pi\u0119tro -1, sala H Formu\u0142a: warsztat Opis: Obecnie system ochrony zabytk\u00f3w jest zbiorem nakaz\u00f3w, zakaz\u00f3w i dopuszcze\u0144. W\u0142a\u015bciciel zabytku lub mieszkaniec historycznego miasta nie jest traktowany partnersko ani\u00a0przez urz\u0119dy ochrony zabytk\u00f3w, ani przez\u00a0urz\u0119dy miast [&hellip;]<\/p>\n","protected":false},"author":141,"featured_media":0,"parent":0,"menu_order":0,"comment_status":"open","ping_status":"open","template":"template-forum_praktykow.php","meta":[],"_links":{"self":[{"href":"https:\/\/partycypacjaobywatelska.pl\/forum-2017\/wp-json\/wp\/v2\/pages\/568"}],"collection":[{"href":"https:\/\/partycypacjaobywatelska.pl\/forum-2017\/wp-json\/wp\/v2\/pages"}],"about":[{"href":"https:\/\/partycypacjaobywatelska.pl\/forum-2017\/wp-json\/wp\/v2\/types\/page"}],"author":[{"embeddable":true,"href":"https:\/\/partycypacjaobywatelska.pl\/forum-2017\/wp-json\/wp\/v2\/users\/141"}],"replies":[{"embeddable":true,"href":"https:\/\/partycypacjaobywatelska.pl\/forum-2017\/wp-json\/wp\/v2\/comments?post=568"}],"version-history":[{"count":9,"href":"https:\/\/partycypacjaobywatelska.pl\/forum-2017\/wp-json\/wp\/v2\/pages\/568\/revisions"}],"predecessor-version":[{"id":1626,"href":"https:\/\/partycypacjaobywatelska.pl\/forum-2017\/wp-json\/wp\/v2\/pages\/568\/revisions\/1626"}],"wp:attachment":[{"href":"https:\/\/partycypacjaobywatelska.pl\/forum-2017\/wp-json\/wp\/v2\/media?parent=568"}],"curies":[{"name":"wp","href":"https:\/\/api.w.org\/{rel}","templated":true}]}}