{"id":557,"date":"2017-05-09T12:34:39","date_gmt":"2017-05-09T10:34:39","guid":{"rendered":"http:\/\/partycypacjaobywatelska.pl\/forum-2017\/?page_id=557"},"modified":"2017-05-26T16:17:08","modified_gmt":"2017-05-26T14:17:08","slug":"jak-budowac-dialog","status":"publish","type":"page","link":"https:\/\/partycypacjaobywatelska.pl\/forum-2017\/jak-budowac-dialog\/","title":{"rendered":"Jak budowa\u0107 dialog? Podstawy porozumienia bez przemocy (NVC)"},"content":{"rendered":"<h4><strong>Prowadzenie:<\/strong><\/h4>\n<p>Izabela Meyza, niezale\u017cna trenerka<\/p>\n<h4><strong>Termin:<\/strong><\/h4>\n<p>1. dzie\u0144 Forum (5 czerwca, poniedzia\u0142ek), godz. 15.30-18.30<\/p>\n<h4><strong>Miejsce:<\/strong><\/h4>\n<p>pi\u0119tro -1, sala I<\/p>\n<h4><strong>Formu\u0142a:<\/strong><\/h4>\n<p>warsztat<\/p>\n<h4><strong>Opis:<\/strong><\/h4>\n<p>Jak prowadzi\u0107 dialog z osobami, kt\u00f3re maj\u0105 inn\u0105 perspektyw\u0119 albo\u00a0odmienne pogl\u0105dy? Czy \u017ceby porozumie\u0107 si\u0119 z kim\u015b, musisz rezygnowa\u0107 z siebie? Wreszcie \u2013\u00a0jak us\u0142ysze\u0107 drug\u0105 osob\u0119, kiedy emocje bior\u0105 g\u00f3r\u0119?<\/p>\n<p>Na warsztacie poznasz podstawy Porozumienia bez Przemocy (<em>Non-Violent Communication<\/em> \u2013 NVC) \u2013 metody komunikacji szczeg\u00f3lnie przydatnej w pracy facylitator\u00f3w, mediator\u00f3w, trener\u00f3w, a tak\u017ce os\u00f3b zarz\u0105dzaj\u0105cych prac\u0105 zespo\u0142\u00f3w. B\u0119dziesz te\u017c mia\u0142\/mia\u0142a\u00a0mo\u017cliwo\u015b\u0107 popracowania nad sytuacjami ze swojej praktyki.<\/p>\n<p>W sesji mo\u017ce wzi\u0105\u0107 udzia\u0142 maksymalnie 20 os\u00f3b. Znajomo\u015b\u0107 NVC nie jest konieczna.<\/p>\n","protected":false},"excerpt":{"rendered":"<p>Prowadzenie: Izabela Meyza, niezale\u017cna trenerka Termin: 1. dzie\u0144 Forum (5 czerwca, poniedzia\u0142ek), godz. 15.30-18.30 Miejsce: pi\u0119tro -1, sala I Formu\u0142a: warsztat Opis: Jak prowadzi\u0107 dialog z osobami, kt\u00f3re maj\u0105 inn\u0105 perspektyw\u0119 albo\u00a0odmienne pogl\u0105dy? Czy \u017ceby porozumie\u0107 si\u0119 z kim\u015b, musisz rezygnowa\u0107 z siebie? Wreszcie \u2013\u00a0jak us\u0142ysze\u0107 drug\u0105 osob\u0119, kiedy emocje bior\u0105 g\u00f3r\u0119? Na warsztacie poznasz [&hellip;]<\/p>\n","protected":false},"author":141,"featured_media":0,"parent":0,"menu_order":0,"comment_status":"open","ping_status":"open","template":"template-forum_praktykow.php","meta":[],"_links":{"self":[{"href":"https:\/\/partycypacjaobywatelska.pl\/forum-2017\/wp-json\/wp\/v2\/pages\/557"}],"collection":[{"href":"https:\/\/partycypacjaobywatelska.pl\/forum-2017\/wp-json\/wp\/v2\/pages"}],"about":[{"href":"https:\/\/partycypacjaobywatelska.pl\/forum-2017\/wp-json\/wp\/v2\/types\/page"}],"author":[{"embeddable":true,"href":"https:\/\/partycypacjaobywatelska.pl\/forum-2017\/wp-json\/wp\/v2\/users\/141"}],"replies":[{"embeddable":true,"href":"https:\/\/partycypacjaobywatelska.pl\/forum-2017\/wp-json\/wp\/v2\/comments?post=557"}],"version-history":[{"count":9,"href":"https:\/\/partycypacjaobywatelska.pl\/forum-2017\/wp-json\/wp\/v2\/pages\/557\/revisions"}],"predecessor-version":[{"id":1577,"href":"https:\/\/partycypacjaobywatelska.pl\/forum-2017\/wp-json\/wp\/v2\/pages\/557\/revisions\/1577"}],"wp:attachment":[{"href":"https:\/\/partycypacjaobywatelska.pl\/forum-2017\/wp-json\/wp\/v2\/media?parent=557"}],"curies":[{"name":"wp","href":"https:\/\/api.w.org\/{rel}","templated":true}]}}